{"id":2098,"date":"2017-07-18T17:53:25","date_gmt":"2017-07-18T15:53:25","guid":{"rendered":"http:\/\/gebhardt-devel.wp1.visual4.com\/?page_id=2098\/"},"modified":"2017-07-28T13:08:54","modified_gmt":"2017-07-28T11:08:54","slug":"bungee-trampoline","status":"publish","type":"page","link":"https:\/\/freizeit-technik.de\/en\/bungee-trampoline\/","title":{"rendered":"Bungee Trampoline"},"content":{"rendered":"<p>Was it intuition or presumption? Probably a mixture of both.<\/p>\n<p>Decades ago generally regarded as a &#8220;trend&#8221; our large bungee trampoline facility<\/p>\n<p>Vor Jahrzehnten noch allgemein als \u201eTrend\u201c bezeichnet, erhielt unsere gro\u00dfe Bungee-Trampolinanlage bereits im ersten Produktionsjahr die Bezeichnung \u201e4tramp classic\u201c.<\/p>\n<p>Warum sollte denn die Freude an einem physikalisch an sich unm\u00f6glichen und intensiv erlebten Bewegungsablauf irgendwann einmal nachlassen?<\/p>\n<p>Unsere Bungee-Trampolinanlagen wurden zum nachhaltigen, weltweiten Erfolg. Und noch heute ist eine Bungee-Trampolinanlage aus unserer Produktion am richtigen Standort eine \u00fcberschaubare Investition mit hervorragenden Umsatzaussichten.<\/p>\n<p>Wir bieten, ob mobil oder station\u00e4r, f\u00fcr jeden Standort eine optimale L\u00f6sung.<\/p>\n","protected":false},"excerpt":{"rendered":"<p>Was it intuition or presumption? Probably a mixture of both. Decades ago generally regarded as a &#8220;trend&#8221; our large bungee trampoline facility Vor Jahrzehnten noch allgemein als \u201eTrend\u201c bezeichnet, erhielt unsere gro\u00dfe Bungee-Trampolinanlage bereits im ersten Produktionsjahr die Bezeichnung \u201e4tramp classic\u201c. Warum sollte denn die Freude an einem physikalisch an sich unm\u00f6glichen und intensiv erlebten [&hellip;]<\/p>\n","protected":false},"author":16,"featured_media":0,"parent":0,"menu_order":0,"comment_status":"closed","ping_status":"closed","template":"template-overview.php","meta":{"_acf_changed":false,"footnotes":""},"class_list":["post-2098","page","type-page","status-publish","hentry"],"acf":[],"_links":{"self":[{"href":"https:\/\/freizeit-technik.de\/en\/wp-json\/wp\/v2\/pages\/2098","targetHints":{"allow":["GET"]}}],"collection":[{"href":"https:\/\/freizeit-technik.de\/en\/wp-json\/wp\/v2\/pages"}],"about":[{"href":"https:\/\/freizeit-technik.de\/en\/wp-json\/wp\/v2\/types\/page"}],"author":[{"embeddable":true,"href":"https:\/\/freizeit-technik.de\/en\/wp-json\/wp\/v2\/users\/16"}],"replies":[{"embeddable":true,"href":"https:\/\/freizeit-technik.de\/en\/wp-json\/wp\/v2\/comments?post=2098"}],"version-history":[{"count":2,"href":"https:\/\/freizeit-technik.de\/en\/wp-json\/wp\/v2\/pages\/2098\/revisions"}],"predecessor-version":[{"id":2414,"href":"https:\/\/freizeit-technik.de\/en\/wp-json\/wp\/v2\/pages\/2098\/revisions\/2414"}],"wp:attachment":[{"href":"https:\/\/freizeit-technik.de\/en\/wp-json\/wp\/v2\/media?parent=2098"}],"curies":[{"name":"wp","href":"https:\/\/api.w.org\/{rel}","templated":true}]}}