{"id":5544,"date":"2025-03-06T13:44:18","date_gmt":"2025-03-06T12:44:18","guid":{"rendered":"https:\/\/freizeit-technik.de\/bungee-trampoline-equipment\/"},"modified":"2025-03-06T13:47:28","modified_gmt":"2025-03-06T12:47:28","slug":"bungee-trampoline-equipment","status":"publish","type":"page","link":"https:\/\/freizeit-technik.de\/en\/bungee-trampoline-equipment\/","title":{"rendered":"Bungee Trampoline Accessories"},"content":{"rendered":"\n<p>Wir liefern Zubeh\u00f6r- und Ersatzteile f\u00fcr alle gewerblich betriebenen Bungee-Trampolinanlagen. <br\/>Neben zahlreichen Markenartikeln f\u00fchren wir auch eigene Produktserien, die Sie nur bei uns finden.\u00a0<br\/>Mit einer konkurrenzlosen Angebotsbreite bei Gummiseilen und Sprunggurten bekommen Sie bei uns genau das, was Sie brauchen.\u00a0<\/p>\n\n<p>Mechanische Ersatzteile erhalten Sie f\u00fcr unsere Bungee-Trampolinanlagen, sowie f\u00fcr \u201eBungy-Trampoline 4in1\u201c der historischen Marken \u201eEurobungy\u201c und \u201eFunvision\u201c\u00a0<strong><u><a href=\"https:\/\/freizeit-technik.de\/en\/contact\/\" data-type=\"page\" data-id=\"116\">auf Anfrage<\/a><\/u><\/strong>.\u00a0<\/p>\n\n<p><\/p>\n\n<p><\/p>\n\n<p><\/p>\n","protected":false},"excerpt":{"rendered":"<p>Wir liefern Zubeh\u00f6r- und Ersatzteile f\u00fcr alle gewerblich betriebenen Bungee-Trampolinanlagen. Neben zahlreichen Markenartikeln f\u00fchren wir auch eigene Produktserien, die Sie nur bei uns finden.\u00a0Mit einer konkurrenzlosen Angebotsbreite bei Gummiseilen und Sprunggurten bekommen Sie bei uns genau das, was Sie brauchen.\u00a0 Mechanische Ersatzteile erhalten Sie f\u00fcr unsere Bungee-Trampolinanlagen, sowie f\u00fcr \u201eBungy-Trampoline 4in1\u201c der historischen Marken \u201eEurobungy\u201c [&hellip;]<\/p>\n","protected":false},"author":16,"featured_media":0,"parent":0,"menu_order":0,"comment_status":"closed","ping_status":"closed","template":"template-overview.php","meta":{"_acf_changed":false,"footnotes":""},"class_list":["post-5544","page","type-page","status-publish","hentry"],"acf":[],"_links":{"self":[{"href":"https:\/\/freizeit-technik.de\/en\/wp-json\/wp\/v2\/pages\/5544","targetHints":{"allow":["GET"]}}],"collection":[{"href":"https:\/\/freizeit-technik.de\/en\/wp-json\/wp\/v2\/pages"}],"about":[{"href":"https:\/\/freizeit-technik.de\/en\/wp-json\/wp\/v2\/types\/page"}],"author":[{"embeddable":true,"href":"https:\/\/freizeit-technik.de\/en\/wp-json\/wp\/v2\/users\/16"}],"replies":[{"embeddable":true,"href":"https:\/\/freizeit-technik.de\/en\/wp-json\/wp\/v2\/comments?post=5544"}],"version-history":[{"count":3,"href":"https:\/\/freizeit-technik.de\/en\/wp-json\/wp\/v2\/pages\/5544\/revisions"}],"predecessor-version":[{"id":5547,"href":"https:\/\/freizeit-technik.de\/en\/wp-json\/wp\/v2\/pages\/5544\/revisions\/5547"}],"wp:attachment":[{"href":"https:\/\/freizeit-technik.de\/en\/wp-json\/wp\/v2\/media?parent=5544"}],"curies":[{"name":"wp","href":"https:\/\/api.w.org\/{rel}","templated":true}]}}