{"id":5548,"date":"2025-03-06T13:50:59","date_gmt":"2025-03-06T12:50:59","guid":{"rendered":"https:\/\/freizeit-technik.de\/trampoline-parc-accessories\/"},"modified":"2025-03-06T13:51:27","modified_gmt":"2025-03-06T12:51:27","slug":"trampoline-parc-accessories","status":"publish","type":"page","link":"https:\/\/freizeit-technik.de\/en\/trampoline-parc-accessories\/","title":{"rendered":"Trampoline Parc Accessories"},"content":{"rendered":"\n<h3 class=\"wp-block-heading\">Wir liefern Zubeh\u00f6r und Ersatzteile f\u00fcr alle <br\/>gewerblich betriebenen Trampolinparks und Trampolinanlagen.<\/h3>\n\n<p>Unsere besondere St\u00e4rke ist die Herstellung von <strong>Trampolinsprungt\u00fcchern auf Ma\u00df<\/strong> \u2013 in einer gro\u00dfen Vielfalt und genau passend f\u00fcr Ihren Anwendungsbereich.<\/p>\n\n<p>F\u00fcr einen perfekten Sitz Ihres neuen <strong>Sprungtuches<\/strong> sind nur wenige Abkl\u00e4rungen n\u00f6tig. <br\/>Kontaktieren Sie uns bei Interesse bitte\u00a0<strong><a href=\"https:\/\/freizeit-technik.de\/en\/contact\/\" data-type=\"page\" data-id=\"116\">direkt<\/a><\/strong>.<\/p>\n\n<p>Dar\u00fcber hinaus f\u00fchren wir ein breites Sortiment an robusten <strong>Trampolinfedern<\/strong> in den unterschiedlichsten Ma\u00dfen.<\/p>\n\n<p>Gr\u00f6\u00dfter Beliebtheit erfreuen sich unsere speziellen <strong>Cubes<\/strong>, die einzeln gefertigt in einer au\u00dfergew\u00f6hnlichen Qualit\u00e4t f\u00fcr langanhaltende Freude sorgen und dem Betreiber erheblichen Reinigungsaufwand ersparen.\u00a0<\/p>\n\n<p>Browse our web store for universal solutions and small parts. <\/p>\n\n<p>Sollten Sie nicht f\u00fcndig werden,\u00a0<strong><a href=\"https:\/\/freizeit-technik.de\/en\/contact\/\" data-type=\"page\" data-id=\"116\">kontaktieren Sie uns gerne<\/a><\/strong>.<\/p>\n\n<div class=\"wp-block-columns is-layout-flex wp-container-core-columns-is-layout-28f84493 wp-block-columns-is-layout-flex\">\n<div class=\"wp-block-column is-layout-flow wp-block-column-is-layout-flow\"><div class=\"wp-block-image\">\n<figure class=\"alignleft size-full\"><img loading=\"lazy\" decoding=\"async\" width=\"600\" height=\"600\" src=\"https:\/\/freizeit-technik.de\/wp-content\/uploads\/2025\/02\/trampolinanlagen__sprungtuch_1.jpg\" alt=\"Jumping Mats\" class=\"wp-image-5398\" srcset=\"https:\/\/freizeit-technik.de\/wp-content\/uploads\/2025\/02\/trampolinanlagen__sprungtuch_1.jpg 600w, https:\/\/freizeit-technik.de\/wp-content\/uploads\/2025\/02\/trampolinanlagen__sprungtuch_1-300x300.jpg 300w, https:\/\/freizeit-technik.de\/wp-content\/uploads\/2025\/02\/trampolinanlagen__sprungtuch_1-150x150.jpg 150w, https:\/\/freizeit-technik.de\/wp-content\/uploads\/2025\/02\/trampolinanlagen__sprungtuch_1-324x324.jpg 324w, https:\/\/freizeit-technik.de\/wp-content\/uploads\/2025\/02\/trampolinanlagen__sprungtuch_1-416x416.jpg 416w, https:\/\/freizeit-technik.de\/wp-content\/uploads\/2025\/02\/trampolinanlagen__sprungtuch_1-100x100.jpg 100w\" sizes=\"auto, (max-width: 600px) 100vw, 600px\" \/><figcaption class=\"wp-element-caption\"><strong>Trampolinsprungt\u00fccher auf Ma\u00df<\/strong><\/figcaption><\/figure>\n<\/div><\/div>\n\n\n\n<div class=\"wp-block-column is-layout-flow wp-block-column-is-layout-flow\"><div class=\"wp-block-image\">\n<figure class=\"alignleft size-full\"><img loading=\"lazy\" decoding=\"async\" width=\"600\" height=\"600\" src=\"https:\/\/freizeit-technik.de\/wp-content\/uploads\/2025\/02\/trampolinanlagen__federn.jpg\" alt=\"\" class=\"wp-image-5396\" srcset=\"https:\/\/freizeit-technik.de\/wp-content\/uploads\/2025\/02\/trampolinanlagen__federn.jpg 600w, https:\/\/freizeit-technik.de\/wp-content\/uploads\/2025\/02\/trampolinanlagen__federn-300x300.jpg 300w, https:\/\/freizeit-technik.de\/wp-content\/uploads\/2025\/02\/trampolinanlagen__federn-150x150.jpg 150w, https:\/\/freizeit-technik.de\/wp-content\/uploads\/2025\/02\/trampolinanlagen__federn-324x324.jpg 324w, https:\/\/freizeit-technik.de\/wp-content\/uploads\/2025\/02\/trampolinanlagen__federn-416x416.jpg 416w, https:\/\/freizeit-technik.de\/wp-content\/uploads\/2025\/02\/trampolinanlagen__federn-100x100.jpg 100w\" sizes=\"auto, (max-width: 600px) 100vw, 600px\" \/><figcaption class=\"wp-element-caption\"> <strong>Trampolinfedern<\/strong><\/figcaption><\/figure>\n<\/div><\/div>\n\n\n\n<div class=\"wp-block-column is-layout-flow wp-block-column-is-layout-flow\"><div class=\"wp-block-image\">\n<figure class=\"alignleft size-full\"><img loading=\"lazy\" decoding=\"async\" width=\"600\" height=\"600\" src=\"https:\/\/freizeit-technik.de\/wp-content\/uploads\/2025\/02\/trampolinanlagen__cubes.jpg\" alt=\"Foam Cubes&#13;&#10;\" class=\"wp-image-5394\" srcset=\"https:\/\/freizeit-technik.de\/wp-content\/uploads\/2025\/02\/trampolinanlagen__cubes.jpg 600w, https:\/\/freizeit-technik.de\/wp-content\/uploads\/2025\/02\/trampolinanlagen__cubes-300x300.jpg 300w, https:\/\/freizeit-technik.de\/wp-content\/uploads\/2025\/02\/trampolinanlagen__cubes-150x150.jpg 150w, https:\/\/freizeit-technik.de\/wp-content\/uploads\/2025\/02\/trampolinanlagen__cubes-324x324.jpg 324w, https:\/\/freizeit-technik.de\/wp-content\/uploads\/2025\/02\/trampolinanlagen__cubes-416x416.jpg 416w, https:\/\/freizeit-technik.de\/wp-content\/uploads\/2025\/02\/trampolinanlagen__cubes-100x100.jpg 100w\" sizes=\"auto, (max-width: 600px) 100vw, 600px\" \/><figcaption class=\"wp-element-caption\"><strong>Cubes<\/strong><\/figcaption><\/figure>\n<\/div><\/div>\n<\/div>\n\n<p><\/p>\n","protected":false},"excerpt":{"rendered":"<p>Wir liefern Zubeh\u00f6r und Ersatzteile f\u00fcr alle gewerblich betriebenen Trampolinparks und Trampolinanlagen. Unsere besondere St\u00e4rke ist die Herstellung von Trampolinsprungt\u00fcchern auf Ma\u00df \u2013 in einer gro\u00dfen Vielfalt und genau passend f\u00fcr Ihren Anwendungsbereich. F\u00fcr einen perfekten Sitz Ihres neuen Sprungtuches sind nur wenige Abkl\u00e4rungen n\u00f6tig. Kontaktieren Sie uns bei Interesse bitte\u00a0direkt. Dar\u00fcber hinaus f\u00fchren wir [&hellip;]<\/p>\n","protected":false},"author":16,"featured_media":0,"parent":0,"menu_order":0,"comment_status":"closed","ping_status":"closed","template":"template-overview.php","meta":{"_acf_changed":false,"footnotes":""},"class_list":["post-5548","page","type-page","status-publish","hentry"],"acf":[],"_links":{"self":[{"href":"https:\/\/freizeit-technik.de\/en\/wp-json\/wp\/v2\/pages\/5548","targetHints":{"allow":["GET"]}}],"collection":[{"href":"https:\/\/freizeit-technik.de\/en\/wp-json\/wp\/v2\/pages"}],"about":[{"href":"https:\/\/freizeit-technik.de\/en\/wp-json\/wp\/v2\/types\/page"}],"author":[{"embeddable":true,"href":"https:\/\/freizeit-technik.de\/en\/wp-json\/wp\/v2\/users\/16"}],"replies":[{"embeddable":true,"href":"https:\/\/freizeit-technik.de\/en\/wp-json\/wp\/v2\/comments?post=5548"}],"version-history":[{"count":3,"href":"https:\/\/freizeit-technik.de\/en\/wp-json\/wp\/v2\/pages\/5548\/revisions"}],"predecessor-version":[{"id":5551,"href":"https:\/\/freizeit-technik.de\/en\/wp-json\/wp\/v2\/pages\/5548\/revisions\/5551"}],"wp:attachment":[{"href":"https:\/\/freizeit-technik.de\/en\/wp-json\/wp\/v2\/media?parent=5548"}],"curies":[{"name":"wp","href":"https:\/\/api.w.org\/{rel}","templated":true}]}}