{"id":5552,"date":"2025-03-06T13:54:40","date_gmt":"2025-03-06T12:54:40","guid":{"rendered":"https:\/\/freizeit-technik.de\/indoor-playground-accessories\/"},"modified":"2025-03-06T13:54:40","modified_gmt":"2025-03-06T12:54:40","slug":"indoor-playground-accessories","status":"publish","type":"page","link":"https:\/\/freizeit-technik.de\/en\/indoor-playground-accessories\/","title":{"rendered":"Indoor Playground Accessories"},"content":{"rendered":"\n<h2 class=\"wp-block-heading\">We supply accessories and spare parts for indoor playgrounds.<\/h2>\n\n<p>Our particular strength is the comprehensive refurbishment of your trampoline facility, which, as you know, is a must in any indoor playground.<\/p>\n\n<p class=\"has-normal-font-size\">Herstellerunabh\u00e4ngig fertigen wir f\u00fcr Sie <strong>Trampolinsprungt\u00fccher<\/strong> und <strong>Trampolinpolster auf Ma\u00df<\/strong> in unserer eigenen Sattlerei.<\/p>\n\n<p>Zudem f\u00fchren wir ein breites Sortiment an <strong>Trampolinfedern<\/strong>.<\/p>\n\n<p>Seitliche <strong>Sicherheitsnetze<\/strong> f\u00fcr Trampolinanlagen, Playground-Strukturen und andere Anwendungen liefern wir auf Ma\u00df in der dichten Variante \u201eNo-Climb\u201c oder auch mit weiteren Maschen.<\/p>\n\n<p>Gr\u00f6\u00dfter Beliebtheit erfreuen sich unsere <strong>Softb\u00e4lle<\/strong> f\u00fcr <strong>Softballkanonen<\/strong>, auch Funshooter genannt, die einzeln gefertigt in einer au\u00dfergew\u00f6hnlichen Qualit\u00e4t f\u00fcr langanhaltende Freude sorgen.<\/p>\n\n<p>St\u00f6bern Sie in unserem Shop nach universellen L\u00f6sungen und Kleinteilen.\u00a0<br\/>Sollten Sie nicht f\u00fcndig werden,\u00a0<strong><a href=\"https:\/\/freizeit-technik.de\/en\/contact\/\" data-type=\"page\" data-id=\"116\">kontaktieren<\/a><\/strong>\u00a0Sie uns gerne. \u00a0<\/p>\n\n<p><\/p>\n","protected":false},"excerpt":{"rendered":"<p>We supply accessories and spare parts for indoor playgrounds. Our particular strength is the comprehensive refurbishment of your trampoline facility, which, as you know, is a must in any indoor playground. Herstellerunabh\u00e4ngig fertigen wir f\u00fcr Sie Trampolinsprungt\u00fccher und Trampolinpolster auf Ma\u00df in unserer eigenen Sattlerei. Zudem f\u00fchren wir ein breites Sortiment an Trampolinfedern. Seitliche Sicherheitsnetze [&hellip;]<\/p>\n","protected":false},"author":16,"featured_media":0,"parent":0,"menu_order":0,"comment_status":"closed","ping_status":"closed","template":"template-overview.php","meta":{"_acf_changed":false,"footnotes":""},"class_list":["post-5552","page","type-page","status-publish","hentry"],"acf":[],"_links":{"self":[{"href":"https:\/\/freizeit-technik.de\/en\/wp-json\/wp\/v2\/pages\/5552","targetHints":{"allow":["GET"]}}],"collection":[{"href":"https:\/\/freizeit-technik.de\/en\/wp-json\/wp\/v2\/pages"}],"about":[{"href":"https:\/\/freizeit-technik.de\/en\/wp-json\/wp\/v2\/types\/page"}],"author":[{"embeddable":true,"href":"https:\/\/freizeit-technik.de\/en\/wp-json\/wp\/v2\/users\/16"}],"replies":[{"embeddable":true,"href":"https:\/\/freizeit-technik.de\/en\/wp-json\/wp\/v2\/comments?post=5552"}],"version-history":[{"count":1,"href":"https:\/\/freizeit-technik.de\/en\/wp-json\/wp\/v2\/pages\/5552\/revisions"}],"predecessor-version":[{"id":5553,"href":"https:\/\/freizeit-technik.de\/en\/wp-json\/wp\/v2\/pages\/5552\/revisions\/5553"}],"wp:attachment":[{"href":"https:\/\/freizeit-technik.de\/en\/wp-json\/wp\/v2\/media?parent=5552"}],"curies":[{"name":"wp","href":"https:\/\/api.w.org\/{rel}","templated":true}]}}