{"id":8846,"date":"2026-03-15T09:06:52","date_gmt":"2026-03-15T08:06:52","guid":{"rendered":"https:\/\/freizeit-technik.de\/shop\/neukunden-aktion-fuer-trampolinanlagen-betreiber-mustersprungtuch-zum-kennenlern-preis\/"},"modified":"2026-03-16T15:42:04","modified_gmt":"2026-03-16T14:42:04","slug":"neukunden-aktion-fuer-trampolinanlagen-betreiber-mustersprungtuch-zum-kennenlern-preis","status":"publish","type":"product","link":"https:\/\/freizeit-technik.de\/en\/store\/neukunden-aktion-fuer-trampolinanlagen-betreiber-mustersprungtuch-zum-kennenlern-preis\/","title":{"rendered":"Neukunden-Aktion f\u00fcr Trampolinanlagen-Betreiber: Mustersprungtuch zum Kennenlern-Preis!"},"content":{"rendered":"<p><b>Sprungtuch aus PP oder PVC inklusive:<br \/>\nSicherheitssch\u00fcrze<br \/>\nfarbigem Webbandrahmen<br \/>\nzus\u00e4tzlichem redundantem Schutznetz<\/b><\/p>\n<p><img loading=\"lazy\" decoding=\"async\" class=\"size-full wp-image-682 alignleft\" src=\"https:\/\/freizeit-technik.de\/wp-content\/uploads\/2017\/03\/Q_deutschland-1.gif\" alt=\"\" width=\"64\" height=\"64\" \/><\/p>\n","protected":false},"excerpt":{"rendered":"<p>\u00dcberzeugen Sie sich von unserer Qualit\u00e4t mit einem Muster-Sprungtuch auf Ma\u00df.<br \/>\nIn vollem Lieferumfang inklusive Sicherheitssch\u00fcrze, farbigem Webbandrahmen und redundantem Schutznetz aus unserer Sprungtuch-Manufaktur.<\/p>\n<p><strong>Teilnahmevoraussetzungen:<\/strong><\/p>\n<ol>\n<li>Sie betreiben gewerblich eine Trampolinanlage mit mindestens 6 Sprungpl\u00e4tzen.<\/li>\n<li>Sie sind weder Bestandskunde, noch ist bislang ein Sprungtuch aus unserer Produktion an Ihrer Anlage verbaut. Sie kennen unsere Produkte also noch nicht.<\/li>\n<\/ol>\n<p>&nbsp;<\/p>\n<p><strong>Ablauf:<\/strong><\/p>\n<ol>\n<li>Informieren Sie sich im Online-Shop \u00fcber die verschiedenen Eigenschaften unserer Sprungtuch-Typen und entscheiden Sie sich f\u00fcr eine Qualit\u00e4t und Farbe.<\/li>\n<li>W\u00e4hlen Sie hier in diesem Aktions-Artikel eine Farbe des Webbandrahmens.<\/li>\n<li>W\u00e4hlen Sie die Anzahl \u201e1\u201c, legen es ggf. mit weiteren Artikeln in den Warenkorb und schicken Sie die Bestellung ab. Die Aktion ist auf 1 Sprungtuch begrenzt.<\/li>\n<li>Wir kontaktieren Sie mit Fragen zur Abkl\u00e4rung der Ma\u00dfe. Sie schicken uns 2 Bilder Ihrer Trampolinanlage: eine \u00dcbersicht, auf der alle Sprungt\u00fccher zu sehen sind und eine Detailaufnahme eines Sprungplatzes.<\/li>\n<li>Sie erhalten Ihr individuell hergestelltes Sprungtuch.<\/li>\n<\/ol>\n<p>Sie erhalten freibleibend maximal ein Sprungtuch bis zu einer Sprungtuchgr\u00f6\u00dfe von 8,5m\u00b2 (z.B. 195 x 435cm) in Typ 1 oder Typ 2-Gewebe zum einmaligen Sonderpreis von nur<\/p>\n<h4><span style=\"color: #333333;\">275 Euro netto zzgl. MwSt. und Versand<\/span><\/h4>\n<p>&nbsp;<\/p>\n<p><strong>Beachten Sie bei Ihrer Farbauswahl, dass gem. DIN EN ISO 23659 immer ein deutlich erkennbarer Farbunterschied zwischen Trampolinpolster und Trampolinsprungtuch vorhanden sein muss.<\/strong><\/p>\n","protected":false},"featured_media":2105,"comment_status":"open","ping_status":"closed","template":"","meta":{"_acf_changed":false},"product_brand":[],"product_cat":[91],"product_tag":[],"class_list":{"0":"post-8846","1":"product","2":"type-product","3":"status-publish","4":"has-post-thumbnail","6":"product_cat-jumping-nets","8":"first","9":"instock","10":"taxable","11":"shipping-taxable","12":"product-type-variable"},"acf":[],"_links":{"self":[{"href":"https:\/\/freizeit-technik.de\/en\/wp-json\/wp\/v2\/product\/8846","targetHints":{"allow":["GET"]}}],"collection":[{"href":"https:\/\/freizeit-technik.de\/en\/wp-json\/wp\/v2\/product"}],"about":[{"href":"https:\/\/freizeit-technik.de\/en\/wp-json\/wp\/v2\/types\/product"}],"replies":[{"embeddable":true,"href":"https:\/\/freizeit-technik.de\/en\/wp-json\/wp\/v2\/comments?post=8846"}],"wp:featuredmedia":[{"embeddable":true,"href":"https:\/\/freizeit-technik.de\/en\/wp-json\/wp\/v2\/media\/2105"}],"wp:attachment":[{"href":"https:\/\/freizeit-technik.de\/en\/wp-json\/wp\/v2\/media?parent=8846"}],"wp:term":[{"taxonomy":"product_brand","embeddable":true,"href":"https:\/\/freizeit-technik.de\/en\/wp-json\/wp\/v2\/product_brand?post=8846"},{"taxonomy":"product_cat","embeddable":true,"href":"https:\/\/freizeit-technik.de\/en\/wp-json\/wp\/v2\/product_cat?post=8846"},{"taxonomy":"product_tag","embeddable":true,"href":"https:\/\/freizeit-technik.de\/en\/wp-json\/wp\/v2\/product_tag?post=8846"}],"curies":[{"name":"wp","href":"https:\/\/api.w.org\/{rel}","templated":true}]}}