{"id":15099,"date":"2026-05-01T08:43:54","date_gmt":"2026-05-01T06:43:54","guid":{"rendered":"https:\/\/freizeit-technik.de\/accesorios-para-camas-elasticas\/"},"modified":"2026-05-01T08:43:56","modified_gmt":"2026-05-01T06:43:56","slug":"accesorios-para-camas-elasticas","status":"publish","type":"page","link":"https:\/\/freizeit-technik.de\/es\/accesorios-para-camas-elasticas\/","title":{"rendered":"Accesorios para camas el\u00e1sticas"},"content":{"rendered":"\n<p>Suministramos accesorios y piezas de repuesto para todos los sistemas de cama el\u00e1stica de uso comercial.  <br\/>Adem\u00e1s de numerosos art\u00edculos de marca, tambi\u00e9n almacenamos nuestras propias gamas de productos que s\u00f3lo encontrar\u00e1s aqu\u00ed.  <br\/>Con una gama inigualable de cuerdas el\u00e1sticas y arneses, con nosotros puedes conseguir exactamente lo que necesitas.  <\/p>\n\n<p>Disponemos de piezas de recambio mec\u00e1nicas para nuestros sistemas de cama el\u00e1stica el\u00e1stica, as\u00ed como para las &#8220;camas el\u00e1sticas el\u00e1sticas 4en1&#8221; de las marcas hist\u00f3ricas &#8220;Eurobungy&#8221; y &#8220;Funvision&#8221;. <strong><u><a href=\"https:\/\/freizeit-technik.de\/kontakt\/\" data-type=\"page\" data-id=\"116\">a petici\u00f3n<\/a><\/u><\/strong>.  <\/p>\n\n<p><\/p>\n\n<p><\/p>\n\n<p><\/p>\n","protected":false},"excerpt":{"rendered":"<p>Suministramos accesorios y piezas de repuesto para todos los sistemas de cama el\u00e1stica de uso comercial. Adem\u00e1s de numerosos art\u00edculos de marca, tambi\u00e9n almacenamos nuestras propias gamas de productos que s\u00f3lo encontrar\u00e1s aqu\u00ed. Con una gama inigualable de cuerdas el\u00e1sticas y arneses, con nosotros puedes conseguir exactamente lo que necesitas. Disponemos de piezas de recambio [&hellip;]<\/p>\n","protected":false},"author":16,"featured_media":0,"parent":0,"menu_order":0,"comment_status":"closed","ping_status":"closed","template":"template-overview.php","meta":{"_acf_changed":false,"footnotes":""},"class_list":["post-15099","page","type-page","status-publish","hentry"],"acf":[],"_links":{"self":[{"href":"https:\/\/freizeit-technik.de\/es\/wp-json\/wp\/v2\/pages\/15099","targetHints":{"allow":["GET"]}}],"collection":[{"href":"https:\/\/freizeit-technik.de\/es\/wp-json\/wp\/v2\/pages"}],"about":[{"href":"https:\/\/freizeit-technik.de\/es\/wp-json\/wp\/v2\/types\/page"}],"author":[{"embeddable":true,"href":"https:\/\/freizeit-technik.de\/es\/wp-json\/wp\/v2\/users\/16"}],"replies":[{"embeddable":true,"href":"https:\/\/freizeit-technik.de\/es\/wp-json\/wp\/v2\/comments?post=15099"}],"version-history":[{"count":2,"href":"https:\/\/freizeit-technik.de\/es\/wp-json\/wp\/v2\/pages\/15099\/revisions"}],"predecessor-version":[{"id":15102,"href":"https:\/\/freizeit-technik.de\/es\/wp-json\/wp\/v2\/pages\/15099\/revisions\/15102"}],"wp:attachment":[{"href":"https:\/\/freizeit-technik.de\/es\/wp-json\/wp\/v2\/media?parent=15099"}],"curies":[{"name":"wp","href":"https:\/\/api.w.org\/{rel}","templated":true}]}}