{"id":15299,"date":"2026-05-04T14:35:07","date_gmt":"2026-05-04T12:35:07","guid":{"rendered":"https:\/\/freizeit-technik.de\/instalaciones-de-trampolin-elastico\/"},"modified":"2026-05-04T14:35:09","modified_gmt":"2026-05-04T12:35:09","slug":"instalaciones-de-trampolin-elastico","status":"publish","type":"page","link":"https:\/\/freizeit-technik.de\/es\/instalaciones-de-trampolin-elastico\/","title":{"rendered":"Instalaciones de trampol\u00edn el\u00e1stico"},"content":{"rendered":"<p>\u00bfFue una corazonada o una presunci\u00f3n? Probablemente una mezcla de ambas.<br \/>\nHace d\u00e9cadas, a\u00fan se sol\u00eda hablar de &#8220;moda&#8221;, pero nuestro gran sistema de bungee trampol\u00edn recibi\u00f3 el nombre de &#8220;4tramp classic&#8221; en el primer a\u00f1o de producci\u00f3n.<br \/>\n\u00bfPor qu\u00e9 deber\u00eda disminuir en alg\u00fan momento la alegr\u00eda de una secuencia de movimientos f\u00edsicamente imposible e intensamente experimentada?<br \/>\nNuestros sistemas de bungee trampol\u00edn se han convertido en un \u00e9xito duradero en todo el mundo. Y a\u00fan hoy, un sistema de cama el\u00e1stica fabricado por nosotros en el lugar adecuado es una inversi\u00f3n manejable con excelentes perspectivas de venta.<br \/>\nYa sea m\u00f3vil o fijo, ofrecemos una soluci\u00f3n \u00f3ptima para cada lugar.  <\/p>\n","protected":false},"excerpt":{"rendered":"<p>\u00bfFue una corazonada o una presunci\u00f3n? Probablemente una mezcla de ambas. Hace d\u00e9cadas, a\u00fan se sol\u00eda hablar de &#8220;moda&#8221;, pero nuestro gran sistema de bungee trampol\u00edn recibi\u00f3 el nombre de &#8220;4tramp classic&#8221; en el primer a\u00f1o de producci\u00f3n. \u00bfPor qu\u00e9 deber\u00eda disminuir en alg\u00fan momento la alegr\u00eda de una secuencia de movimientos f\u00edsicamente imposible e [&hellip;]<\/p>\n","protected":false},"author":1,"featured_media":0,"parent":0,"menu_order":0,"comment_status":"closed","ping_status":"closed","template":"template-overview.php","meta":{"_acf_changed":false,"footnotes":""},"class_list":["post-15299","page","type-page","status-publish","hentry"],"acf":[],"_links":{"self":[{"href":"https:\/\/freizeit-technik.de\/es\/wp-json\/wp\/v2\/pages\/15299","targetHints":{"allow":["GET"]}}],"collection":[{"href":"https:\/\/freizeit-technik.de\/es\/wp-json\/wp\/v2\/pages"}],"about":[{"href":"https:\/\/freizeit-technik.de\/es\/wp-json\/wp\/v2\/types\/page"}],"author":[{"embeddable":true,"href":"https:\/\/freizeit-technik.de\/es\/wp-json\/wp\/v2\/users\/1"}],"replies":[{"embeddable":true,"href":"https:\/\/freizeit-technik.de\/es\/wp-json\/wp\/v2\/comments?post=15299"}],"version-history":[{"count":1,"href":"https:\/\/freizeit-technik.de\/es\/wp-json\/wp\/v2\/pages\/15299\/revisions"}],"predecessor-version":[{"id":15339,"href":"https:\/\/freizeit-technik.de\/es\/wp-json\/wp\/v2\/pages\/15299\/revisions\/15339"}],"wp:attachment":[{"href":"https:\/\/freizeit-technik.de\/es\/wp-json\/wp\/v2\/media?parent=15299"}],"curies":[{"name":"wp","href":"https:\/\/api.w.org\/{rel}","templated":true}]}}