{"id":10522,"date":"2026-03-10T17:54:54","date_gmt":"2026-03-10T16:54:54","guid":{"rendered":"https:\/\/freizeit-technik.de\/shop\/estera-de-salto-de-pvc-tipo-2-verde-para-camas-elasticas\/"},"modified":"2026-04-16T10:45:57","modified_gmt":"2026-04-16T08:45:57","slug":"estera-de-salto-de-pvc-tipo-2-verde-para-camas-elasticas","status":"publish","type":"product","link":"https:\/\/freizeit-technik.de\/es\/shop\/estera-de-salto-de-pvc-tipo-2-verde-para-camas-elasticas\/","title":{"rendered":"Estera de salto de PVC tipo 2 verde para camas el\u00e1sticas"},"content":{"rendered":"<p><strong>Anchuras m\u00e1ximas negro, azul y verde: 230 cm<br \/>\n<\/strong><strong>Anchuras m\u00e1ximas amarillo, naranja y gris: 220 cm<br \/>\n<\/strong><strong>longitud m\u00e1xima: 20 m<br \/>\n<\/strong><strong>Aplicaci\u00f3n: interior y exterior<br \/>\n<\/strong><strong>Colores: negro, azul, verde, amarillo, naranja, gris<br \/>\n<\/strong><strong>Rendimiento de lanzamiento: ++++<br \/>\n<\/strong><strong>Elasticidad puntual: +++<br \/>\n<\/strong><strong>Resistencia a los rayos UV Negro: ++++<br \/>\n<\/strong><strong>Resistencia a los rayos UV coloreada: +++<br \/>\n<\/strong><strong>Limpieza: +++++<\/strong><\/p>\n<p><img loading=\"lazy\" decoding=\"async\" class=\"size-full wp-image-682 alignleft\" src=\"https:\/\/freizeit-technik.de\/wp-content\/uploads\/2017\/03\/Q_deutschland-1.gif\" alt=\"\" width=\"64\" height=\"64\"><\/p>\n<p>&nbsp;<\/p>\n<p>&nbsp;<\/p>\n","protected":false},"excerpt":{"rendered":"<p>La colchoneta de salto de tipo 2 fabricada con material de malla de PVC es ahora nuestro tejido m\u00e1s utilizado. Se utilizan varios miles de unidades en todo el mundo, tanto en interiores como en exteriores. Es extremadamente robusto y vers\u00e1til.<br \/>\nOfrece un buen agarre, un flujo de aire significativamente mejor en comparaci\u00f3n con el tejido de la colchoneta de salto de PP de tipo 1 y ofrece unas propiedades de lanzamiento igual de buenas que la colchoneta de salto de tipo 3.<br \/>\nLas mallas individuales no pueden alabearse, de modo que las aberturas permanecen siempre iguales y no pueden formarse puntos de enganche.<br \/>\nLa limpieza es muy f\u00e1cil, ya que apenas puede adherirse polvo al material.<br \/>\nCuando utilices calcetines antideslizantes, es aconsejable que el color del revestimiento antideslizante coincida con el color de la colchoneta de salto.  <\/p>\n<p>Fabricados a medida en nuestra propia guarnicioner\u00eda maestra de Stuttgart.<\/p>\n<p><strong>Requisitos para las categor\u00edas de precios:<\/strong><\/p>\n<ul>\n<li><strong>Tama\u00f1o 1: <\/strong>Hasta 2 m\u00b2 + ning\u00fan lado inferior a 90 cm, <strong>por ejemplo, hasta 140 x 140 cm<\/strong><\/li>\n<li style=\"text-align: left;\"><strong>Tama\u00f1o 2: <\/strong>Hasta 5 m\u00b2 + ning\u00fan lado inferior a 120 cm, <strong>por ejemplo, hasta 200 x 250 cm<\/strong><\/li>\n<li style=\"text-align: left;\"><strong>Tama\u00f1o 3: <\/strong>Hasta 8,5 m\u00b2 + ning\u00fan lado inferior a 150 cm, <strong>por ejemplo, hasta 195 x 435 cm<\/strong><\/li>\n<li style=\"text-align: left;\"><strong>Tama\u00f1o 4: <\/strong>Hasta 12 m\u00b2 + ning\u00fan lado inferior a 180 cm, <strong>por ejemplo, hasta 220 x 540 cm<\/strong><\/li>\n<li><strong>Tama\u00f1o est\u00e1ndar &#8220;M\u00f3dulo tramp Multitramp&#8221;  <\/strong><\/li>\n<\/ul>\n<p>Cuadradas o rectangulares. Para otras formas (redonda, triangular, octogonal, etc.) y pa\u00f1os m\u00e1s estrechos, env\u00edanos una consulta aparte. <\/p>\n<p><strong>Precios escalonados para hojas de salto id\u00e9nticas: <\/strong>Si aumentas la cantidad<br \/>\na 2, 4, 6, 8 \u00f3 10, \u00a1el precio por unidad se reduce!<\/p>\n<p><strong>Proceso de pedido: <\/strong>No te pedimos ninguna medida para las hojas de salto multitramp. Para la fabricaci\u00f3n de material de otros fabricantes, consulta los pedidos anteriores al hacer tu pedido. Si a\u00fan no hemos registrado tu plancha de salto con las dimensiones correspondientes, h\u00e1znoslo saber. Si necesitas ayuda para ello, ponte en contacto con nosotros. Estaremos encantados de ayudarte a determinar las dimensiones correctas.    <\/p>\n<p><strong>Plazo de entrega: <\/strong>normalmente 1-2 semanas.<\/p>\n<p><strong>Importante, prescrito seg\u00fan la norma DIN EN ISO 23659: <\/strong><\/p>\n<ul>\n<li><strong>Delantal de seguridad<\/strong> sobre la colchoneta de salto, que cierra el hueco entre la colchoneta de salto y el acolchado (Fig. 2).<\/li>\n<li><strong>marco de cincha de color<\/strong> que marca la zona de salto segura (Fig. 3).<\/li>\n<li><strong>Red de seguridad redundante<\/strong> debajo de la colchoneta de salto (Fig. 4).<\/li>\n<li>Diferencia de color claramente visible entre el acolchado de la cama el\u00e1stica y la lona de salto para cama el\u00e1stica<\/li>\n<\/ul>\n<p>Si a\u00fan as\u00ed deseas renunciar a estos requisitos, env\u00edanos una exenci\u00f3n de responsabilidad por escrito inmediatamente despu\u00e9s de realizar tu pedido.<\/p>\n<p><strong>Operador de parques<\/strong> de camas el\u00e1sticas<br \/>\n\u00bfDiriges un parque de camas el\u00e1sticas o varias instalaciones de camas el\u00e1sticas con gran demanda, formas y tama\u00f1os individuales? Te ayudaremos con nuestra experiencia y te facilitaremos un presupuesto para renovar las l\u00e1minas de rebote y las almohadillas de las camas el\u00e1sticas. <\/p>\n","protected":false},"featured_media":10523,"comment_status":"open","ping_status":"closed","template":"","meta":{"_acf_changed":false},"product_brand":[],"product_cat":[192,191],"product_tag":[],"class_list":{"0":"post-10522","1":"product","2":"type-product","3":"status-publish","4":"has-post-thumbnail","6":"product_cat-hojas-de-salto-en-cama-elastica","7":"product_cat-parque-de-camas-elasticas-e-instalaciones-para-camas-elasticas","9":"first","10":"instock","11":"taxable","12":"shipping-taxable","13":"product-type-variable"},"acf":[],"_links":{"self":[{"href":"https:\/\/freizeit-technik.de\/es\/wp-json\/wp\/v2\/product\/10522","targetHints":{"allow":["GET"]}}],"collection":[{"href":"https:\/\/freizeit-technik.de\/es\/wp-json\/wp\/v2\/product"}],"about":[{"href":"https:\/\/freizeit-technik.de\/es\/wp-json\/wp\/v2\/types\/product"}],"replies":[{"embeddable":true,"href":"https:\/\/freizeit-technik.de\/es\/wp-json\/wp\/v2\/comments?post=10522"}],"wp:featuredmedia":[{"embeddable":true,"href":"https:\/\/freizeit-technik.de\/es\/wp-json\/wp\/v2\/media\/10523"}],"wp:attachment":[{"href":"https:\/\/freizeit-technik.de\/es\/wp-json\/wp\/v2\/media?parent=10522"}],"wp:term":[{"taxonomy":"product_brand","embeddable":true,"href":"https:\/\/freizeit-technik.de\/es\/wp-json\/wp\/v2\/product_brand?post=10522"},{"taxonomy":"product_cat","embeddable":true,"href":"https:\/\/freizeit-technik.de\/es\/wp-json\/wp\/v2\/product_cat?post=10522"},{"taxonomy":"product_tag","embeddable":true,"href":"https:\/\/freizeit-technik.de\/es\/wp-json\/wp\/v2\/product_tag?post=10522"}],"curies":[{"name":"wp","href":"https:\/\/api.w.org\/{rel}","templated":true}]}}