{"id":12218,"date":"2026-03-07T12:18:45","date_gmt":"2026-03-07T11:18:45","guid":{"rendered":"https:\/\/freizeit-technik.de\/shop\/tipo-4-estera-de-salto-de-pvc-de-alto-rendimiento-gris-para-camas-elasticas\/"},"modified":"2026-04-22T11:34:59","modified_gmt":"2026-04-22T09:34:59","slug":"tipo-4-estera-de-salto-de-pvc-de-alto-rendimiento-gris-para-camas-elasticas","status":"publish","type":"product","link":"https:\/\/freizeit-technik.de\/es\/shop\/tipo-4-estera-de-salto-de-pvc-de-alto-rendimiento-gris-para-camas-elasticas\/","title":{"rendered":"Tipo 4 Estera de salto de PVC de alto rendimiento gris para camas el\u00e1sticas"},"content":{"rendered":"<p><strong>anchura m\u00e1xima: 320 cm<br \/>\n<\/strong><strong>longitud m\u00e1xima: 800 cm<br \/>\n<\/strong><strong>Aplicaci\u00f3n: interior y exterior<br \/>\n<\/strong><strong>color: gris<br \/>\n<\/strong><strong>Capacidad de lanzamiento: +++++<br \/>\n<\/strong><strong>Elasticidad puntual: ++++<br \/>\n<\/strong><strong>Resistencia a los rayos UV: ++++<\/strong><\/p>\n<p><strong>Limpieza: +++++<\/strong><\/p>\n<p><img loading=\"lazy\" decoding=\"async\" class=\"size-full wp-image-682 alignleft\" src=\"https:\/\/freizeit-technik.de\/wp-content\/uploads\/2017\/03\/Q_deutschland-1.gif\" alt=\"\" width=\"64\" height=\"64\"><\/p>\n<p>&nbsp;<\/p>\n<p>&nbsp;<\/p>\n","protected":false},"excerpt":{"rendered":"<p>La colchoneta de salto de tipo 4 es un tejido especial de malla de PVC con mallas anchas y un excelente flujo de aire.<br \/>\nCombinada con nuestros muelles n.\u00ba 2a, 2b y 3, ofrece un alto rendimiento de lanzamiento seg\u00fan la norma DIN EN ISO 23659, en funci\u00f3n del n\u00famero de muelles acoplados. <\/p>\n<p>Las mallas individuales no pueden alabearse durante el funcionamiento. El tejido requiere poco mantenimiento, es muy f\u00e1cil de limpiar y, en general, tiene un aspecto atractivo incluso despu\u00e9s de un uso prolongado. <\/p>\n<p>Con nuestra colchoneta de salto de tipo 4, obtienes un tejido de alto rendimiento con una relaci\u00f3n calidad-precio excepcional.<\/p>\n<p>Fabricados a medida en nuestra propia guarnicioner\u00eda maestra de Stuttgart.<\/p>\n<p><strong> <\/strong><strong>Requisitos para las categor\u00edas de precios:<\/strong><\/p>\n<ul>\n<li><strong>Tama\u00f1o 1:<\/strong> Hasta 2 m\u00b2 + ning\u00fan lado inferior a 90 cm, <strong>por ejemplo, hasta 140 x 140 cm<\/strong><\/li>\n<li><strong>Tama\u00f1o 2:<\/strong> Hasta 5 m\u00b2 + ning\u00fan lado inferior a 120 cm, <strong>por ejemplo, hasta 200 x 250 cm<\/strong><\/li>\n<li><strong>Tama\u00f1o 3:<\/strong> Hasta 8,5 m\u00b2 + ning\u00fan lado inferior a 150 cm, <strong>por ejemplo, hasta 195 x 435 cm<\/strong><\/li>\n<li><strong>Tama\u00f1o 4: <\/strong>Hasta 12 m\u00b2 + ning\u00fan lado inferior a 180 cm, <strong>por ejemplo, hasta 220 x 540 cm<\/strong><\/li>\n<\/ul>\n<p>Cuadrada o rectangular.<br \/>\nPara otras formas (redonda, triangular, octogonal, etc.) y pa\u00f1os m\u00e1s estrechos, env\u00edanos una consulta aparte.<\/p>\n<p><strong>Precios escalonados: <\/strong>Si aumentas el n\u00famero de unidades a 2, 4, 6, 8 \u00f3 10, \u00a1el precio por unidad se reduce!<\/p>\n<p><strong>Proceso de pedido: <\/strong>Para la fabricaci\u00f3n de sistemas de producci\u00f3n externa, consulta los pedidos anteriores cuando hagas tu pedido. Si a\u00fan no hemos registrado tu colchoneta de salto con las dimensiones correspondientes, facil\u00edtanoslas. Si necesitas ayuda con esto, ponte en contacto con nosotros. Estaremos encantados de ayudarte a determinar las dimensiones correctas.   <\/p>\n<p><strong>Plazo de entrega: <\/strong>normalmente 1-2 semanas.<\/p>\n<p><strong>Importante, prescrito seg\u00fan la norma DIN EN ISO 23659: <\/strong><\/p>\n<ul>\n<li><strong>Delantal de seguridad<\/strong> sobre la colchoneta de salto, que cierra el hueco entre la colchoneta de salto y el acolchado (Fig. 2).<\/li>\n<li><strong>Se\u00f1alizaci\u00f3n<\/strong> de la zona de salto segura (Fig. 3).<\/li>\n<li><strong>Red de seguridad redundante<\/strong> debajo de la colchoneta de salto (Fig. 4).<\/li>\n<li>Diferencia de color claramente visible entre el acolchado de la cama el\u00e1stica y la lona de salto para cama el\u00e1stica<\/li>\n<\/ul>\n<p>Si a\u00fan as\u00ed deseas renunciar a estos requisitos, env\u00edanos una exenci\u00f3n de responsabilidad por escrito inmediatamente despu\u00e9s de realizar tu pedido.<\/p>\n<p><strong>Operador de parques<\/strong> de camas el\u00e1sticas<br \/>\n\u00bfDiriges un parque de camas el\u00e1sticas o varias instalaciones de camas el\u00e1sticas con gran demanda, formas y tama\u00f1os individuales? Te ayudaremos con nuestra experiencia y te facilitaremos un presupuesto para renovar las l\u00e1minas de rebote y las almohadillas de las camas el\u00e1sticas. <\/p>\n","protected":false},"featured_media":12219,"comment_status":"open","ping_status":"closed","template":"","meta":{"_acf_changed":false},"product_brand":[],"product_cat":[192,191],"product_tag":[],"class_list":{"0":"post-12218","1":"product","2":"type-product","3":"status-publish","4":"has-post-thumbnail","6":"product_cat-hojas-de-salto-en-cama-elastica","7":"product_cat-parque-de-camas-elasticas-e-instalaciones-para-camas-elasticas","9":"first","10":"instock","11":"taxable","12":"shipping-taxable","13":"product-type-variable"},"acf":[],"_links":{"self":[{"href":"https:\/\/freizeit-technik.de\/es\/wp-json\/wp\/v2\/product\/12218","targetHints":{"allow":["GET"]}}],"collection":[{"href":"https:\/\/freizeit-technik.de\/es\/wp-json\/wp\/v2\/product"}],"about":[{"href":"https:\/\/freizeit-technik.de\/es\/wp-json\/wp\/v2\/types\/product"}],"replies":[{"embeddable":true,"href":"https:\/\/freizeit-technik.de\/es\/wp-json\/wp\/v2\/comments?post=12218"}],"wp:featuredmedia":[{"embeddable":true,"href":"https:\/\/freizeit-technik.de\/es\/wp-json\/wp\/v2\/media\/12219"}],"wp:attachment":[{"href":"https:\/\/freizeit-technik.de\/es\/wp-json\/wp\/v2\/media?parent=12218"}],"wp:term":[{"taxonomy":"product_brand","embeddable":true,"href":"https:\/\/freizeit-technik.de\/es\/wp-json\/wp\/v2\/product_brand?post=12218"},{"taxonomy":"product_cat","embeddable":true,"href":"https:\/\/freizeit-technik.de\/es\/wp-json\/wp\/v2\/product_cat?post=12218"},{"taxonomy":"product_tag","embeddable":true,"href":"https:\/\/freizeit-technik.de\/es\/wp-json\/wp\/v2\/product_tag?post=12218"}],"curies":[{"name":"wp","href":"https:\/\/api.w.org\/{rel}","templated":true}]}}