{"id":12406,"date":"2026-03-08T21:44:44","date_gmt":"2026-03-08T20:44:44","guid":{"rendered":"https:\/\/freizeit-technik.de\/shop\/colchoneta-de-nylon-tipo-3-con-cordon-para-camas-elasticas\/"},"modified":"2026-04-22T11:36:07","modified_gmt":"2026-04-22T09:36:07","slug":"colchoneta-de-nylon-tipo-3-con-cordon-para-camas-elasticas","status":"publish","type":"product","link":"https:\/\/freizeit-technik.de\/es\/shop\/colchoneta-de-nylon-tipo-3-con-cordon-para-camas-elasticas\/","title":{"rendered":"Colchoneta de nylon tipo 3 con cord\u00f3n para camas el\u00e1sticas"},"content":{"rendered":"<p><span class=\"tx-ttproducts-pi1-wrap2\"><strong>anchura m\u00e1xima: 195 cm<br \/>\nlongitud m\u00e1xima: 440 cm<br \/>\n<\/strong><strong>Color: amarillo<br \/>\n<\/strong><\/span><strong>Rendimiento de lanzamiento: +++++<br \/>\n<\/strong><strong>Elasticidad de punta: +++++<br \/>\n<\/strong><strong>Resistencia a los rayos UV: ++++<\/strong><strong><br \/>\n<\/strong><strong>Limpieza: ++<\/strong><\/p>\n<p><img loading=\"lazy\" decoding=\"async\" class=\"size-full wp-image-682 alignleft\" src=\"https:\/\/freizeit-technik.de\/wp-content\/uploads\/2017\/03\/Q_deutschland-1.gif\" alt=\"\" width=\"64\" height=\"64\"><\/p>\n","protected":false},"excerpt":{"rendered":"<p>La colchoneta de salto tipo 3 es una malla de nailon tipo red con mallas anchas, excelente flujo de aire y muy buena elasticidad puntual.<br \/>\nCombinada con nuestros muelles n.\u00ba 2a, 2b y 3, ofrece un alto rendimiento de acuerdo con la norma DIN EN ISO 23659, dependiendo del n\u00famero de muelles acoplados. DIN EN ISO 23659.<br \/>\nDebido a su gran elasticidad puntual -se adapta muy bien a los pies del saltador- tambi\u00e9n se utiliza a menudo con nuestros muelles n.\u00ba 1 en parques infantiles de interior.<br \/>\nEn esta combinaci\u00f3n, proporciona a los saltadores una experiencia de salto equilibrada y &#8220;suave&#8221;. <\/p>\n<p>Las mallas individuales no son absolutamente estables desde el punto de vista dimensional, pueden alabearse f\u00e1cilmente durante el funcionamiento y entonces hay que .<br \/>\nTambi\u00e9n ofrecemos la colchoneta de salto tipo 3 con cord\u00f3n o anillas en V.  <strong>\u00a1La versi\u00f3n que se ofrece aqu\u00ed es con cord\u00f3n!<\/strong><span class=\"tx-ttproducts-pi1-wrap2\"><br \/>\n<\/span><\/p>\n<p>Fabricados a medida en nuestra propia guarnicioner\u00eda maestra de Stuttgart.<\/p>\n<p><strong>Requisitos para las categor\u00edas de precios:<\/strong><\/p>\n<ul>\n<li><strong>Tama\u00f1o 1:<\/strong> Hasta 2 m\u00b2 + ning\u00fan lado inferior a 90 cm, por ejemplo, hasta 140 x 140 cm<\/li>\n<li><strong>Tama\u00f1o 2:<\/strong> Hasta 5 m\u00b2 + ning\u00fan lado inferior a 120 cm, por ejemplo, hasta 200 x 250 cm<\/li>\n<li><strong>Tama\u00f1o 3<\/strong>: Hasta 8,5 m\u00b2 + ning\u00fan lado inferior a 150 cm, por ejemplo, hasta 195 x 435 cm<\/li>\n<\/ul>\n<p>Cuadrada o rectangular.<br \/>\nPara otras formas (redonda, triangular, octogonal, etc.) y pa\u00f1os m\u00e1s estrechos, env\u00edanos una consulta aparte.<\/p>\n<p><strong>Precios escalonados para hojas de salto id\u00e9nticas: <\/strong>Si aumentas la cantidad<br \/>\na 2, 4, 6, 8 \u00f3 10, \u00a1el precio por unidad se reduce!<\/p>\n<p><strong>Proceso de pedido: <\/strong>No te pedimos ninguna medida para las hojas de salto multitramp. Para la fabricaci\u00f3n de material de otros fabricantes, consulta los pedidos anteriores al hacer tu pedido. Si a\u00fan no hemos registrado tu plancha de salto con las dimensiones correspondientes, h\u00e1znoslo saber. Si necesitas ayuda para ello, ponte en contacto con nosotros. Estaremos encantados de ayudarte a determinar las dimensiones correctas.    <\/p>\n<p><strong>Plazo de entrega: <\/strong>normalmente 1-2 semanas.<\/p>\n<p><strong>Importante, prescrito seg\u00fan la norma DIN EN ISO 23659: <\/strong><\/p>\n<ul>\n<li><strong>Delantal de seguridad<\/strong> sobre la colchoneta de salto, que cierra el hueco entre la colchoneta de salto y el acolchado (Fig. 2).<\/li>\n<li><strong>Se\u00f1alizaci\u00f3n<\/strong> de la zona de salto segura (Fig. 3).<\/li>\n<li><strong>Red de seguridad redundante<\/strong> debajo de la colchoneta de salto (Fig. 4).<\/li>\n<li>Diferencia de color claramente visible entre el acolchado de la cama el\u00e1stica y la lona de salto para cama el\u00e1stica<\/li>\n<\/ul>\n<p>Si a\u00fan as\u00ed deseas renunciar a estos requisitos, env\u00edanos una exenci\u00f3n de responsabilidad por escrito inmediatamente despu\u00e9s de realizar tu pedido.<\/p>\n<p><strong>Operador de parques<\/strong> de camas el\u00e1sticas<br \/>\n\u00bfDiriges un parque de camas el\u00e1sticas o varias instalaciones de camas el\u00e1sticas con gran demanda, formas y tama\u00f1os individuales? Te ayudaremos con nuestra experiencia y te facilitaremos un presupuesto para renovar las l\u00e1minas de rebote y las almohadillas de las camas el\u00e1sticas. <\/p>\n","protected":false},"featured_media":12407,"comment_status":"open","ping_status":"closed","template":"","meta":{"_acf_changed":false},"product_brand":[],"product_cat":[192,191],"product_tag":[],"class_list":{"0":"post-12406","1":"product","2":"type-product","3":"status-publish","4":"has-post-thumbnail","6":"product_cat-hojas-de-salto-en-cama-elastica","7":"product_cat-parque-de-camas-elasticas-e-instalaciones-para-camas-elasticas","9":"first","10":"instock","11":"taxable","12":"shipping-taxable","13":"product-type-variable"},"acf":[],"_links":{"self":[{"href":"https:\/\/freizeit-technik.de\/es\/wp-json\/wp\/v2\/product\/12406","targetHints":{"allow":["GET"]}}],"collection":[{"href":"https:\/\/freizeit-technik.de\/es\/wp-json\/wp\/v2\/product"}],"about":[{"href":"https:\/\/freizeit-technik.de\/es\/wp-json\/wp\/v2\/types\/product"}],"replies":[{"embeddable":true,"href":"https:\/\/freizeit-technik.de\/es\/wp-json\/wp\/v2\/comments?post=12406"}],"wp:featuredmedia":[{"embeddable":true,"href":"https:\/\/freizeit-technik.de\/es\/wp-json\/wp\/v2\/media\/12407"}],"wp:attachment":[{"href":"https:\/\/freizeit-technik.de\/es\/wp-json\/wp\/v2\/media?parent=12406"}],"wp:term":[{"taxonomy":"product_brand","embeddable":true,"href":"https:\/\/freizeit-technik.de\/es\/wp-json\/wp\/v2\/product_brand?post=12406"},{"taxonomy":"product_cat","embeddable":true,"href":"https:\/\/freizeit-technik.de\/es\/wp-json\/wp\/v2\/product_cat?post=12406"},{"taxonomy":"product_tag","embeddable":true,"href":"https:\/\/freizeit-technik.de\/es\/wp-json\/wp\/v2\/product_tag?post=12406"}],"curies":[{"name":"wp","href":"https:\/\/api.w.org\/{rel}","templated":true}]}}