{"id":13089,"date":"2026-03-05T15:43:10","date_gmt":"2026-03-05T14:43:10","guid":{"rendered":"https:\/\/freizeit-technik.de\/shop\/mosqueton-de-eslinga-de-salto\/"},"modified":"2026-04-23T21:07:36","modified_gmt":"2026-04-23T19:07:36","slug":"mosqueton-de-eslinga-de-salto","status":"publish","type":"product","link":"https:\/\/freizeit-technik.de\/es\/shop\/mosqueton-de-eslinga-de-salto\/","title":{"rendered":"Mosquet\u00f3n de eslinga de salto"},"content":{"rendered":"","protected":false},"excerpt":{"rendered":"<p>Mosquet\u00f3n para fijar las cuerdas el\u00e1sticas a las planchas de salto y para tensar verticalmente los eslabones de la cadena mediante muelles al armaz\u00f3n de la cama el\u00e1stica.<\/p>\n<p>Precio por 10 piezas<\/p>\n","protected":false},"featured_media":13092,"comment_status":"open","ping_status":"closed","template":"","meta":{"_acf_changed":false},"product_brand":[],"product_cat":[219,220],"product_tag":[],"class_list":{"0":"post-13089","1":"product","2":"type-product","3":"status-publish","4":"has-post-thumbnail","6":"product_cat-instalaciones-de-trampolin-elastico","7":"product_cat-varios","9":"first","10":"instock","11":"taxable","12":"shipping-taxable","13":"product-type-simple"},"acf":[],"_links":{"self":[{"href":"https:\/\/freizeit-technik.de\/es\/wp-json\/wp\/v2\/product\/13089","targetHints":{"allow":["GET"]}}],"collection":[{"href":"https:\/\/freizeit-technik.de\/es\/wp-json\/wp\/v2\/product"}],"about":[{"href":"https:\/\/freizeit-technik.de\/es\/wp-json\/wp\/v2\/types\/product"}],"replies":[{"embeddable":true,"href":"https:\/\/freizeit-technik.de\/es\/wp-json\/wp\/v2\/comments?post=13089"}],"wp:featuredmedia":[{"embeddable":true,"href":"https:\/\/freizeit-technik.de\/es\/wp-json\/wp\/v2\/media\/13092"}],"wp:attachment":[{"href":"https:\/\/freizeit-technik.de\/es\/wp-json\/wp\/v2\/media?parent=13089"}],"wp:term":[{"taxonomy":"product_brand","embeddable":true,"href":"https:\/\/freizeit-technik.de\/es\/wp-json\/wp\/v2\/product_brand?post=13089"},{"taxonomy":"product_cat","embeddable":true,"href":"https:\/\/freizeit-technik.de\/es\/wp-json\/wp\/v2\/product_cat?post=13089"},{"taxonomy":"product_tag","embeddable":true,"href":"https:\/\/freizeit-technik.de\/es\/wp-json\/wp\/v2\/product_tag?post=13089"}],"curies":[{"name":"wp","href":"https:\/\/api.w.org\/{rel}","templated":true}]}}