{"id":13103,"date":"2020-04-10T15:03:49","date_gmt":"2020-04-10T13:03:49","guid":{"rendered":"https:\/\/freizeit-technik.de\/shop\/estera-de-salto-para-14-jumpfree-jumpking-con-104-muelles\/"},"modified":"2026-04-23T21:07:56","modified_gmt":"2026-04-23T19:07:56","slug":"estera-de-salto-para-14-jumpfree-jumpking-con-104-muelles","status":"publish","type":"product","link":"https:\/\/freizeit-technik.de\/es\/shop\/estera-de-salto-para-14-jumpfree-jumpking-con-104-muelles\/","title":{"rendered":"Estera de salto para 14 &#8220;Jumpfree\/Jumpking con 104 muelles"},"content":{"rendered":"<p><span class=\"tx-ttproducts-pi1-wrap2\"><strong>Tama\u00f1o: para 14&#8243;<br \/>\nPeso: 5 kg<br \/>\nTama\u00f1o del paquete: 47 x 40 x 12 cm<\/strong><strong><br \/>\n<\/strong><\/span><\/p>\n<p>&nbsp;<\/p>\n","protected":false},"excerpt":{"rendered":"<p>Estera de salto est\u00e1ndar de PP adecuada para Jumpfree de 14&#8243;, Jumpking y todas las dem\u00e1s camas el\u00e1sticas de 14&#8243; a las que se puedan acoplar <strong>104 muelles<\/strong>.<\/p>\n<p><strong><u>Nota importante:<\/u><\/strong><br \/>\nLas camas el\u00e1sticas de jard\u00edn Jumpfree Royal y Proline y sus accesorios se clasifican como &#8220;L\u00ednea Premium&#8221; cuando se utilizan en sistemas de cama el\u00e1stica. La calidad de los productos es alta. Sin embargo, estos productos s\u00f3lo son adecuados para uso comercial en combinaci\u00f3n con el sistema el\u00e1stico y en ning\u00fan caso sustituyen a un sistema de cama el\u00e1stica profesional (por ejemplo, Multitramp). Estos productos no est\u00e1n dise\u00f1ados para ese uso.   <\/p>\n","protected":false},"featured_media":13105,"comment_status":"open","ping_status":"closed","template":"","meta":{"_acf_changed":false},"product_brand":[],"product_cat":[219,227],"product_tag":[],"class_list":{"0":"post-13103","1":"product","2":"type-product","3":"status-publish","4":"has-post-thumbnail","6":"product_cat-instalaciones-de-trampolin-elastico","7":"product_cat-trampolines-laterales","9":"first","10":"instock","11":"taxable","12":"shipping-taxable","13":"product-type-simple"},"acf":[],"_links":{"self":[{"href":"https:\/\/freizeit-technik.de\/es\/wp-json\/wp\/v2\/product\/13103","targetHints":{"allow":["GET"]}}],"collection":[{"href":"https:\/\/freizeit-technik.de\/es\/wp-json\/wp\/v2\/product"}],"about":[{"href":"https:\/\/freizeit-technik.de\/es\/wp-json\/wp\/v2\/types\/product"}],"replies":[{"embeddable":true,"href":"https:\/\/freizeit-technik.de\/es\/wp-json\/wp\/v2\/comments?post=13103"}],"wp:featuredmedia":[{"embeddable":true,"href":"https:\/\/freizeit-technik.de\/es\/wp-json\/wp\/v2\/media\/13105"}],"wp:attachment":[{"href":"https:\/\/freizeit-technik.de\/es\/wp-json\/wp\/v2\/media?parent=13103"}],"wp:term":[{"taxonomy":"product_brand","embeddable":true,"href":"https:\/\/freizeit-technik.de\/es\/wp-json\/wp\/v2\/product_brand?post=13103"},{"taxonomy":"product_cat","embeddable":true,"href":"https:\/\/freizeit-technik.de\/es\/wp-json\/wp\/v2\/product_cat?post=13103"},{"taxonomy":"product_tag","embeddable":true,"href":"https:\/\/freizeit-technik.de\/es\/wp-json\/wp\/v2\/product_tag?post=13103"}],"curies":[{"name":"wp","href":"https:\/\/api.w.org\/{rel}","templated":true}]}}