{"id":13124,"date":"2020-04-07T14:32:26","date_gmt":"2020-04-07T12:32:26","guid":{"rendered":"https:\/\/freizeit-technik.de\/shop\/colchoneta-de-salto-para-armazon-de-acero-de-12-o-365-cm-por-ejemplo-highflyer-powerjumper-con-72-muelles\/"},"modified":"2026-04-23T21:08:17","modified_gmt":"2026-04-23T19:08:17","slug":"colchoneta-de-salto-para-armazon-de-acero-de-12-o-365-cm-por-ejemplo-highflyer-powerjumper-con-72-muelles","status":"publish","type":"product","link":"https:\/\/freizeit-technik.de\/es\/shop\/colchoneta-de-salto-para-armazon-de-acero-de-12-o-365-cm-por-ejemplo-highflyer-powerjumper-con-72-muelles\/","title":{"rendered":"Colchoneta de salto para armaz\u00f3n de acero de 12&#8243; o 365 cm, por ejemplo Highflyer\/Powerjumper con 72 muelles"},"content":{"rendered":"<p><span class=\"tx-ttproducts-pi1-wrap2\"><strong>Tama\u00f1o: para 12&#8243;<br \/>\nPeso: 4 kg<br \/>\nTama\u00f1o del paquete: 43 x 40 x 15 cm<\/strong><\/span><\/p>\n","protected":false},"excerpt":{"rendered":"<p>Estera de salto est\u00e1ndar PP adecuada para camas el\u00e1sticas de 12&#8243; o 365 cm, por ejemplo Highflyer y Powerjumper, en la que se prev\u00e9 la fijaci\u00f3n de <strong>72 muelles de 175 mm de longitud (relajados)<\/strong>.<\/p>\n<p><strong><u>Nota importante:<\/u><\/strong><br \/>\nLas camas el\u00e1sticas de jard\u00edn Jumpfree Royal y Proline y sus accesorios se clasifican como &#8220;L\u00ednea Premium&#8221; cuando se utilizan en sistemas de cama el\u00e1stica. La calidad de los productos es alta. Sin embargo, estos productos s\u00f3lo son adecuados para uso comercial en combinaci\u00f3n con el sistema el\u00e1stico y en ning\u00fan caso sustituyen a un sistema de cama el\u00e1stica profesional (por ejemplo, Multitramp). Estos productos no est\u00e1n dise\u00f1ados para ese uso.   <span class=\"apple-converted-space\"> <\/span><\/p>\n","protected":false},"featured_media":13105,"comment_status":"open","ping_status":"closed","template":"","meta":{"_acf_changed":false},"product_brand":[],"product_cat":[219,227],"product_tag":[],"class_list":{"0":"post-13124","1":"product","2":"type-product","3":"status-publish","4":"has-post-thumbnail","6":"product_cat-instalaciones-de-trampolin-elastico","7":"product_cat-trampolines-laterales","9":"first","10":"instock","11":"taxable","12":"shipping-taxable","13":"product-type-simple"},"acf":[],"_links":{"self":[{"href":"https:\/\/freizeit-technik.de\/es\/wp-json\/wp\/v2\/product\/13124","targetHints":{"allow":["GET"]}}],"collection":[{"href":"https:\/\/freizeit-technik.de\/es\/wp-json\/wp\/v2\/product"}],"about":[{"href":"https:\/\/freizeit-technik.de\/es\/wp-json\/wp\/v2\/types\/product"}],"replies":[{"embeddable":true,"href":"https:\/\/freizeit-technik.de\/es\/wp-json\/wp\/v2\/comments?post=13124"}],"wp:featuredmedia":[{"embeddable":true,"href":"https:\/\/freizeit-technik.de\/es\/wp-json\/wp\/v2\/media\/13105"}],"wp:attachment":[{"href":"https:\/\/freizeit-technik.de\/es\/wp-json\/wp\/v2\/media?parent=13124"}],"wp:term":[{"taxonomy":"product_brand","embeddable":true,"href":"https:\/\/freizeit-technik.de\/es\/wp-json\/wp\/v2\/product_brand?post=13124"},{"taxonomy":"product_cat","embeddable":true,"href":"https:\/\/freizeit-technik.de\/es\/wp-json\/wp\/v2\/product_cat?post=13124"},{"taxonomy":"product_tag","embeddable":true,"href":"https:\/\/freizeit-technik.de\/es\/wp-json\/wp\/v2\/product_tag?post=13124"}],"curies":[{"name":"wp","href":"https:\/\/api.w.org\/{rel}","templated":true}]}}