{"id":13130,"date":"2020-04-06T14:15:03","date_gmt":"2020-04-06T12:15:03","guid":{"rendered":"https:\/\/freizeit-technik.de\/shop\/estera-de-salto-para-proline-de-10\/"},"modified":"2026-04-23T21:17:47","modified_gmt":"2026-04-23T19:17:47","slug":"estera-de-salto-para-proline-de-10","status":"publish","type":"product","link":"https:\/\/freizeit-technik.de\/es\/shop\/estera-de-salto-para-proline-de-10\/","title":{"rendered":"Estera de salto para Proline de 10"},"content":{"rendered":"<p><span class=\"tx-ttproducts-pi1-wrap2\"><strong>Tama\u00f1o: para 10&#8243;<br \/>\nPeso: 4 kg<br \/>\nTama\u00f1o del paquete: 42 x 33 x 15 cm<\/strong><strong><br \/>\n<\/strong><\/span><\/p>\n<p>&nbsp;<\/p>\n","protected":false},"excerpt":{"rendered":"<p>Estera de salto est\u00e1ndar PP adecuada para camas el\u00e1sticas Pro-Line de 10&#8243; y todas las dem\u00e1s camas el\u00e1sticas de 10&#8243; a las que deban fijarse<strong> 72 muelles<\/strong>.<\/p>\n","protected":false},"featured_media":13105,"comment_status":"open","ping_status":"closed","template":"","meta":{"_acf_changed":false},"product_brand":[],"product_cat":[219,227],"product_tag":[],"class_list":{"0":"post-13130","1":"product","2":"type-product","3":"status-publish","4":"has-post-thumbnail","6":"product_cat-instalaciones-de-trampolin-elastico","7":"product_cat-trampolines-laterales","9":"first","10":"instock","11":"taxable","12":"shipping-taxable","13":"purchasable","14":"product-type-simple"},"acf":[],"_links":{"self":[{"href":"https:\/\/freizeit-technik.de\/es\/wp-json\/wp\/v2\/product\/13130","targetHints":{"allow":["GET"]}}],"collection":[{"href":"https:\/\/freizeit-technik.de\/es\/wp-json\/wp\/v2\/product"}],"about":[{"href":"https:\/\/freizeit-technik.de\/es\/wp-json\/wp\/v2\/types\/product"}],"replies":[{"embeddable":true,"href":"https:\/\/freizeit-technik.de\/es\/wp-json\/wp\/v2\/comments?post=13130"}],"wp:featuredmedia":[{"embeddable":true,"href":"https:\/\/freizeit-technik.de\/es\/wp-json\/wp\/v2\/media\/13105"}],"wp:attachment":[{"href":"https:\/\/freizeit-technik.de\/es\/wp-json\/wp\/v2\/media?parent=13130"}],"wp:term":[{"taxonomy":"product_brand","embeddable":true,"href":"https:\/\/freizeit-technik.de\/es\/wp-json\/wp\/v2\/product_brand?post=13130"},{"taxonomy":"product_cat","embeddable":true,"href":"https:\/\/freizeit-technik.de\/es\/wp-json\/wp\/v2\/product_cat?post=13130"},{"taxonomy":"product_tag","embeddable":true,"href":"https:\/\/freizeit-technik.de\/es\/wp-json\/wp\/v2\/product_tag?post=13130"}],"curies":[{"name":"wp","href":"https:\/\/api.w.org\/{rel}","templated":true}]}}