{"id":13132,"date":"2020-03-29T21:24:31","date_gmt":"2020-03-29T19:24:31","guid":{"rendered":"https:\/\/freizeit-technik.de\/shop\/alfombra-de-salto-para-proline-23-con-64-muelles\/"},"modified":"2026-04-23T21:17:50","modified_gmt":"2026-04-23T19:17:50","slug":"alfombra-de-salto-para-proline-23-con-64-muelles","status":"publish","type":"product","link":"https:\/\/freizeit-technik.de\/es\/shop\/alfombra-de-salto-para-proline-23-con-64-muelles\/","title":{"rendered":"Alfombra de salto para Proline 23 con 64 muelles"},"content":{"rendered":"<p><span class=\"tx-ttproducts-pi1-wrap2\"><strong>Tama\u00f1o: para Proline 23<br \/>\nPeso: 3 kg<br \/>\nTama\u00f1o del paquete: 43 x 40 x 15 cm<\/strong><\/span><\/p>\n","protected":false},"excerpt":{"rendered":"<p>Estera de salto est\u00e1ndar de PP adecuada para camas el\u00e1sticas Proline 23 con un tama\u00f1o de bastidor de 300 x 225 cm, a la que se deben fijar <strong>64 muelles<\/strong>.<\/p>\n<p>&nbsp;<\/p>\n","protected":false},"featured_media":13134,"comment_status":"open","ping_status":"closed","template":"","meta":{"_acf_changed":false},"product_brand":[],"product_cat":[219,227],"product_tag":[],"class_list":{"0":"post-13132","1":"product","2":"type-product","3":"status-publish","4":"has-post-thumbnail","6":"product_cat-instalaciones-de-trampolin-elastico","7":"product_cat-trampolines-laterales","9":"first","10":"instock","11":"taxable","12":"shipping-taxable","13":"product-type-simple"},"acf":[],"_links":{"self":[{"href":"https:\/\/freizeit-technik.de\/es\/wp-json\/wp\/v2\/product\/13132","targetHints":{"allow":["GET"]}}],"collection":[{"href":"https:\/\/freizeit-technik.de\/es\/wp-json\/wp\/v2\/product"}],"about":[{"href":"https:\/\/freizeit-technik.de\/es\/wp-json\/wp\/v2\/types\/product"}],"replies":[{"embeddable":true,"href":"https:\/\/freizeit-technik.de\/es\/wp-json\/wp\/v2\/comments?post=13132"}],"wp:featuredmedia":[{"embeddable":true,"href":"https:\/\/freizeit-technik.de\/es\/wp-json\/wp\/v2\/media\/13134"}],"wp:attachment":[{"href":"https:\/\/freizeit-technik.de\/es\/wp-json\/wp\/v2\/media?parent=13132"}],"wp:term":[{"taxonomy":"product_brand","embeddable":true,"href":"https:\/\/freizeit-technik.de\/es\/wp-json\/wp\/v2\/product_brand?post=13132"},{"taxonomy":"product_cat","embeddable":true,"href":"https:\/\/freizeit-technik.de\/es\/wp-json\/wp\/v2\/product_cat?post=13132"},{"taxonomy":"product_tag","embeddable":true,"href":"https:\/\/freizeit-technik.de\/es\/wp-json\/wp\/v2\/product_tag?post=13132"}],"curies":[{"name":"wp","href":"https:\/\/api.w.org\/{rel}","templated":true}]}}