{"id":13151,"date":"2018-03-29T21:00:21","date_gmt":"2018-03-29T19:00:21","guid":{"rendered":"https:\/\/freizeit-technik.de\/shop\/estera-de-salto-para-proline-de-8-con-60-muelles\/"},"modified":"2026-04-23T21:18:22","modified_gmt":"2026-04-23T19:18:22","slug":"estera-de-salto-para-proline-de-8-con-60-muelles","status":"publish","type":"product","link":"https:\/\/freizeit-technik.de\/es\/shop\/estera-de-salto-para-proline-de-8-con-60-muelles\/","title":{"rendered":"Estera de salto para Proline de 8&#8243; con 60 muelles"},"content":{"rendered":"<p><span class=\"tx-ttproducts-pi1-wrap2\"><strong>Tama\u00f1o: para 8&#8243;<br \/>\nPeso: 3 kg<br \/>\nTama\u00f1o del paquete: 43 x 40 x 15 cm<\/strong><\/span><\/p>\n","protected":false},"excerpt":{"rendered":"<p>Estera de salto est\u00e1ndar PP adecuada para camas el\u00e1sticas Proline de 8&#8243; a las que se fijar\u00e1n <strong>60 muelles<\/strong>.<\/p>\n<p>&nbsp;<\/p>\n","protected":false},"featured_media":13105,"comment_status":"open","ping_status":"closed","template":"","meta":{"_acf_changed":false},"product_brand":[],"product_cat":[219,227],"product_tag":[],"class_list":{"0":"post-13151","1":"product","2":"type-product","3":"status-publish","4":"has-post-thumbnail","6":"product_cat-instalaciones-de-trampolin-elastico","7":"product_cat-trampolines-laterales","9":"first","10":"instock","11":"taxable","12":"shipping-taxable","13":"product-type-simple"},"acf":[],"_links":{"self":[{"href":"https:\/\/freizeit-technik.de\/es\/wp-json\/wp\/v2\/product\/13151","targetHints":{"allow":["GET"]}}],"collection":[{"href":"https:\/\/freizeit-technik.de\/es\/wp-json\/wp\/v2\/product"}],"about":[{"href":"https:\/\/freizeit-technik.de\/es\/wp-json\/wp\/v2\/types\/product"}],"replies":[{"embeddable":true,"href":"https:\/\/freizeit-technik.de\/es\/wp-json\/wp\/v2\/comments?post=13151"}],"wp:featuredmedia":[{"embeddable":true,"href":"https:\/\/freizeit-technik.de\/es\/wp-json\/wp\/v2\/media\/13105"}],"wp:attachment":[{"href":"https:\/\/freizeit-technik.de\/es\/wp-json\/wp\/v2\/media?parent=13151"}],"wp:term":[{"taxonomy":"product_brand","embeddable":true,"href":"https:\/\/freizeit-technik.de\/es\/wp-json\/wp\/v2\/product_brand?post=13151"},{"taxonomy":"product_cat","embeddable":true,"href":"https:\/\/freizeit-technik.de\/es\/wp-json\/wp\/v2\/product_cat?post=13151"},{"taxonomy":"product_tag","embeddable":true,"href":"https:\/\/freizeit-technik.de\/es\/wp-json\/wp\/v2\/product_tag?post=13151"}],"curies":[{"name":"wp","href":"https:\/\/api.w.org\/{rel}","templated":true}]}}