{"id":13174,"date":"2026-04-19T20:27:02","date_gmt":"2026-04-19T18:27:02","guid":{"rendered":"https:\/\/freizeit-technik.de\/shop\/precio-especial-8-mosquetones-rollclip-a-con-polea\/"},"modified":"2026-04-23T21:44:35","modified_gmt":"2026-04-23T19:44:35","slug":"precio-especial-8-mosquetones-rollclip-a-con-polea","status":"publish","type":"product","link":"https:\/\/freizeit-technik.de\/es\/shop\/precio-especial-8-mosquetones-rollclip-a-con-polea\/","title":{"rendered":"Precio especial: 8 mosquetones Rollclip A con polea"},"content":{"rendered":"<ul>\n<li>Material: Aluminio<\/li>\n<li>Di\u00e1metro m\u00edn.: 7 mm<\/li>\n<li>Di\u00e1metro m\u00e1x.: 13 mm<\/li>\n<li>Di\u00e1metro de la polea: 18 mm<\/li>\n<li>Carga m\u00e1xima de trabajo: 2 x 2 = 4 kN<\/li>\n<li>Eficacia: 85<\/li>\n<li>Carga de rotura longitudinal: 20 kN<\/li>\n<li>Carga de rotura transversal: 8 kN<\/li>\n<li>Carga de rotura pargo abierto: 7 kN<\/li>\n<\/ul>\n","protected":false},"excerpt":{"rendered":"<p class=\"productSubtitle\">Mosquet\u00f3n con polea de cuerda para fijar f\u00e1cilmente la cuerda cuando el mosquet\u00f3n est\u00e1 sujeto al punto de anclaje<\/p>\n<div class=\"productCaracteristiquesPosition inlineblock\">\n<p class=\"productCaracteristiques inlineblock\">El mosquet\u00f3n con polea ROLLCLIP A tiene una compuerta que se abre hacia la polea para facilitar la fijaci\u00f3n de la cuerda cuando est\u00e1 sujeta al punto de anclaje. Est\u00e1 disponible con el sistema de bloqueo autom\u00e1tico TRIACT-LOCK o sin sistema de bloqueo. El ROLLCLIP A puede combinarse con el soporte de posicionamiento CAPTIV para favorecer la carga sobre el mosquet\u00f3n en el eje longitudinal, evitar que se retuerza y garantizar que forme una unidad fija con el dispositivo.  <\/p>\n<\/div>\n","protected":false},"featured_media":10798,"comment_status":"open","ping_status":"closed","template":"","meta":{"_acf_changed":false},"product_brand":[],"product_cat":[230,219],"product_tag":[],"class_list":{"0":"post-13174","1":"product","2":"type-product","3":"status-publish","4":"has-post-thumbnail","6":"product_cat-carabiner-co","7":"product_cat-instalaciones-de-trampolin-elastico","9":"first","10":"instock","11":"taxable","12":"shipping-taxable","13":"product-type-simple"},"acf":[],"_links":{"self":[{"href":"https:\/\/freizeit-technik.de\/es\/wp-json\/wp\/v2\/product\/13174","targetHints":{"allow":["GET"]}}],"collection":[{"href":"https:\/\/freizeit-technik.de\/es\/wp-json\/wp\/v2\/product"}],"about":[{"href":"https:\/\/freizeit-technik.de\/es\/wp-json\/wp\/v2\/types\/product"}],"replies":[{"embeddable":true,"href":"https:\/\/freizeit-technik.de\/es\/wp-json\/wp\/v2\/comments?post=13174"}],"wp:featuredmedia":[{"embeddable":true,"href":"https:\/\/freizeit-technik.de\/es\/wp-json\/wp\/v2\/media\/10798"}],"wp:attachment":[{"href":"https:\/\/freizeit-technik.de\/es\/wp-json\/wp\/v2\/media?parent=13174"}],"wp:term":[{"taxonomy":"product_brand","embeddable":true,"href":"https:\/\/freizeit-technik.de\/es\/wp-json\/wp\/v2\/product_brand?post=13174"},{"taxonomy":"product_cat","embeddable":true,"href":"https:\/\/freizeit-technik.de\/es\/wp-json\/wp\/v2\/product_cat?post=13174"},{"taxonomy":"product_tag","embeddable":true,"href":"https:\/\/freizeit-technik.de\/es\/wp-json\/wp\/v2\/product_tag?post=13174"}],"curies":[{"name":"wp","href":"https:\/\/api.w.org\/{rel}","templated":true}]}}