{"id":13187,"date":"2026-04-19T19:25:29","date_gmt":"2026-04-19T17:25:29","guid":{"rendered":"https:\/\/freizeit-technik.de\/shop\/precio-especial-mosqueton-de-rosca-de-aluminio-ct\/"},"modified":"2026-04-23T21:44:54","modified_gmt":"2026-04-23T19:44:54","slug":"precio-especial-mosqueton-de-rosca-de-aluminio-ct","status":"publish","type":"product","link":"https:\/\/freizeit-technik.de\/es\/shop\/precio-especial-mosqueton-de-rosca-de-aluminio-ct\/","title":{"rendered":"Precio especial: Mosquet\u00f3n de rosca de aluminio CT"},"content":{"rendered":"","protected":false},"excerpt":{"rendered":"<p>Mosquet\u00f3n de aluminio de alta calidad con cierre manual de rosca de fabricaci\u00f3n europea.<\/p>\n","protected":false},"featured_media":10747,"comment_status":"open","ping_status":"closed","template":"","meta":{"_acf_changed":false},"product_brand":[],"product_cat":[230,219],"product_tag":[],"class_list":{"0":"post-13187","1":"product","2":"type-product","3":"status-publish","4":"has-post-thumbnail","6":"product_cat-carabiner-co","7":"product_cat-instalaciones-de-trampolin-elastico","9":"first","10":"instock","11":"taxable","12":"shipping-taxable","13":"product-type-simple"},"acf":[],"_links":{"self":[{"href":"https:\/\/freizeit-technik.de\/es\/wp-json\/wp\/v2\/product\/13187","targetHints":{"allow":["GET"]}}],"collection":[{"href":"https:\/\/freizeit-technik.de\/es\/wp-json\/wp\/v2\/product"}],"about":[{"href":"https:\/\/freizeit-technik.de\/es\/wp-json\/wp\/v2\/types\/product"}],"replies":[{"embeddable":true,"href":"https:\/\/freizeit-technik.de\/es\/wp-json\/wp\/v2\/comments?post=13187"}],"wp:featuredmedia":[{"embeddable":true,"href":"https:\/\/freizeit-technik.de\/es\/wp-json\/wp\/v2\/media\/10747"}],"wp:attachment":[{"href":"https:\/\/freizeit-technik.de\/es\/wp-json\/wp\/v2\/media?parent=13187"}],"wp:term":[{"taxonomy":"product_brand","embeddable":true,"href":"https:\/\/freizeit-technik.de\/es\/wp-json\/wp\/v2\/product_brand?post=13187"},{"taxonomy":"product_cat","embeddable":true,"href":"https:\/\/freizeit-technik.de\/es\/wp-json\/wp\/v2\/product_cat?post=13187"},{"taxonomy":"product_tag","embeddable":true,"href":"https:\/\/freizeit-technik.de\/es\/wp-json\/wp\/v2\/product_tag?post=13187"}],"curies":[{"name":"wp","href":"https:\/\/api.w.org\/{rel}","templated":true}]}}