{"id":13197,"date":"2017-06-10T15:48:47","date_gmt":"2017-06-10T13:48:47","guid":{"rendered":"https:\/\/freizeit-technik.de\/shop\/mosqueton-trilock-de-aluminio-ct\/"},"modified":"2026-04-23T21:45:17","modified_gmt":"2026-04-23T19:45:17","slug":"mosqueton-trilock-de-aluminio-ct","status":"publish","type":"product","link":"https:\/\/freizeit-technik.de\/es\/shop\/mosqueton-trilock-de-aluminio-ct\/","title":{"rendered":"Mosquet\u00f3n trilock de aluminio &#8220;CT"},"content":{"rendered":"<p><span class=\"tx-ttproducts-pi1-wrap2\"><strong>Peso: 0,091 kg<br \/>\nColor: negro mate<br \/>\n<\/strong><strong>Capacidad de carga est\u00e1tica<\/strong><strong> 22 kN<br \/>\nCertificaci\u00f3n: EN 362:2004<\/strong><\/span><\/p>\n<p><strong> <\/strong><\/p>\n<p><img loading=\"lazy\" decoding=\"async\" class=\"alignnone size-full wp-image-684\" src=\"https:\/\/freizeit-technik.de\/wp-content\/uploads\/2017\/03\/Q_eu-1.gif\" alt=\"\" width=\"64\" height=\"64\"><img loading=\"lazy\" decoding=\"async\" class=\"alignnone size-full wp-image-694\" src=\"https:\/\/freizeit-technik.de\/wp-content\/uploads\/2017\/03\/premium_line.gif\" alt=\"\" width=\"119\" height=\"64\"><img loading=\"lazy\" decoding=\"async\" class=\"alignnone size-full wp-image-448\" src=\"https:\/\/freizeit-technik.de\/wp-content\/uploads\/2017\/02\/exclusively_JS.gif\" alt=\"\" width=\"119\" height=\"64\"><\/p>\n","protected":false},"excerpt":{"rendered":"<p>Mosquet\u00f3n de aluminio con cierre de seguridad Trilock. Primero debe practicarse la secuencia de movimientos para intercambiar los el\u00e1sticos individuales para ajustar el peso. El cierre de seguridad Trilock garantiza la m\u00e1xima seguridad contra la apertura involuntaria.  <\/p>\n<p>Procedentes de una renombrada producci\u00f3n de la UE, estos mosquetones se caracterizan por una elaboraci\u00f3n precisa al m\u00e1s alto nivel de calidad. Sin punto de enganche en la abertura del mosquet\u00f3n para un trabajo r\u00e1pido. <\/p>\n","protected":false},"featured_media":13198,"comment_status":"open","ping_status":"closed","template":"","meta":{"_acf_changed":false},"product_brand":[],"product_cat":[230],"product_tag":[],"class_list":{"0":"post-13197","1":"product","2":"type-product","3":"status-publish","4":"has-post-thumbnail","6":"product_cat-carabiner-co","8":"first","9":"instock","10":"taxable","11":"shipping-taxable","12":"purchasable","13":"product-type-simple"},"acf":[],"_links":{"self":[{"href":"https:\/\/freizeit-technik.de\/es\/wp-json\/wp\/v2\/product\/13197","targetHints":{"allow":["GET"]}}],"collection":[{"href":"https:\/\/freizeit-technik.de\/es\/wp-json\/wp\/v2\/product"}],"about":[{"href":"https:\/\/freizeit-technik.de\/es\/wp-json\/wp\/v2\/types\/product"}],"replies":[{"embeddable":true,"href":"https:\/\/freizeit-technik.de\/es\/wp-json\/wp\/v2\/comments?post=13197"}],"wp:featuredmedia":[{"embeddable":true,"href":"https:\/\/freizeit-technik.de\/es\/wp-json\/wp\/v2\/media\/13198"}],"wp:attachment":[{"href":"https:\/\/freizeit-technik.de\/es\/wp-json\/wp\/v2\/media?parent=13197"}],"wp:term":[{"taxonomy":"product_brand","embeddable":true,"href":"https:\/\/freizeit-technik.de\/es\/wp-json\/wp\/v2\/product_brand?post=13197"},{"taxonomy":"product_cat","embeddable":true,"href":"https:\/\/freizeit-technik.de\/es\/wp-json\/wp\/v2\/product_cat?post=13197"},{"taxonomy":"product_tag","embeddable":true,"href":"https:\/\/freizeit-technik.de\/es\/wp-json\/wp\/v2\/product_tag?post=13197"}],"curies":[{"name":"wp","href":"https:\/\/api.w.org\/{rel}","templated":true}]}}