{"id":13205,"date":"2017-06-01T15:50:41","date_gmt":"2017-06-01T13:50:41","guid":{"rendered":"https:\/\/freizeit-technik.de\/shop\/mosqueton-petzl-de-aluminio-con-cierre-de-bola\/"},"modified":"2026-04-23T21:45:22","modified_gmt":"2026-04-23T19:45:22","slug":"mosqueton-petzl-de-aluminio-con-cierre-de-bola","status":"publish","type":"product","link":"https:\/\/freizeit-technik.de\/es\/shop\/mosqueton-petzl-de-aluminio-con-cierre-de-bola\/","title":{"rendered":"Mosquet\u00f3n &#8220;Petzl&#8221; de aluminio con cierre de bola"},"content":{"rendered":"<p><span class=\"tx-ttproducts-pi1-wrap2\"><strong>Peso: 0,094 kg<br \/>\nColor: gris-violeta<br \/>\nCapacidad de carga est\u00e1tica: 28 kN<br \/>\nCertificaci\u00f3n: EN 362:2004<\/strong><\/span><\/p>\n","protected":false},"excerpt":{"rendered":"<p>Mosquet\u00f3n grande de aluminio en forma de pera con cierre de bola. Para abrir el mosquet\u00f3n, hay que presionar la bola verde y girar el cierre al mismo tiempo. El cierre de bola garantiza la m\u00e1xima seguridad.  <\/p>\n<p>Mosquet\u00f3n de alta calidad Petzl de eficacia probada.<\/p>\n","protected":false},"featured_media":13206,"comment_status":"open","ping_status":"closed","template":"","meta":{"_acf_changed":false},"product_brand":[],"product_cat":[230],"product_tag":[],"class_list":{"0":"post-13205","1":"product","2":"type-product","3":"status-publish","4":"has-post-thumbnail","6":"product_cat-carabiner-co","8":"first","9":"instock","10":"taxable","11":"shipping-taxable","12":"purchasable","13":"product-type-simple"},"acf":[],"_links":{"self":[{"href":"https:\/\/freizeit-technik.de\/es\/wp-json\/wp\/v2\/product\/13205","targetHints":{"allow":["GET"]}}],"collection":[{"href":"https:\/\/freizeit-technik.de\/es\/wp-json\/wp\/v2\/product"}],"about":[{"href":"https:\/\/freizeit-technik.de\/es\/wp-json\/wp\/v2\/types\/product"}],"replies":[{"embeddable":true,"href":"https:\/\/freizeit-technik.de\/es\/wp-json\/wp\/v2\/comments?post=13205"}],"wp:featuredmedia":[{"embeddable":true,"href":"https:\/\/freizeit-technik.de\/es\/wp-json\/wp\/v2\/media\/13206"}],"wp:attachment":[{"href":"https:\/\/freizeit-technik.de\/es\/wp-json\/wp\/v2\/media?parent=13205"}],"wp:term":[{"taxonomy":"product_brand","embeddable":true,"href":"https:\/\/freizeit-technik.de\/es\/wp-json\/wp\/v2\/product_brand?post=13205"},{"taxonomy":"product_cat","embeddable":true,"href":"https:\/\/freizeit-technik.de\/es\/wp-json\/wp\/v2\/product_cat?post=13205"},{"taxonomy":"product_tag","embeddable":true,"href":"https:\/\/freizeit-technik.de\/es\/wp-json\/wp\/v2\/product_tag?post=13205"}],"curies":[{"name":"wp","href":"https:\/\/api.w.org\/{rel}","templated":true}]}}