{"id":13226,"date":"2017-06-25T15:47:01","date_gmt":"2017-06-25T13:47:01","guid":{"rendered":"https:\/\/freizeit-technik.de\/shop\/mosqueton-twistlock-de-aluminio-jsbasic\/"},"modified":"2026-04-23T21:45:31","modified_gmt":"2026-04-23T19:45:31","slug":"mosqueton-twistlock-de-aluminio-jsbasic","status":"publish","type":"product","link":"https:\/\/freizeit-technik.de\/es\/shop\/mosqueton-twistlock-de-aluminio-jsbasic\/","title":{"rendered":"Mosquet\u00f3n twistlock de aluminio &#8220;JSbasic&#8221;"},"content":{"rendered":"<p><span class=\"tx-ttproducts-pi1-wrap2\"><strong>Peso: 0,085 kg<br \/>\nColor: plata<br \/>\n<\/strong><strong>Capacidad de carga est\u00e1tica<\/strong><strong> <\/strong><strong>22 kN<br \/>\nCertificaci\u00f3n: EN 362:2004<\/strong><\/span><\/p>\n<p><strong> <\/strong><\/p>\n<p><img loading=\"lazy\" decoding=\"async\" class=\"alignnone size-full wp-image-688\" src=\"https:\/\/freizeit-technik.de\/wp-content\/uploads\/2017\/03\/Q_asia-1.gif\" alt=\"\" width=\"64\" height=\"64\"><img loading=\"lazy\" decoding=\"async\" class=\"alignnone size-full wp-image-739\" src=\"https:\/\/freizeit-technik.de\/wp-content\/uploads\/2017\/03\/basic_line.jpg.gif\" alt=\"\" width=\"119\" height=\"64\"><\/p>\n","protected":false},"excerpt":{"rendered":"<p>Mosquet\u00f3n de aluminio con dispositivo de seguridad twistlock. La secuencia de movimientos para sustituir los el\u00e1sticos individuales para ajustar el peso es extremadamente sencilla y resulta f\u00e1cil incluso para usuarios inexpertos. El dispositivo de seguridad twistlock garantiza un alto nivel de seguridad contra la apertura involuntaria.  <\/p>\n<p>Ten en cuenta las explicaciones de nuestras etiquetas para la L\u00ednea B\u00e1sica.<\/p>\n","protected":false},"featured_media":13227,"comment_status":"open","ping_status":"closed","template":"","meta":{"_acf_changed":false},"product_brand":[],"product_cat":[230],"product_tag":[],"class_list":{"0":"post-13226","1":"product","2":"type-product","3":"status-publish","4":"has-post-thumbnail","6":"product_cat-carabiner-co","8":"first","9":"instock","10":"taxable","11":"shipping-taxable","12":"purchasable","13":"product-type-simple"},"acf":[],"_links":{"self":[{"href":"https:\/\/freizeit-technik.de\/es\/wp-json\/wp\/v2\/product\/13226","targetHints":{"allow":["GET"]}}],"collection":[{"href":"https:\/\/freizeit-technik.de\/es\/wp-json\/wp\/v2\/product"}],"about":[{"href":"https:\/\/freizeit-technik.de\/es\/wp-json\/wp\/v2\/types\/product"}],"replies":[{"embeddable":true,"href":"https:\/\/freizeit-technik.de\/es\/wp-json\/wp\/v2\/comments?post=13226"}],"wp:featuredmedia":[{"embeddable":true,"href":"https:\/\/freizeit-technik.de\/es\/wp-json\/wp\/v2\/media\/13227"}],"wp:attachment":[{"href":"https:\/\/freizeit-technik.de\/es\/wp-json\/wp\/v2\/media?parent=13226"}],"wp:term":[{"taxonomy":"product_brand","embeddable":true,"href":"https:\/\/freizeit-technik.de\/es\/wp-json\/wp\/v2\/product_brand?post=13226"},{"taxonomy":"product_cat","embeddable":true,"href":"https:\/\/freizeit-technik.de\/es\/wp-json\/wp\/v2\/product_cat?post=13226"},{"taxonomy":"product_tag","embeddable":true,"href":"https:\/\/freizeit-technik.de\/es\/wp-json\/wp\/v2\/product_tag?post=13226"}],"curies":[{"name":"wp","href":"https:\/\/api.w.org\/{rel}","templated":true}]}}