{"id":13234,"date":"2017-06-19T15:45:09","date_gmt":"2017-06-19T13:45:09","guid":{"rendered":"https:\/\/freizeit-technik.de\/shop\/mosqueton-ct-de-aluminio-con-cierre-giratorio\/"},"modified":"2026-04-23T21:45:37","modified_gmt":"2026-04-23T19:45:37","slug":"mosqueton-ct-de-aluminio-con-cierre-giratorio","status":"publish","type":"product","link":"https:\/\/freizeit-technik.de\/es\/shop\/mosqueton-ct-de-aluminio-con-cierre-giratorio\/","title":{"rendered":"Mosquet\u00f3n &#8220;CT&#8221; de aluminio con cierre giratorio"},"content":{"rendered":"<p><span class=\"tx-ttproducts-pi1-wrap2\"><strong>Peso: 0,088 kg<br \/>\nColor: negro mate<br \/>\n<\/strong><strong>Capacidad de carga est\u00e1tica<\/strong><strong> <\/strong><strong>22 kN<br \/>\nCertificaci\u00f3n: EN 362<\/strong><\/span><\/p>\n<p><strong> <\/strong><\/p>\n<p><img loading=\"lazy\" decoding=\"async\" class=\"alignnone size-full wp-image-690\" src=\"https:\/\/freizeit-technik.de\/wp-content\/uploads\/2017\/03\/empfehlung.gif\" alt=\"\" width=\"198\" height=\"64\"><img loading=\"lazy\" decoding=\"async\" class=\"alignnone size-full wp-image-684\" src=\"https:\/\/freizeit-technik.de\/wp-content\/uploads\/2017\/03\/Q_eu-1.gif\" alt=\"\" width=\"64\" height=\"64\"><img loading=\"lazy\" decoding=\"async\" class=\"alignnone size-full wp-image-694\" src=\"https:\/\/freizeit-technik.de\/wp-content\/uploads\/2017\/03\/premium_line.gif\" alt=\"\" width=\"119\" height=\"64\"><img loading=\"lazy\" decoding=\"async\" class=\"alignnone size-full wp-image-448\" src=\"https:\/\/freizeit-technik.de\/wp-content\/uploads\/2017\/02\/exclusively_JS.gif\" alt=\"\" width=\"119\" height=\"64\"><\/p>\n","protected":false},"excerpt":{"rendered":"<p>Mosquet\u00f3n de aluminio con dispositivo de seguridad twistlock. La secuencia de movimientos para sustituir los el\u00e1sticos individuales para ajustar el peso es extremadamente sencilla y resulta f\u00e1cil incluso para usuarios inexpertos. El dispositivo de seguridad twistlock garantiza un alto nivel de seguridad contra la apertura involuntaria.  <\/p>\n<p>Procedentes de una renombrada producci\u00f3n de la UE, estos mosquetones se caracterizan por una elaboraci\u00f3n precisa al m\u00e1s alto nivel de calidad. Sin punto de enganche en la abertura del mosquet\u00f3n para un trabajo r\u00e1pido. <\/p>\n","protected":false},"featured_media":13235,"comment_status":"open","ping_status":"closed","template":"","meta":{"_acf_changed":false},"product_brand":[],"product_cat":[230,219],"product_tag":[],"class_list":{"0":"post-13234","1":"product","2":"type-product","3":"status-publish","4":"has-post-thumbnail","6":"product_cat-carabiner-co","7":"product_cat-instalaciones-de-trampolin-elastico","9":"first","10":"instock","11":"taxable","12":"shipping-taxable","13":"purchasable","14":"product-type-simple"},"acf":[],"_links":{"self":[{"href":"https:\/\/freizeit-technik.de\/es\/wp-json\/wp\/v2\/product\/13234","targetHints":{"allow":["GET"]}}],"collection":[{"href":"https:\/\/freizeit-technik.de\/es\/wp-json\/wp\/v2\/product"}],"about":[{"href":"https:\/\/freizeit-technik.de\/es\/wp-json\/wp\/v2\/types\/product"}],"replies":[{"embeddable":true,"href":"https:\/\/freizeit-technik.de\/es\/wp-json\/wp\/v2\/comments?post=13234"}],"wp:featuredmedia":[{"embeddable":true,"href":"https:\/\/freizeit-technik.de\/es\/wp-json\/wp\/v2\/media\/13235"}],"wp:attachment":[{"href":"https:\/\/freizeit-technik.de\/es\/wp-json\/wp\/v2\/media?parent=13234"}],"wp:term":[{"taxonomy":"product_brand","embeddable":true,"href":"https:\/\/freizeit-technik.de\/es\/wp-json\/wp\/v2\/product_brand?post=13234"},{"taxonomy":"product_cat","embeddable":true,"href":"https:\/\/freizeit-technik.de\/es\/wp-json\/wp\/v2\/product_cat?post=13234"},{"taxonomy":"product_tag","embeddable":true,"href":"https:\/\/freizeit-technik.de\/es\/wp-json\/wp\/v2\/product_tag?post=13234"}],"curies":[{"name":"wp","href":"https:\/\/api.w.org\/{rel}","templated":true}]}}