{"id":13248,"date":"2017-06-27T15:43:47","date_gmt":"2017-06-27T13:43:47","guid":{"rendered":"https:\/\/freizeit-technik.de\/shop\/mosqueton-enroscable-de-aluminio-ct\/"},"modified":"2026-04-23T21:45:46","modified_gmt":"2026-04-23T19:45:46","slug":"mosqueton-enroscable-de-aluminio-ct","status":"publish","type":"product","link":"https:\/\/freizeit-technik.de\/es\/shop\/mosqueton-enroscable-de-aluminio-ct\/","title":{"rendered":"Mosquet\u00f3n enroscable de aluminio &#8220;CT"},"content":{"rendered":"<p><span class=\"tx-ttproducts-pi1-wrap2\"><strong>Peso: 0,085 kg<br \/>\nColor: negro mate y plata<br \/>\n<\/strong><strong>Capacidad de carga est\u00e1tica<\/strong><strong> 22 kN<br \/>\nCertificaci\u00f3n: EN 362:2004<\/strong><strong><br \/>\n<\/strong><\/span><\/p>\n<p>&nbsp;<\/p>\n","protected":false},"excerpt":{"rendered":"<p>Mosquet\u00f3n de aluminio con cierre de rosca.<\/p>\n<p>Procedentes de una renombrada producci\u00f3n de la UE, estos mosquetones se caracterizan por una elaboraci\u00f3n precisa al m\u00e1s alto nivel de calidad. Sin punto de enganche en la abertura del mosquet\u00f3n para un trabajo r\u00e1pido. <\/p>\n","protected":false},"featured_media":13249,"comment_status":"open","ping_status":"closed","template":"","meta":{"_acf_changed":false},"product_brand":[],"product_cat":[230,219],"product_tag":[],"class_list":{"0":"post-13248","1":"product","2":"type-product","3":"status-publish","4":"has-post-thumbnail","6":"product_cat-carabiner-co","7":"product_cat-instalaciones-de-trampolin-elastico","9":"first","10":"instock","11":"taxable","12":"shipping-taxable","13":"purchasable","14":"product-type-simple"},"acf":[],"_links":{"self":[{"href":"https:\/\/freizeit-technik.de\/es\/wp-json\/wp\/v2\/product\/13248","targetHints":{"allow":["GET"]}}],"collection":[{"href":"https:\/\/freizeit-technik.de\/es\/wp-json\/wp\/v2\/product"}],"about":[{"href":"https:\/\/freizeit-technik.de\/es\/wp-json\/wp\/v2\/types\/product"}],"replies":[{"embeddable":true,"href":"https:\/\/freizeit-technik.de\/es\/wp-json\/wp\/v2\/comments?post=13248"}],"wp:featuredmedia":[{"embeddable":true,"href":"https:\/\/freizeit-technik.de\/es\/wp-json\/wp\/v2\/media\/13249"}],"wp:attachment":[{"href":"https:\/\/freizeit-technik.de\/es\/wp-json\/wp\/v2\/media?parent=13248"}],"wp:term":[{"taxonomy":"product_brand","embeddable":true,"href":"https:\/\/freizeit-technik.de\/es\/wp-json\/wp\/v2\/product_brand?post=13248"},{"taxonomy":"product_cat","embeddable":true,"href":"https:\/\/freizeit-technik.de\/es\/wp-json\/wp\/v2\/product_cat?post=13248"},{"taxonomy":"product_tag","embeddable":true,"href":"https:\/\/freizeit-technik.de\/es\/wp-json\/wp\/v2\/product_tag?post=13248"}],"curies":[{"name":"wp","href":"https:\/\/api.w.org\/{rel}","templated":true}]}}