{"id":13323,"date":"2026-03-19T12:00:54","date_gmt":"2026-03-19T11:00:54","guid":{"rendered":"https:\/\/freizeit-technik.de\/shop\/sistema-de-disco-rotor-para-tiras-de-latex-tipo-4-incluye-4-eslabones-giratorios\/"},"modified":"2026-04-24T10:14:53","modified_gmt":"2026-04-24T08:14:53","slug":"sistema-de-disco-rotor-para-tiras-de-latex-tipo-4-incluye-4-eslabones-giratorios","status":"publish","type":"product","link":"https:\/\/freizeit-technik.de\/es\/shop\/sistema-de-disco-rotor-para-tiras-de-latex-tipo-4-incluye-4-eslabones-giratorios\/","title":{"rendered":"Sistema de disco rotor para tiras de l\u00e1tex tipo 4, \u00a1incluye 4 eslabones giratorios!"},"content":{"rendered":"<div style=\"width: 720px;\" class=\"wp-video\"><video class=\"wp-video-shortcode\" id=\"video-13323-1\" width=\"720\" height=\"1280\" preload=\"metadata\" controls=\"controls\"><source type=\"video\/mp4\" src=\"https:\/\/freizeit-technik.de\/wp-content\/uploads\/2026\/03\/rotor-discs-einhaengen.mp4?_=1\" \/><a href=\"https:\/\/freizeit-technik.de\/wp-content\/uploads\/2026\/03\/rotor-discs-einhaengen.mp4\">https:\/\/freizeit-technik.de\/wp-content\/uploads\/2026\/03\/rotor-discs-einhaengen.mp4<\/a><\/video><\/div>\n<div>\n<div style=\"width: 980px;\" class=\"wp-video\"><video class=\"wp-video-shortcode\" id=\"video-13323-2\" width=\"980\" height=\"551\" preload=\"metadata\" controls=\"controls\"><source type=\"video\/mp4\" src=\"https:\/\/freizeit-technik.de\/wp-content\/uploads\/2026\/03\/rotor_discs_video_1.mp4?_=2\" \/><a href=\"https:\/\/freizeit-technik.de\/wp-content\/uploads\/2026\/03\/rotor_discs_video_1.mp4\">https:\/\/freizeit-technik.de\/wp-content\/uploads\/2026\/03\/rotor_discs_video_1.mp4<\/a><\/video><\/div>\n<p><span class=\"tx-ttproducts-pi1-wrap2\"><strong>Cada disco con r\u00f3tula de acero inoxidable integrada<\/strong><\/span><\/p>\n<\/div>\n<div id=\"tab_fragment_1\" class=\"ui-tabs-panel ui-widget-content ui-corner-bottom ui-tabs-hide\"><span class=\"tx-ttproducts-pi1-wrap2\"><strong>Peso: 0,58 kg<br \/>\nTama\u00f1o del paquete: 23 x 12 x 12 cm<br \/>\nColor: azul<br \/>\nCertificaci\u00f3n: prueba de tipo T\u00dcV (pruebas de carga de rotura)<\/strong><\/span><\/div>\n<div class=\"ui-tabs-panel ui-widget-content ui-corner-bottom ui-tabs-hide\"><\/div>\n","protected":false},"excerpt":{"rendered":"<p>El sistema Rotor-Disco permite al operador ajustar r\u00e1pidamente el peso correcto del saltador con tiras de l\u00e1tex de tipo 4.<\/p>\n<p><strong>Innovaciones 2026:<\/strong><br \/>\nReducci\u00f3n de precio y precio unitario a\u00fan m\u00e1s bajo con 4 sistemas para un trampol\u00edn el\u00e1stico de 4 plazas.<br \/>\nAhora tambi\u00e9n se ha equipado el disco superior con una r\u00f3tula, de modo que ya hay <strong>un total de cuatro r\u00f3tulas de marcha <\/strong> suave integradas en este sistema.<\/p>\n<p><strong>C\u00f3mo funciona:<\/strong><br \/>\nLas tiras de l\u00e1tex de tipo 4 se insertan en el disco superior con ranuras m\u00e1s estrechas y permanecen all\u00ed en todo momento. Los discos inferiores del saltador tienen 2 alojamientos m\u00e1s estrechos, en los que siempre permanecen 2 cuerdas de goma (normalmente 2 x 10kg = 20kg).<br \/>\nLos largos salientes de las tiras en el extremo inferior hacen que el peso del saltador pueda ajustarse r\u00e1pida y f\u00e1cilmente m\u00e1s all\u00e1 de los 20kg ya fijados.<br \/>\nLos dos eslabones giratorios en la parte superior e inferior hacen que las tiras apenas se enganchen. <\/p>\n<p><strong>Ventajas:<br \/>\n<\/strong>&#8211; 4 eslabones giratorios de acero inoxidable de alta calidad, ya integrados, por juego.<br \/>\n&#8211; Por tanto, son menos necesarios al menos 2 mosquetones y eslabones giratorios que con otros montajes.<br \/>\n&#8211; Cinchas de retenci\u00f3n para proteger el material de l\u00e1tex y prolongar su vida \u00fatil.<br \/>\n&#8211; Menores costes de funcionamiento.<br \/>\n&#8211; Mayor seguridad que al utilizar otros sistemas de retenci\u00f3n para mangueras de l\u00e1tex, gracias a la distancia de las cinchas.<\/p>\n<p><strong>Volumen de suministro e informaci\u00f3n sobre precios:<\/strong><br \/>\nSi pides la cantidad &#8220;1&#8221;, recibir\u00e1s <strong>4 discos <\/strong>(2 superiores y 2 inferiores con cinta tejida)<strong> para una zona de salto.<br \/>\n<\/strong>Si pides<strong> 4 <\/strong>sistemas para un sistema de cama el\u00e1stica cu\u00e1druple<strong>, \u00a1el precio unitario se reduce!<\/strong><\/p>\n<p><strong>Variantes de equipamiento recomendadas por juego de plataforma de salto (pedir por separado):<br \/>\n<\/strong>&#8211; Para un peso m\u00e1ximo de saltador de 90 kg: 16 piezas de 10 kg y 4 piezas de 5 kg<br \/>\n&#8211; Para un peso m\u00e1ximo de saltador de 95 kg: 18 piezas de 10 kg y 2 piezas de 5 kg<br \/>\n&#8211; Para un peso m\u00e1ximo de saltador de 100 kg: 20 piezas de 10 kg (sin 5 kg)   <strong><br \/>\n<\/strong><\/p>\n<p>\u00a1Disponible inmediatamente! Las tiras de l\u00e1tex de cuerda de goma de tipo 4 que se muestran s\u00f3lo tienen fines ilustrativos y no est\u00e1n incluidas en el volumen de suministro. Deben pedirse por separado.  <\/p>\n<p><strong>\u00bfInteresado pero inseguro?<\/strong><br \/>\n\u00a1Pide nuestro <strong>juego de prueba<\/strong>, que <strong>te prestaremos<\/strong> (sujeto a disponibilidad)!<\/p>\n","protected":false},"featured_media":13340,"comment_status":"open","ping_status":"closed","template":"","meta":{"_acf_changed":false},"product_brand":[],"product_cat":[230,248,247,249],"product_tag":[],"class_list":{"0":"post-13323","1":"product","2":"type-product","3":"status-publish","4":"has-post-thumbnail","6":"product_cat-carabiner-co","7":"product_cat-elasticos-confeccionados","8":"product_cat-elasticos-y-cuerdas","9":"product_cat-hazlo-tu-mismo","11":"first","12":"instock","13":"taxable","14":"shipping-taxable","15":"product-type-simple"},"acf":[],"_links":{"self":[{"href":"https:\/\/freizeit-technik.de\/es\/wp-json\/wp\/v2\/product\/13323","targetHints":{"allow":["GET"]}}],"collection":[{"href":"https:\/\/freizeit-technik.de\/es\/wp-json\/wp\/v2\/product"}],"about":[{"href":"https:\/\/freizeit-technik.de\/es\/wp-json\/wp\/v2\/types\/product"}],"replies":[{"embeddable":true,"href":"https:\/\/freizeit-technik.de\/es\/wp-json\/wp\/v2\/comments?post=13323"}],"wp:featuredmedia":[{"embeddable":true,"href":"https:\/\/freizeit-technik.de\/es\/wp-json\/wp\/v2\/media\/13340"}],"wp:attachment":[{"href":"https:\/\/freizeit-technik.de\/es\/wp-json\/wp\/v2\/media?parent=13323"}],"wp:term":[{"taxonomy":"product_brand","embeddable":true,"href":"https:\/\/freizeit-technik.de\/es\/wp-json\/wp\/v2\/product_brand?post=13323"},{"taxonomy":"product_cat","embeddable":true,"href":"https:\/\/freizeit-technik.de\/es\/wp-json\/wp\/v2\/product_cat?post=13323"},{"taxonomy":"product_tag","embeddable":true,"href":"https:\/\/freizeit-technik.de\/es\/wp-json\/wp\/v2\/product_tag?post=13323"}],"curies":[{"name":"wp","href":"https:\/\/api.w.org\/{rel}","templated":true}]}}