{"id":13348,"date":"2017-07-30T15:55:53","date_gmt":"2017-07-30T13:55:53","guid":{"rendered":"https:\/\/freizeit-technik.de\/shop\/giratorio-ct\/"},"modified":"2026-04-24T10:14:52","modified_gmt":"2026-04-24T08:14:52","slug":"giratorio-ct","status":"publish","type":"product","link":"https:\/\/freizeit-technik.de\/es\/shop\/giratorio-ct\/","title":{"rendered":"Giratorio &#8220;CT&#8221;"},"content":{"rendered":"<p><span class=\"tx-ttproducts-pi1-wrap2\"><strong>Peso: 0,074 kg<br \/>\nColor: gris anaranjado<br \/>\nCapacidad de carga est\u00e1tica: 24 kN<br \/>\nCertificaci\u00f3n: EN 354:2003<\/strong><\/span><\/p>\n<p><strong> <\/strong><img loading=\"lazy\" decoding=\"async\" class=\"size-full wp-image-690 alignleft\" src=\"https:\/\/freizeit-technik.de\/wp-content\/uploads\/2017\/03\/empfehlung.gif\" alt=\"\" width=\"198\" height=\"64\"><img loading=\"lazy\" decoding=\"async\" class=\"size-full wp-image-684 alignleft\" src=\"https:\/\/freizeit-technik.de\/wp-content\/uploads\/2017\/03\/Q_eu-1.gif\" alt=\"\" width=\"64\" height=\"64\"><img loading=\"lazy\" decoding=\"async\" class=\"size-full wp-image-694 alignleft\" src=\"https:\/\/freizeit-technik.de\/wp-content\/uploads\/2017\/03\/premium_line.gif\" alt=\"\" width=\"119\" height=\"64\"><\/p>\n","protected":false},"excerpt":{"rendered":"<p>Este eslab\u00f3n giratorio es la primera elecci\u00f3n para usar en sistemas de trampol\u00edn el\u00e1stico.<br \/>\nDe funcionamiento muy suave, peque\u00f1o y ligero. Fabricado en perfecta calidad a partir de productos de renombre de la UE y empaquetado individualmente. Etiquetados Jump-Sports, los compramos en grandes cantidades.  <\/p>\n<p>Para nuestros clientes, esto significa una relaci\u00f3n calidad-precio \u00fanica.<\/p>\n","protected":false},"featured_media":13351,"comment_status":"open","ping_status":"closed","template":"","meta":{"_acf_changed":false},"product_brand":[],"product_cat":[230],"product_tag":[],"class_list":{"0":"post-13348","1":"product","2":"type-product","3":"status-publish","4":"has-post-thumbnail","6":"product_cat-carabiner-co","8":"first","9":"instock","10":"taxable","11":"shipping-taxable","12":"purchasable","13":"product-type-simple"},"acf":[],"_links":{"self":[{"href":"https:\/\/freizeit-technik.de\/es\/wp-json\/wp\/v2\/product\/13348","targetHints":{"allow":["GET"]}}],"collection":[{"href":"https:\/\/freizeit-technik.de\/es\/wp-json\/wp\/v2\/product"}],"about":[{"href":"https:\/\/freizeit-technik.de\/es\/wp-json\/wp\/v2\/types\/product"}],"replies":[{"embeddable":true,"href":"https:\/\/freizeit-technik.de\/es\/wp-json\/wp\/v2\/comments?post=13348"}],"wp:featuredmedia":[{"embeddable":true,"href":"https:\/\/freizeit-technik.de\/es\/wp-json\/wp\/v2\/media\/13351"}],"wp:attachment":[{"href":"https:\/\/freizeit-technik.de\/es\/wp-json\/wp\/v2\/media?parent=13348"}],"wp:term":[{"taxonomy":"product_brand","embeddable":true,"href":"https:\/\/freizeit-technik.de\/es\/wp-json\/wp\/v2\/product_brand?post=13348"},{"taxonomy":"product_cat","embeddable":true,"href":"https:\/\/freizeit-technik.de\/es\/wp-json\/wp\/v2\/product_cat?post=13348"},{"taxonomy":"product_tag","embeddable":true,"href":"https:\/\/freizeit-technik.de\/es\/wp-json\/wp\/v2\/product_tag?post=13348"}],"curies":[{"name":"wp","href":"https:\/\/api.w.org\/{rel}","templated":true}]}}