{"id":13385,"date":"2017-07-20T15:59:50","date_gmt":"2017-07-20T13:59:50","guid":{"rendered":"https:\/\/freizeit-technik.de\/shop\/giratorio-petzl-open\/"},"modified":"2026-04-24T10:15:36","modified_gmt":"2026-04-24T08:15:36","slug":"giratorio-petzl-open","status":"publish","type":"product","link":"https:\/\/freizeit-technik.de\/es\/shop\/giratorio-petzl-open\/","title":{"rendered":"Giratorio &#8220;Petzl OPEN&#8221;"},"content":{"rendered":"","protected":false},"excerpt":{"rendered":"<p><span class=\"tx-ttproducts-pi1-wrap2\">Giratorio con amplia abertura a ambos lados. Perfecto para engancharlo a los arneses de salto de trampol\u00edn el\u00e1sticos. Al eliminar la necesidad de un mosquet\u00f3n, ganas un valioso recorrido de suspensi\u00f3n. Al mismo tiempo, este eslab\u00f3n giratorio permite un uso seguro en el arn\u00e9s, ya que la eliminaci\u00f3n de un mosquet\u00f3n desplaza el peligroso punto de giro hacia abajo, lejos de las manos del saltador.<br \/>\nCon la probada calidad Petzl.   <\/span><\/p>\n","protected":false},"featured_media":10706,"comment_status":"open","ping_status":"closed","template":"","meta":{"_acf_changed":false},"product_brand":[],"product_cat":[230],"product_tag":[],"class_list":{"0":"post-13385","1":"product","2":"type-product","3":"status-publish","4":"has-post-thumbnail","6":"product_cat-carabiner-co","8":"first","9":"instock","10":"taxable","11":"shipping-taxable","12":"purchasable","13":"product-type-simple"},"acf":[],"_links":{"self":[{"href":"https:\/\/freizeit-technik.de\/es\/wp-json\/wp\/v2\/product\/13385","targetHints":{"allow":["GET"]}}],"collection":[{"href":"https:\/\/freizeit-technik.de\/es\/wp-json\/wp\/v2\/product"}],"about":[{"href":"https:\/\/freizeit-technik.de\/es\/wp-json\/wp\/v2\/types\/product"}],"replies":[{"embeddable":true,"href":"https:\/\/freizeit-technik.de\/es\/wp-json\/wp\/v2\/comments?post=13385"}],"wp:featuredmedia":[{"embeddable":true,"href":"https:\/\/freizeit-technik.de\/es\/wp-json\/wp\/v2\/media\/10706"}],"wp:attachment":[{"href":"https:\/\/freizeit-technik.de\/es\/wp-json\/wp\/v2\/media?parent=13385"}],"wp:term":[{"taxonomy":"product_brand","embeddable":true,"href":"https:\/\/freizeit-technik.de\/es\/wp-json\/wp\/v2\/product_brand?post=13385"},{"taxonomy":"product_cat","embeddable":true,"href":"https:\/\/freizeit-technik.de\/es\/wp-json\/wp\/v2\/product_cat?post=13385"},{"taxonomy":"product_tag","embeddable":true,"href":"https:\/\/freizeit-technik.de\/es\/wp-json\/wp\/v2\/product_tag?post=13385"}],"curies":[{"name":"wp","href":"https:\/\/api.w.org\/{rel}","templated":true}]}}