{"id":13403,"date":"2017-07-28T16:00:58","date_gmt":"2017-07-28T14:00:58","guid":{"rendered":"https:\/\/freizeit-technik.de\/shop\/petzl-micro-giratorio\/"},"modified":"2026-04-24T10:15:44","modified_gmt":"2026-04-24T08:15:44","slug":"petzl-micro-giratorio","status":"publish","type":"product","link":"https:\/\/freizeit-technik.de\/es\/shop\/petzl-micro-giratorio\/","title":{"rendered":"Petzl Micro&#8221; giratorio"},"content":{"rendered":"","protected":false},"excerpt":{"rendered":"<p><span class=\"tx-ttproducts-pi1-wrap2\">La r\u00f3tula atornillable compacta est\u00e1 dise\u00f1ada para combinarse con un mosquet\u00f3n de bloqueo, a fin de evitar que los elementos de amarre se retuerzan y garantizar la correcta colocaci\u00f3n de los dispositivos. El dise\u00f1o sin cojinetes permite que la pieza giratoria gire libremente cuando no est\u00e1 sometida a carga y evita que se mueva bajo carga para mantener los dispositivos en la posici\u00f3n correcta. <\/span><\/p>\n","protected":false},"featured_media":13404,"comment_status":"open","ping_status":"closed","template":"","meta":{"_acf_changed":false},"product_brand":[],"product_cat":[230],"product_tag":[],"class_list":{"0":"post-13403","1":"product","2":"type-product","3":"status-publish","4":"has-post-thumbnail","6":"product_cat-carabiner-co","8":"first","9":"instock","10":"taxable","11":"shipping-taxable","12":"purchasable","13":"product-type-simple"},"acf":[],"_links":{"self":[{"href":"https:\/\/freizeit-technik.de\/es\/wp-json\/wp\/v2\/product\/13403","targetHints":{"allow":["GET"]}}],"collection":[{"href":"https:\/\/freizeit-technik.de\/es\/wp-json\/wp\/v2\/product"}],"about":[{"href":"https:\/\/freizeit-technik.de\/es\/wp-json\/wp\/v2\/types\/product"}],"replies":[{"embeddable":true,"href":"https:\/\/freizeit-technik.de\/es\/wp-json\/wp\/v2\/comments?post=13403"}],"wp:featuredmedia":[{"embeddable":true,"href":"https:\/\/freizeit-technik.de\/es\/wp-json\/wp\/v2\/media\/13404"}],"wp:attachment":[{"href":"https:\/\/freizeit-technik.de\/es\/wp-json\/wp\/v2\/media?parent=13403"}],"wp:term":[{"taxonomy":"product_brand","embeddable":true,"href":"https:\/\/freizeit-technik.de\/es\/wp-json\/wp\/v2\/product_brand?post=13403"},{"taxonomy":"product_cat","embeddable":true,"href":"https:\/\/freizeit-technik.de\/es\/wp-json\/wp\/v2\/product_cat?post=13403"},{"taxonomy":"product_tag","embeddable":true,"href":"https:\/\/freizeit-technik.de\/es\/wp-json\/wp\/v2\/product_tag?post=13403"}],"curies":[{"name":"wp","href":"https:\/\/api.w.org\/{rel}","templated":true}]}}