{"id":14391,"date":"2017-07-29T15:38:36","date_gmt":"2017-07-29T13:38:36","guid":{"rendered":"https:\/\/freizeit-technik.de\/shop\/arnes-tipo-1-bungee-trampolin-s\/"},"modified":"2026-04-25T21:43:47","modified_gmt":"2026-04-25T19:43:47","slug":"arnes-tipo-1-bungee-trampolin-s","status":"publish","type":"product","link":"https:\/\/freizeit-technik.de\/es\/shop\/arnes-tipo-1-bungee-trampolin-s\/","title":{"rendered":"Arn\u00e9s tipo 1 Bungee trampol\u00edn S"},"content":{"rendered":"<p><span class=\"tx-ttproducts-pi1-wrap2\"><strong>Peso: 1,10 kg<br \/>\nColor: azul<br \/>\nPruebas de carga de rotura: seg\u00fan DIN EN 813<\/strong><\/span><\/p>\n","protected":false},"excerpt":{"rendered":"<p>Nuestro actual arn\u00e9s el\u00e1stico para cama el\u00e1stica de tipo 1 se ha desarrollado continuamente a lo largo de los a\u00f1os y goza de un alto nivel de satisfacci\u00f3n entre los clientes.<br \/>\nPerfectamente acolchado y con un amplio soporte para las piernas, ofrece la m\u00e1xima comodidad.<br \/>\nLos arneses el\u00e1sticos para cama el\u00e1stica de tipo 1 tienen secciones separadas para las piernas y puntos de enganche situados uno encima del otro.<br \/>\nSi eliges los puntos de enganche superiores para fijar las cuerdas el\u00e1sticas, impedir\u00e1s o dificultar\u00e1s la realizaci\u00f3n de volteretas.<br \/>\nSi eliges los puntos de enganche inferiores, facilitar\u00e1s la realizaci\u00f3n de volteretas gracias al punto de giro inferior.<\/p>\n","protected":false},"featured_media":14393,"comment_status":"open","ping_status":"closed","template":"","meta":{"_acf_changed":false},"product_brand":[],"product_cat":[266,219],"product_tag":[],"class_list":{"0":"post-14391","1":"product","2":"type-product","3":"status-publish","4":"has-post-thumbnail","6":"product_cat-arneses-de-salto","7":"product_cat-instalaciones-de-trampolin-elastico","9":"first","10":"instock","11":"taxable","12":"shipping-taxable","13":"product-type-simple"},"acf":[],"_links":{"self":[{"href":"https:\/\/freizeit-technik.de\/es\/wp-json\/wp\/v2\/product\/14391","targetHints":{"allow":["GET"]}}],"collection":[{"href":"https:\/\/freizeit-technik.de\/es\/wp-json\/wp\/v2\/product"}],"about":[{"href":"https:\/\/freizeit-technik.de\/es\/wp-json\/wp\/v2\/types\/product"}],"replies":[{"embeddable":true,"href":"https:\/\/freizeit-technik.de\/es\/wp-json\/wp\/v2\/comments?post=14391"}],"wp:featuredmedia":[{"embeddable":true,"href":"https:\/\/freizeit-technik.de\/es\/wp-json\/wp\/v2\/media\/14393"}],"wp:attachment":[{"href":"https:\/\/freizeit-technik.de\/es\/wp-json\/wp\/v2\/media?parent=14391"}],"wp:term":[{"taxonomy":"product_brand","embeddable":true,"href":"https:\/\/freizeit-technik.de\/es\/wp-json\/wp\/v2\/product_brand?post=14391"},{"taxonomy":"product_cat","embeddable":true,"href":"https:\/\/freizeit-technik.de\/es\/wp-json\/wp\/v2\/product_cat?post=14391"},{"taxonomy":"product_tag","embeddable":true,"href":"https:\/\/freizeit-technik.de\/es\/wp-json\/wp\/v2\/product_tag?post=14391"}],"curies":[{"name":"wp","href":"https:\/\/api.w.org\/{rel}","templated":true}]}}