{"id":14403,"date":"2017-07-10T15:18:47","date_gmt":"2017-07-10T13:18:47","guid":{"rendered":"https:\/\/freizeit-technik.de\/shop\/arnes-elastico-para-cama-elastica-tipo-2-m\/"},"modified":"2026-04-25T22:18:51","modified_gmt":"2026-04-25T20:18:51","slug":"arnes-elastico-para-cama-elastica-tipo-2-m","status":"publish","type":"product","link":"https:\/\/freizeit-technik.de\/es\/shop\/arnes-elastico-para-cama-elastica-tipo-2-m\/","title":{"rendered":"Arn\u00e9s el\u00e1stico para cama el\u00e1stica tipo 2 M"},"content":{"rendered":"<p><strong>Pruebas de carga de rotura: seg\u00fan DIN EN 813<\/strong><\/p>\n","protected":false},"excerpt":{"rendered":"<p>Los arneses de salto en cama el\u00e1stica de tipo 2 est\u00e1n fabricados con los mismos materiales que nuestros arneses de salto de tipo 1.<br \/>\nSin embargo, las secciones de las piernas est\u00e1n conectadas entre s\u00ed y los puntos de enganche siempre est\u00e1n colocados bajos y paralelos (no uno encima del otro).<br \/>\nEsto facilita la realizaci\u00f3n de volteretas gracias a un punto de giro bajo, por un lado, y a un buen ajuste del tama\u00f1o al saltador, por otro.<br \/>\nLos arneses de salto de tipo 2 tienen un tama\u00f1o ligeramente inferior al de los arneses de salto de tipo 1.<\/p>\n","protected":false},"featured_media":14407,"comment_status":"open","ping_status":"closed","template":"","meta":{"_acf_changed":false},"product_brand":[],"product_cat":[266,219],"product_tag":[],"class_list":{"0":"post-14403","1":"product","2":"type-product","3":"status-publish","4":"has-post-thumbnail","6":"product_cat-arneses-de-salto","7":"product_cat-instalaciones-de-trampolin-elastico","9":"first","10":"instock","11":"taxable","12":"shipping-taxable","13":"product-type-simple"},"acf":[],"_links":{"self":[{"href":"https:\/\/freizeit-technik.de\/es\/wp-json\/wp\/v2\/product\/14403","targetHints":{"allow":["GET"]}}],"collection":[{"href":"https:\/\/freizeit-technik.de\/es\/wp-json\/wp\/v2\/product"}],"about":[{"href":"https:\/\/freizeit-technik.de\/es\/wp-json\/wp\/v2\/types\/product"}],"replies":[{"embeddable":true,"href":"https:\/\/freizeit-technik.de\/es\/wp-json\/wp\/v2\/comments?post=14403"}],"wp:featuredmedia":[{"embeddable":true,"href":"https:\/\/freizeit-technik.de\/es\/wp-json\/wp\/v2\/media\/14407"}],"wp:attachment":[{"href":"https:\/\/freizeit-technik.de\/es\/wp-json\/wp\/v2\/media?parent=14403"}],"wp:term":[{"taxonomy":"product_brand","embeddable":true,"href":"https:\/\/freizeit-technik.de\/es\/wp-json\/wp\/v2\/product_brand?post=14403"},{"taxonomy":"product_cat","embeddable":true,"href":"https:\/\/freizeit-technik.de\/es\/wp-json\/wp\/v2\/product_cat?post=14403"},{"taxonomy":"product_tag","embeddable":true,"href":"https:\/\/freizeit-technik.de\/es\/wp-json\/wp\/v2\/product_tag?post=14403"}],"curies":[{"name":"wp","href":"https:\/\/api.w.org\/{rel}","templated":true}]}}