{"id":14455,"date":"2012-06-03T13:40:07","date_gmt":"2012-06-03T11:40:07","guid":{"rendered":"https:\/\/freizeit-technik.de\/shop\/arnes-tipo-3-bungee-trampolin-s\/"},"modified":"2026-04-25T22:19:24","modified_gmt":"2026-04-25T20:19:24","slug":"arnes-tipo-3-bungee-trampolin-s","status":"publish","type":"product","link":"https:\/\/freizeit-technik.de\/es\/shop\/arnes-tipo-3-bungee-trampolin-s\/","title":{"rendered":"Arn\u00e9s tipo 3 Bungee trampol\u00edn S"},"content":{"rendered":"<p><strong>Pruebas de carga de rotura: seg\u00fan DIN EN 813<\/strong><\/p>\n","protected":false},"excerpt":{"rendered":"<p>Los arneses de salto para cama el\u00e1stica de tipo 3 tienen el mismo dise\u00f1o que los de tipo 2, pero est\u00e1n fabricados con materiales diferentes y tienen una forma de acolchado ligeramente distinta.<br \/>\nLas secciones de las piernas est\u00e1n conectadas entre s\u00ed, los puntos de enganche son profundos y paralelos.<br \/>\nLas tallas de los arneses de salto de tipo 3 son las mismas que las de los de tipo 1.<\/p>\n","protected":false},"featured_media":14458,"comment_status":"open","ping_status":"closed","template":"","meta":{"_acf_changed":false},"product_brand":[],"product_cat":[266],"product_tag":[],"class_list":{"0":"post-14455","1":"product","2":"type-product","3":"status-publish","4":"has-post-thumbnail","6":"product_cat-arneses-de-salto","8":"first","9":"instock","10":"taxable","11":"shipping-taxable","12":"product-type-simple"},"acf":[],"_links":{"self":[{"href":"https:\/\/freizeit-technik.de\/es\/wp-json\/wp\/v2\/product\/14455","targetHints":{"allow":["GET"]}}],"collection":[{"href":"https:\/\/freizeit-technik.de\/es\/wp-json\/wp\/v2\/product"}],"about":[{"href":"https:\/\/freizeit-technik.de\/es\/wp-json\/wp\/v2\/types\/product"}],"replies":[{"embeddable":true,"href":"https:\/\/freizeit-technik.de\/es\/wp-json\/wp\/v2\/comments?post=14455"}],"wp:featuredmedia":[{"embeddable":true,"href":"https:\/\/freizeit-technik.de\/es\/wp-json\/wp\/v2\/media\/14458"}],"wp:attachment":[{"href":"https:\/\/freizeit-technik.de\/es\/wp-json\/wp\/v2\/media?parent=14455"}],"wp:term":[{"taxonomy":"product_brand","embeddable":true,"href":"https:\/\/freizeit-technik.de\/es\/wp-json\/wp\/v2\/product_brand?post=14455"},{"taxonomy":"product_cat","embeddable":true,"href":"https:\/\/freizeit-technik.de\/es\/wp-json\/wp\/v2\/product_cat?post=14455"},{"taxonomy":"product_tag","embeddable":true,"href":"https:\/\/freizeit-technik.de\/es\/wp-json\/wp\/v2\/product_tag?post=14455"}],"curies":[{"name":"wp","href":"https:\/\/api.w.org\/{rel}","templated":true}]}}