{"id":14566,"date":"2026-04-08T12:26:24","date_gmt":"2026-04-08T10:26:24","guid":{"rendered":"https:\/\/freizeit-technik.de\/shop\/adhesivo-en-spray-500gr\/"},"modified":"2026-04-29T12:44:20","modified_gmt":"2026-04-29T10:44:20","slug":"adhesivo-en-spray-500gr","status":"publish","type":"product","link":"https:\/\/freizeit-technik.de\/es\/shop\/adhesivo-en-spray-500gr\/","title":{"rendered":"Adhesivo en spray 500gr."},"content":{"rendered":"","protected":false},"excerpt":{"rendered":"<p>Adhesivo en spray con potente patr\u00f3n de pulverizaci\u00f3n y v\u00e1lvula especial para una anchura de pulverizaci\u00f3n variable; ideal para pegar de forma r\u00e1pida y permanente una amplia gama de combinaciones de materiales, por ejemplo, espumas sobre madera y metal, y hasta cierto punto para material de lona.<\/p>\n","protected":false},"featured_media":9960,"comment_status":"open","ping_status":"closed","template":"","meta":{"_acf_changed":false},"product_brand":[],"product_cat":[258,220],"product_tag":[],"class_list":{"0":"post-14566","1":"product","2":"type-product","3":"status-publish","4":"has-post-thumbnail","6":"product_cat-accesorios-para-parques-infantiles","7":"product_cat-varios","9":"first","10":"instock","11":"taxable","12":"shipping-taxable","13":"purchasable","14":"product-type-simple"},"acf":[],"_links":{"self":[{"href":"https:\/\/freizeit-technik.de\/es\/wp-json\/wp\/v2\/product\/14566","targetHints":{"allow":["GET"]}}],"collection":[{"href":"https:\/\/freizeit-technik.de\/es\/wp-json\/wp\/v2\/product"}],"about":[{"href":"https:\/\/freizeit-technik.de\/es\/wp-json\/wp\/v2\/types\/product"}],"replies":[{"embeddable":true,"href":"https:\/\/freizeit-technik.de\/es\/wp-json\/wp\/v2\/comments?post=14566"}],"wp:featuredmedia":[{"embeddable":true,"href":"https:\/\/freizeit-technik.de\/es\/wp-json\/wp\/v2\/media\/9960"}],"wp:attachment":[{"href":"https:\/\/freizeit-technik.de\/es\/wp-json\/wp\/v2\/media?parent=14566"}],"wp:term":[{"taxonomy":"product_brand","embeddable":true,"href":"https:\/\/freizeit-technik.de\/es\/wp-json\/wp\/v2\/product_brand?post=14566"},{"taxonomy":"product_cat","embeddable":true,"href":"https:\/\/freizeit-technik.de\/es\/wp-json\/wp\/v2\/product_cat?post=14566"},{"taxonomy":"product_tag","embeddable":true,"href":"https:\/\/freizeit-technik.de\/es\/wp-json\/wp\/v2\/product_tag?post=14566"}],"curies":[{"name":"wp","href":"https:\/\/api.w.org\/{rel}","templated":true}]}}