{"id":14763,"date":"2026-03-22T10:25:15","date_gmt":"2026-03-22T09:25:15","guid":{"rendered":"https:\/\/freizeit-technik.de\/shop\/oferta-especial-trampolin-rectangular-proline-23-movil-precio-especial-pieza-de-exposicion-montada-coleccion-stuttgart\/"},"modified":"2026-04-30T09:23:09","modified_gmt":"2026-04-30T07:23:09","slug":"oferta-especial-trampolin-rectangular-proline-23-movil-precio-especial-pieza-de-exposicion-montada-coleccion-stuttgart","status":"publish","type":"product","link":"https:\/\/freizeit-technik.de\/es\/shop\/oferta-especial-trampolin-rectangular-proline-23-movil-precio-especial-pieza-de-exposicion-montada-coleccion-stuttgart\/","title":{"rendered":"Oferta especial: Trampol\u00edn rectangular Proline 23 &#8220;M\u00f3vil&#8221;, precio especial pieza de exposici\u00f3n montada. Colecci\u00f3n Stuttgart"},"content":{"rendered":"<div class=\"ui-tabs-panel ui-widget-content ui-corner-bottom ui-tabs-hide\"><span class=\"tx-ttproducts-pi1-wrap2\"><strong><img loading=\"lazy\" decoding=\"async\" src=\"http:\/\/shop.freizeit-technik.de\/images\/content\/tuevgs.jpg\" alt=\"\" width=\"70\" height=\"32\" align=\"absMiddle\"><\/strong><\/span><\/div>\n<div id=\"tab_fragment_1\" class=\"ui-tabs-panel ui-widget-content ui-corner-bottom ui-tabs-hide\"><span class=\"tx-ttproducts-pi1-wrap2\"><span class=\"tx-ttproducts-pi1-wrap2\"><strong>Dimensiones: 3,00 x 2,30 m<br \/>\nPeso: 72 kg<br \/>\nPeso m\u00e1x. del usuario: 120 kg Grosor del tubo: 2 mm N\u00famero de muelles: 60 Color de la funda del armaz\u00f3n: azul  Peso del usuario: 120 kg<br \/>\nGrosor del tubo: 2 mm<br \/>\nN\u00famero de muelles: 60<br \/>\nColor de la funda del armaz\u00f3n: azul<br \/>\nGrosor del coj\u00edn: 25 mm<br \/>\nCertificaci\u00f3n: T\u00dcV\/GS<br \/>\nTama\u00f1o del paquete: 175 x 47 x 34 cm <\/strong><\/span><\/span><\/div>\n<p>&nbsp;<\/p>\n","protected":false},"excerpt":{"rendered":"<p>Esta cama el\u00e1stica tiene patas plegables, por lo que se puede transportar totalmente montada en un remolque o en un veh\u00edculo adecuado. Una soluci\u00f3n excelente para los sistemas de cama el\u00e1stica de uso m\u00f3vil, con hasta un 50% de ahorro de tiempo en el montaje y desmontaje. <\/p>\n<p>La calidad de las camas el\u00e1sticas de la marca Proline se corresponde en gran medida con la de los productos Jumpfree de alta calidad.<\/p>\n<p>Particularidad<strong>:<\/strong> La plegable Proline 23 se fabrica en exclusiva para nosotros con una robusta cubierta azul de 25 mm de grosor.<\/p>\n","protected":false},"featured_media":14764,"comment_status":"open","ping_status":"closed","template":"","meta":{"_acf_changed":false},"product_brand":[],"product_cat":[219,227],"product_tag":[],"class_list":{"0":"post-14763","1":"product","2":"type-product","3":"status-publish","4":"has-post-thumbnail","6":"product_cat-instalaciones-de-trampolin-elastico","7":"product_cat-trampolines-laterales","9":"first","10":"instock","11":"taxable","12":"shipping-taxable","13":"purchasable","14":"product-type-simple"},"acf":[],"_links":{"self":[{"href":"https:\/\/freizeit-technik.de\/es\/wp-json\/wp\/v2\/product\/14763","targetHints":{"allow":["GET"]}}],"collection":[{"href":"https:\/\/freizeit-technik.de\/es\/wp-json\/wp\/v2\/product"}],"about":[{"href":"https:\/\/freizeit-technik.de\/es\/wp-json\/wp\/v2\/types\/product"}],"replies":[{"embeddable":true,"href":"https:\/\/freizeit-technik.de\/es\/wp-json\/wp\/v2\/comments?post=14763"}],"wp:featuredmedia":[{"embeddable":true,"href":"https:\/\/freizeit-technik.de\/es\/wp-json\/wp\/v2\/media\/14764"}],"wp:attachment":[{"href":"https:\/\/freizeit-technik.de\/es\/wp-json\/wp\/v2\/media?parent=14763"}],"wp:term":[{"taxonomy":"product_brand","embeddable":true,"href":"https:\/\/freizeit-technik.de\/es\/wp-json\/wp\/v2\/product_brand?post=14763"},{"taxonomy":"product_cat","embeddable":true,"href":"https:\/\/freizeit-technik.de\/es\/wp-json\/wp\/v2\/product_cat?post=14763"},{"taxonomy":"product_tag","embeddable":true,"href":"https:\/\/freizeit-technik.de\/es\/wp-json\/wp\/v2\/product_tag?post=14763"}],"curies":[{"name":"wp","href":"https:\/\/api.w.org\/{rel}","templated":true}]}}