{"id":14781,"date":"2026-03-22T10:30:13","date_gmt":"2026-03-22T09:30:13","guid":{"rendered":"https:\/\/freizeit-technik.de\/shop\/oferta-especial-cama-elastica-de-jardin-jumpfree-royal-de-14-4-30-1-pieza-a-recoger-en-el-almacen-de-stuttgart\/"},"modified":"2026-04-30T09:23:28","modified_gmt":"2026-04-30T07:23:28","slug":"oferta-especial-cama-elastica-de-jardin-jumpfree-royal-de-14-4-30-1-pieza-a-recoger-en-el-almacen-de-stuttgart","status":"publish","type":"product","link":"https:\/\/freizeit-technik.de\/es\/shop\/oferta-especial-cama-elastica-de-jardin-jumpfree-royal-de-14-4-30-1-pieza-a-recoger-en-el-almacen-de-stuttgart\/","title":{"rendered":"Oferta especial: cama el\u00e1stica de jard\u00edn Jumpfree Royal de 14&#8221; (4.30), 1 pieza a recoger en el almac\u00e9n de Stuttgart"},"content":{"rendered":"<p><strong>Di\u00e1metro: 4,30 m<br \/>\nPeso: 100 kg<br \/>\nPeso m\u00e1x. del usuario: 140 kg Grosor del tubo: 2 mm Peso del usuario: 140 kg<br \/>\nEspesor del tubo: 2 mm<br \/>\nN\u00famero de muelles: 104<br \/>\nColor de la funda del armaz\u00f3n: azul<br \/>\nEspesor del coj\u00edn: 30 mm<br \/>\nCertificaci\u00f3n: T\u00dcV\/GS<\/strong><br \/>\n<strong> Tama\u00f1o del paquete: 178 x 55 x 43 cm<br \/>\n<\/strong><\/p>\n<p>&nbsp;<\/p>\n<p><strong> <\/strong><\/p>\n","protected":false},"excerpt":{"rendered":"<p>Las camas el\u00e1sticas de la marca Jumpfree se benefician de las d\u00e9cadas de experiencia de la legendaria empresa predecesora Jumpking (EEUU). En nuestras grandes instalaciones de bungee de uso comercial s\u00f3lo se utilizan camas el\u00e1sticas Jumpfree Exclusive o Royal. \u00a1No sin raz\u00f3n!  <\/p>\n<p>En t\u00e9rminos de calidad, las camas el\u00e1sticas de jard\u00edn Jumpfree marcan la pauta por la que tienen que medirse todos los dem\u00e1s fabricantes.<br \/>\n<strong><u>Nota importante:<br \/>\n<\/u><\/strong>Las camas el\u00e1sticas de jard\u00edn Jumpfree Royal y Proline y sus accesorios se clasifican como &#8220;L\u00ednea Premium&#8221; cuando se utilizan en sistemas de cama el\u00e1stica. La calidad de los productos es alta. Sin embargo, estos productos s\u00f3lo son adecuados para uso comercial en combinaci\u00f3n con el sistema el\u00e1stico y en ning\u00fan caso sustituyen a un sistema de cama el\u00e1stica profesional (por ejemplo, Multitramp). Estos productos no est\u00e1n dise\u00f1ados para ese uso.   <\/p>\n","protected":false},"featured_media":14782,"comment_status":"open","ping_status":"closed","template":"","meta":{"_acf_changed":false},"product_brand":[],"product_cat":[219,227],"product_tag":[],"class_list":{"0":"post-14781","1":"product","2":"type-product","3":"status-publish","4":"has-post-thumbnail","6":"product_cat-instalaciones-de-trampolin-elastico","7":"product_cat-trampolines-laterales","9":"first","10":"instock","11":"taxable","12":"shipping-taxable","13":"purchasable","14":"product-type-simple"},"acf":[],"_links":{"self":[{"href":"https:\/\/freizeit-technik.de\/es\/wp-json\/wp\/v2\/product\/14781","targetHints":{"allow":["GET"]}}],"collection":[{"href":"https:\/\/freizeit-technik.de\/es\/wp-json\/wp\/v2\/product"}],"about":[{"href":"https:\/\/freizeit-technik.de\/es\/wp-json\/wp\/v2\/types\/product"}],"replies":[{"embeddable":true,"href":"https:\/\/freizeit-technik.de\/es\/wp-json\/wp\/v2\/comments?post=14781"}],"wp:featuredmedia":[{"embeddable":true,"href":"https:\/\/freizeit-technik.de\/es\/wp-json\/wp\/v2\/media\/14782"}],"wp:attachment":[{"href":"https:\/\/freizeit-technik.de\/es\/wp-json\/wp\/v2\/media?parent=14781"}],"wp:term":[{"taxonomy":"product_brand","embeddable":true,"href":"https:\/\/freizeit-technik.de\/es\/wp-json\/wp\/v2\/product_brand?post=14781"},{"taxonomy":"product_cat","embeddable":true,"href":"https:\/\/freizeit-technik.de\/es\/wp-json\/wp\/v2\/product_cat?post=14781"},{"taxonomy":"product_tag","embeddable":true,"href":"https:\/\/freizeit-technik.de\/es\/wp-json\/wp\/v2\/product_tag?post=14781"}],"curies":[{"name":"wp","href":"https:\/\/api.w.org\/{rel}","templated":true}]}}