{"id":14831,"date":"2026-03-15T09:08:43","date_gmt":"2026-03-15T08:08:43","guid":{"rendered":"https:\/\/freizeit-technik.de\/shop\/muelle-de-trampolin-allround-no-3-235-mm-oe-29-mm\/"},"modified":"2026-04-30T09:24:18","modified_gmt":"2026-04-30T07:24:18","slug":"muelle-de-trampolin-allround-no-3-235-mm-oe-29-mm","status":"publish","type":"product","link":"https:\/\/freizeit-technik.de\/es\/shop\/muelle-de-trampolin-allround-no-3-235-mm-oe-29-mm\/","title":{"rendered":"Muelle de trampol\u00edn &#8220;Allround&#8221; n\u00ba 3, 235 mm \u00d8 29 mm"},"content":{"rendered":"<p><strong>Longitud: 235 mm<br \/>\nDi\u00e1metro: 29 mm<br \/>\nCategor\u00eda: Allround<br \/>\n<\/strong> Rendimiento de lanzamiento<strong>: ++++<br \/>\nDureza: +++<\/strong><br \/>\n<strong>Peso \u00d8 \u00f3ptimo del usuario: 30 &#8211; 90 kg<br \/>\n<\/strong>(capacidad de carga m\u00e1xima superior)<\/p>\n","protected":false},"excerpt":{"rendered":"<p>Nuestros muelles para cama el\u00e1stica n.\u00ba 3 ofrecen unas propiedades similares a las de nuestros muelles para cama el\u00e1stica n.\u00ba 2a. Tambi\u00e9n son muy adecuados para un amplio grupo de usuarios y armonizan bien con las colchonetas de salto de los tipos 1 a 4. <\/p>\n<p>Sin embargo, debido a su menor longitud, necesitar\u00e1s una funda de almohadilla m\u00e1s peque\u00f1a para este muelle.<\/p>\n<p>Adecuado para camas el\u00e1sticas de varios fabricantes.<\/p>\n<p>Una unidad de env\u00edo contiene 100 muelles.<br \/>\nPara optimizar los costes de env\u00edo, introduce una cantidad <strong>divisible por 100<\/strong>.<\/p>\n<p><strong>Proceso de pedido<\/strong><br \/>\nPrimero selecciona una categor\u00eda de precios basada en el n\u00famero total de muelles para cama el\u00e1stica que necesitas para este tipo de muelle.<br \/>\nA continuaci\u00f3n, introduce el n\u00famero exacto de muelles que necesitas.<br \/>\nEl n\u00famero de muelles introducido debe estar dentro del rango de la categor\u00eda de precios seleccionada.<\/p>\n","protected":false},"featured_media":14832,"comment_status":"open","ping_status":"closed","template":"","meta":{"_acf_changed":false},"product_brand":[],"product_cat":[302,191],"product_tag":[],"class_list":{"0":"post-14831","1":"product","2":"type-product","3":"status-publish","4":"has-post-thumbnail","6":"product_cat-muelles-de-trampolin","7":"product_cat-parque-de-camas-elasticas-e-instalaciones-para-camas-elasticas","9":"first","10":"instock","11":"taxable","12":"shipping-taxable","13":"purchasable","14":"product-type-variable"},"acf":[],"_links":{"self":[{"href":"https:\/\/freizeit-technik.de\/es\/wp-json\/wp\/v2\/product\/14831","targetHints":{"allow":["GET"]}}],"collection":[{"href":"https:\/\/freizeit-technik.de\/es\/wp-json\/wp\/v2\/product"}],"about":[{"href":"https:\/\/freizeit-technik.de\/es\/wp-json\/wp\/v2\/types\/product"}],"replies":[{"embeddable":true,"href":"https:\/\/freizeit-technik.de\/es\/wp-json\/wp\/v2\/comments?post=14831"}],"wp:featuredmedia":[{"embeddable":true,"href":"https:\/\/freizeit-technik.de\/es\/wp-json\/wp\/v2\/media\/14832"}],"wp:attachment":[{"href":"https:\/\/freizeit-technik.de\/es\/wp-json\/wp\/v2\/media?parent=14831"}],"wp:term":[{"taxonomy":"product_brand","embeddable":true,"href":"https:\/\/freizeit-technik.de\/es\/wp-json\/wp\/v2\/product_brand?post=14831"},{"taxonomy":"product_cat","embeddable":true,"href":"https:\/\/freizeit-technik.de\/es\/wp-json\/wp\/v2\/product_cat?post=14831"},{"taxonomy":"product_tag","embeddable":true,"href":"https:\/\/freizeit-technik.de\/es\/wp-json\/wp\/v2\/product_tag?post=14831"}],"curies":[{"name":"wp","href":"https:\/\/api.w.org\/{rel}","templated":true}]}}