{"id":14876,"date":"2026-03-15T10:56:55","date_gmt":"2026-03-15T09:56:55","guid":{"rendered":"https:\/\/freizeit-technik.de\/shop\/muelle-de-trampolin-performance-no-2b-260-mm-oe-29-mm\/"},"modified":"2026-04-30T09:24:28","modified_gmt":"2026-04-30T07:24:28","slug":"muelle-de-trampolin-performance-no-2b-260-mm-oe-29-mm","status":"publish","type":"product","link":"https:\/\/freizeit-technik.de\/es\/shop\/muelle-de-trampolin-performance-no-2b-260-mm-oe-29-mm\/","title":{"rendered":"Muelle de trampol\u00edn &#8220;Performance&#8221; n\u00ba 2b, 260 mm \u00d8 29 mm"},"content":{"rendered":"<p><strong>Longitud: 260 mm<br \/>\nDi\u00e1metro: 29 mm<br \/>\nCategor\u00eda: Rendimiento<br \/>\n<\/strong> Rendimiento de lanzamiento<strong>: +++++<br \/>\nDureza: +++++<\/strong><br \/>\n<strong>\u00d8 \u00f3ptimo peso del usuario: 60 &#8211; 90 kg<br \/>\no saltadores deportivos<br \/>\n<\/strong>(capacidad de carga m\u00e1xima superior)<\/p>\n","protected":false},"excerpt":{"rendered":"<p>Los muelles de trampol\u00edn &#8220;Performance&#8221; n.\u00ba 2b son id\u00e9nticos en construcci\u00f3n a los muelles n.\u00ba 2a, pero tienen una precarga significativamente mayor. Combinados con superficies de salto de tipo 2, 3 \u00f3 4, consiguen valores de aceleraci\u00f3n elevados.<br \/>\nAtenci\u00f3n: seg\u00fan el n\u00famero de muelles, esta combinaci\u00f3n transforma r\u00e1pidamente una cama el\u00e1stica en una cama el\u00e1stica de alto rendimiento conforme a la norma DIN EN 23659, con obligaciones ampliadas para el usuario.  <\/p>\n<p>Particularidad: Nuestros muelles n.\u00ba 2b tambi\u00e9n se utilizan en nuestros sistemas multitramp en m\u00f3dulos el\u00e1sticos en menor n\u00famero y combinados con una colchoneta de salto PP de tipo 1.<\/p>\n<p>Adecuado para camas el\u00e1sticas de varios fabricantes.<\/p>\n<p>Una unidad de env\u00edo contiene 100 muelles.<br \/>\nPara optimizar los costes de env\u00edo, introduce una cantidad <strong>divisible por 100<\/strong>.<\/p>\n<p><strong>Proceso de pedido<\/strong><br \/>\nPrimero selecciona una categor\u00eda de precios basada en el n\u00famero total de muelles para cama el\u00e1stica que necesitas para este tipo de muelle.<br \/>\nA continuaci\u00f3n, introduce el n\u00famero exacto de muelles que necesitas.<br \/>\nEl n\u00famero de muelles introducido debe estar dentro del rango de la categor\u00eda de precios seleccionada.<\/p>\n","protected":false},"featured_media":14877,"comment_status":"open","ping_status":"closed","template":"","meta":{"_acf_changed":false},"product_brand":[],"product_cat":[302,191],"product_tag":[],"class_list":{"0":"post-14876","1":"product","2":"type-product","3":"status-publish","4":"has-post-thumbnail","6":"product_cat-muelles-de-trampolin","7":"product_cat-parque-de-camas-elasticas-e-instalaciones-para-camas-elasticas","9":"first","10":"instock","11":"taxable","12":"shipping-taxable","13":"purchasable","14":"product-type-variable"},"acf":[],"_links":{"self":[{"href":"https:\/\/freizeit-technik.de\/es\/wp-json\/wp\/v2\/product\/14876","targetHints":{"allow":["GET"]}}],"collection":[{"href":"https:\/\/freizeit-technik.de\/es\/wp-json\/wp\/v2\/product"}],"about":[{"href":"https:\/\/freizeit-technik.de\/es\/wp-json\/wp\/v2\/types\/product"}],"replies":[{"embeddable":true,"href":"https:\/\/freizeit-technik.de\/es\/wp-json\/wp\/v2\/comments?post=14876"}],"wp:featuredmedia":[{"embeddable":true,"href":"https:\/\/freizeit-technik.de\/es\/wp-json\/wp\/v2\/media\/14877"}],"wp:attachment":[{"href":"https:\/\/freizeit-technik.de\/es\/wp-json\/wp\/v2\/media?parent=14876"}],"wp:term":[{"taxonomy":"product_brand","embeddable":true,"href":"https:\/\/freizeit-technik.de\/es\/wp-json\/wp\/v2\/product_brand?post=14876"},{"taxonomy":"product_cat","embeddable":true,"href":"https:\/\/freizeit-technik.de\/es\/wp-json\/wp\/v2\/product_cat?post=14876"},{"taxonomy":"product_tag","embeddable":true,"href":"https:\/\/freizeit-technik.de\/es\/wp-json\/wp\/v2\/product_tag?post=14876"}],"curies":[{"name":"wp","href":"https:\/\/api.w.org\/{rel}","templated":true}]}}