{"id":14918,"date":"2026-03-15T12:00:14","date_gmt":"2026-03-15T11:00:14","guid":{"rendered":"https:\/\/freizeit-technik.de\/shop\/muelle-de-trampolin-allround-no-2a-260-mm-oe-29-mm\/"},"modified":"2026-04-30T09:24:40","modified_gmt":"2026-04-30T07:24:40","slug":"muelle-de-trampolin-allround-no-2a-260-mm-oe-29-mm","status":"publish","type":"product","link":"https:\/\/freizeit-technik.de\/es\/shop\/muelle-de-trampolin-allround-no-2a-260-mm-oe-29-mm\/","title":{"rendered":"Muelle de trampol\u00edn &#8220;Allround&#8221; n\u00ba 2a, 260 mm \u00d8 29 mm"},"content":{"rendered":"<p><strong>Longitud: 260 mm<br \/>\nDi\u00e1metro: 29 mm<br \/>\nCategor\u00eda: Allround<br \/>\n<\/strong> Rendimiento de lanzamiento<strong>: ++++<br \/>\nDureza: +++<\/strong><br \/>\n<strong>Peso \u00d8 \u00f3ptimo del usuario: 30 &#8211; 90 kg<br \/>\n<\/strong>(capacidad de carga m\u00e1xima superior)<\/p>\n","protected":false},"excerpt":{"rendered":"<p>Los muelles de trampol\u00edn &#8220;Allround&#8221; n.\u00ba 2a son la primera elecci\u00f3n cuando se utilizan para un grupo de usuarios amplio si hay suficiente cobertura de acolchado.<br \/>\nMedianamente blandos y din\u00e1micos, se pueden combinar muy bien con todos los tipos de colchoneta de salto. La combinaci\u00f3n con la colchoneta de salto tipo 2 es especialmente popular y ha tenido mucho \u00e9xito. <\/p>\n<p>Utilizamos el muelle n.\u00ba 2a como est\u00e1ndar para nuestros sistemas multitramp en m\u00f3dulos tramp.<br \/>\nAdecuado para sistemas tramp de varios fabricantes.<\/p>\n<p>Una unidad de env\u00edo contiene 100 muelles.<br \/>\nPara optimizar los costes de env\u00edo, introduce una cantidad <strong>divisible por 100<\/strong>.<\/p>\n<p><strong>Proceso de pedido<\/strong><br \/>\nPrimero selecciona una categor\u00eda de precios basada en el n\u00famero total de muelles para cama el\u00e1stica que necesitas para este tipo de muelle.<br \/>\nA continuaci\u00f3n, introduce el n\u00famero exacto de muelles que necesitas.<br \/>\nEl n\u00famero de muelles introducido debe estar dentro del rango de la categor\u00eda de precios seleccionada.<\/p>\n","protected":false},"featured_media":14877,"comment_status":"open","ping_status":"closed","template":"","meta":{"_acf_changed":false},"product_brand":[],"product_cat":[302,191],"product_tag":[],"class_list":{"0":"post-14918","1":"product","2":"type-product","3":"status-publish","4":"has-post-thumbnail","6":"product_cat-muelles-de-trampolin","7":"product_cat-parque-de-camas-elasticas-e-instalaciones-para-camas-elasticas","9":"first","10":"instock","11":"taxable","12":"shipping-taxable","13":"purchasable","14":"product-type-variable"},"acf":[],"_links":{"self":[{"href":"https:\/\/freizeit-technik.de\/es\/wp-json\/wp\/v2\/product\/14918","targetHints":{"allow":["GET"]}}],"collection":[{"href":"https:\/\/freizeit-technik.de\/es\/wp-json\/wp\/v2\/product"}],"about":[{"href":"https:\/\/freizeit-technik.de\/es\/wp-json\/wp\/v2\/types\/product"}],"replies":[{"embeddable":true,"href":"https:\/\/freizeit-technik.de\/es\/wp-json\/wp\/v2\/comments?post=14918"}],"wp:featuredmedia":[{"embeddable":true,"href":"https:\/\/freizeit-technik.de\/es\/wp-json\/wp\/v2\/media\/14877"}],"wp:attachment":[{"href":"https:\/\/freizeit-technik.de\/es\/wp-json\/wp\/v2\/media?parent=14918"}],"wp:term":[{"taxonomy":"product_brand","embeddable":true,"href":"https:\/\/freizeit-technik.de\/es\/wp-json\/wp\/v2\/product_brand?post=14918"},{"taxonomy":"product_cat","embeddable":true,"href":"https:\/\/freizeit-technik.de\/es\/wp-json\/wp\/v2\/product_cat?post=14918"},{"taxonomy":"product_tag","embeddable":true,"href":"https:\/\/freizeit-technik.de\/es\/wp-json\/wp\/v2\/product_tag?post=14918"}],"curies":[{"name":"wp","href":"https:\/\/api.w.org\/{rel}","templated":true}]}}