{"id":14933,"date":"2026-03-15T12:12:55","date_gmt":"2026-03-15T11:12:55","guid":{"rendered":"https:\/\/freizeit-technik.de\/shop\/muelle-trampolin-playground-no-1-270-mm-oe-28-mm\/"},"modified":"2026-04-30T09:24:46","modified_gmt":"2026-04-30T07:24:46","slug":"muelle-trampolin-playground-no-1-270-mm-oe-28-mm","status":"publish","type":"product","link":"https:\/\/freizeit-technik.de\/es\/shop\/muelle-trampolin-playground-no-1-270-mm-oe-28-mm\/","title":{"rendered":"Muelle trampol\u00edn &#8220;Playground&#8221; n\u00ba 1, 270 mm \u00d8 28 mm"},"content":{"rendered":"<p><strong>Longitud: 270 mm<br \/>\nDi\u00e1metro: 28 mm<br \/>\nCategor\u00eda: Parque infantil<br \/>\n<\/strong> Rendimiento de lanzamiento<strong>: ++<br \/>\nDureza: +<\/strong><br \/>\n<strong>Peso \u00d8 \u00f3ptimo del usuario: 20 &#8211; 60 kg<br \/>\n<\/strong>(capacidad de carga m\u00e1xima superior)<\/p>\n","protected":false},"excerpt":{"rendered":"<p>Estos muelles para cama el\u00e1stica est\u00e1n optimizados para un peso de usuario de 20 kg a 60 kg. Proporcionan un rebote muy suave con un recorrido largo.<br \/>\nOptimizados para su uso en camas el\u00e1sticas utilizadas principalmente por ni\u00f1os, por ejemplo, en parques infantiles de interior.<br \/>\nEstos muelles para cama el\u00e1stica n.\u00ba 1 forman una combinaci\u00f3n armoniosa con nuestra colchoneta de salto de tipo 3, con una elasticidad puntual especialmente alta. <\/p>\n<p>Adecuado para camas el\u00e1sticas de varios fabricantes.<\/p>\n<p><span style=\"color: #ff0000;\"><span style=\"color: #808080;\">Debido al mayor peso de este muelle n\u00ba 1, una unidad de env\u00edo contiene un total de <strong>96 muelles<\/strong> en lugar de los 100 habituales.<\/span><br \/>\nPara optimizar los costes de env\u00edo, introduce un n\u00famero <strong>divisible por 96<\/strong>.<\/span><\/p>\n<p><strong>Proceso de pedido<\/strong><br \/>\nPrimero selecciona una categor\u00eda de precios basada en el n\u00famero total de muelles para cama el\u00e1stica que necesitas para este tipo de muelle.<br \/>\nA continuaci\u00f3n, introduce el n\u00famero exacto de muelles que necesitas.<br \/>\nEl n\u00famero de muelles introducido debe estar dentro del rango de la categor\u00eda de precios seleccionada.<\/p>\n","protected":false},"featured_media":14934,"comment_status":"open","ping_status":"closed","template":"","meta":{"_acf_changed":false},"product_brand":[],"product_cat":[302,191],"product_tag":[],"class_list":{"0":"post-14933","1":"product","2":"type-product","3":"status-publish","4":"has-post-thumbnail","6":"product_cat-muelles-de-trampolin","7":"product_cat-parque-de-camas-elasticas-e-instalaciones-para-camas-elasticas","9":"first","10":"instock","11":"taxable","12":"shipping-taxable","13":"purchasable","14":"product-type-variable"},"acf":[],"_links":{"self":[{"href":"https:\/\/freizeit-technik.de\/es\/wp-json\/wp\/v2\/product\/14933","targetHints":{"allow":["GET"]}}],"collection":[{"href":"https:\/\/freizeit-technik.de\/es\/wp-json\/wp\/v2\/product"}],"about":[{"href":"https:\/\/freizeit-technik.de\/es\/wp-json\/wp\/v2\/types\/product"}],"replies":[{"embeddable":true,"href":"https:\/\/freizeit-technik.de\/es\/wp-json\/wp\/v2\/comments?post=14933"}],"wp:featuredmedia":[{"embeddable":true,"href":"https:\/\/freizeit-technik.de\/es\/wp-json\/wp\/v2\/media\/14934"}],"wp:attachment":[{"href":"https:\/\/freizeit-technik.de\/es\/wp-json\/wp\/v2\/media?parent=14933"}],"wp:term":[{"taxonomy":"product_brand","embeddable":true,"href":"https:\/\/freizeit-technik.de\/es\/wp-json\/wp\/v2\/product_brand?post=14933"},{"taxonomy":"product_cat","embeddable":true,"href":"https:\/\/freizeit-technik.de\/es\/wp-json\/wp\/v2\/product_cat?post=14933"},{"taxonomy":"product_tag","embeddable":true,"href":"https:\/\/freizeit-technik.de\/es\/wp-json\/wp\/v2\/product_tag?post=14933"}],"curies":[{"name":"wp","href":"https:\/\/api.w.org\/{rel}","templated":true}]}}