{"id":14951,"date":"2026-03-22T09:20:13","date_gmt":"2026-03-22T08:20:13","guid":{"rendered":"https:\/\/freizeit-technik.de\/shop\/oferta-especial-cojin-de-marco-para-proline-213-rectangular-tamano-de-marco-275-x-190-cm-en-color-verde\/"},"modified":"2026-04-30T09:24:51","modified_gmt":"2026-04-30T07:24:51","slug":"oferta-especial-cojin-de-marco-para-proline-213-rectangular-tamano-de-marco-275-x-190-cm-en-color-verde","status":"publish","type":"product","link":"https:\/\/freizeit-technik.de\/es\/shop\/oferta-especial-cojin-de-marco-para-proline-213-rectangular-tamano-de-marco-275-x-190-cm-en-color-verde\/","title":{"rendered":"Oferta especial: Coj\u00edn de marco para Proline 213 rectangular, tama\u00f1o de marco 275 x 190 cm en color verde"},"content":{"rendered":"","protected":false},"excerpt":{"rendered":"<p><span class=\"tx-ttproducts-pi1-wrap2\">Relleno de armaz\u00f3n para cama el\u00e1stica rectangular Proline 213. Dimensiones del armaz\u00f3n 275 x 190 cm. <\/span><\/p>\n","protected":false},"featured_media":14952,"comment_status":"open","ping_status":"closed","template":"","meta":{"_acf_changed":false},"product_brand":[],"product_cat":[219,227],"product_tag":[],"class_list":{"0":"post-14951","1":"product","2":"type-product","3":"status-publish","4":"has-post-thumbnail","6":"product_cat-instalaciones-de-trampolin-elastico","7":"product_cat-trampolines-laterales","9":"first","10":"instock","11":"taxable","12":"shipping-taxable","13":"purchasable","14":"product-type-variable"},"acf":[],"_links":{"self":[{"href":"https:\/\/freizeit-technik.de\/es\/wp-json\/wp\/v2\/product\/14951","targetHints":{"allow":["GET"]}}],"collection":[{"href":"https:\/\/freizeit-technik.de\/es\/wp-json\/wp\/v2\/product"}],"about":[{"href":"https:\/\/freizeit-technik.de\/es\/wp-json\/wp\/v2\/types\/product"}],"replies":[{"embeddable":true,"href":"https:\/\/freizeit-technik.de\/es\/wp-json\/wp\/v2\/comments?post=14951"}],"wp:featuredmedia":[{"embeddable":true,"href":"https:\/\/freizeit-technik.de\/es\/wp-json\/wp\/v2\/media\/14952"}],"wp:attachment":[{"href":"https:\/\/freizeit-technik.de\/es\/wp-json\/wp\/v2\/media?parent=14951"}],"wp:term":[{"taxonomy":"product_brand","embeddable":true,"href":"https:\/\/freizeit-technik.de\/es\/wp-json\/wp\/v2\/product_brand?post=14951"},{"taxonomy":"product_cat","embeddable":true,"href":"https:\/\/freizeit-technik.de\/es\/wp-json\/wp\/v2\/product_cat?post=14951"},{"taxonomy":"product_tag","embeddable":true,"href":"https:\/\/freizeit-technik.de\/es\/wp-json\/wp\/v2\/product_tag?post=14951"}],"curies":[{"name":"wp","href":"https:\/\/api.w.org\/{rel}","templated":true}]}}