{"id":15902,"date":"2026-03-15T08:00:43","date_gmt":"2026-03-15T07:00:43","guid":{"rendered":"https:\/\/freizeit-technik.de\/shop\/muelle-de-parque-trampolin-no-5c-175-mm-oe-33-mm\/"},"modified":"2026-05-05T11:27:18","modified_gmt":"2026-05-05T09:27:18","slug":"muelle-de-parque-trampolin-no-5c-175-mm-oe-33-mm","status":"publish","type":"product","link":"https:\/\/freizeit-technik.de\/es\/shop\/muelle-de-parque-trampolin-no-5c-175-mm-oe-33-mm\/","title":{"rendered":"Muelle de parque trampol\u00edn n\u00ba 5c, 175 mm \u00d8 33 mm"},"content":{"rendered":"<p><strong>Longitud: 175 mm<br \/>\nDi\u00e1metro: 33 mm<br \/>\nCategor\u00eda: Allround<br \/>\n<\/strong> Rendimiento de lanzamiento<strong>: +++<br \/>\nDureza: +++<\/strong><br \/>\n<strong>Peso \u00d8 \u00f3ptimo del usuario: 30 &#8211; 90 kg<br \/>\n<\/strong>(capacidad de carga m\u00e1xima superior)<\/p>\n<p>&nbsp;<\/p>\n","protected":false},"excerpt":{"rendered":"<p>Nuestros muelles para cama el\u00e1stica n.\u00ba 5c est\u00e1n optimizados para su uso en parques de camas el\u00e1sticas.<br \/>\nCortos y de gran di\u00e1metro, ofrecen la posibilidad de utilizar colchonetas para cama el\u00e1stica estrechas. Con su gran di\u00e1metro y firmeza media, son ideales para utilizarlos en combinaci\u00f3n con telas de colchoneta de salto de tipo 1 y 2. <\/p>\n<p>Una unidad de env\u00edo contiene 100 muelles.<br \/>\nPara optimizar los costes de env\u00edo, introduce una cantidad <strong>divisible por 100<\/strong>.<\/p>\n<p><strong>Proceso de pedido<\/strong><br \/>\nPrimero selecciona una categor\u00eda de precios basada en el n\u00famero total de muelles para cama el\u00e1stica que necesitas para este tipo de muelle.<br \/>\nA continuaci\u00f3n, introduce el n\u00famero exacto de muelles que necesitas.<br \/>\nEl n\u00famero de muelles introducido debe estar dentro del rango de la categor\u00eda de precios seleccionada.<\/p>\n","protected":false},"featured_media":15922,"comment_status":"open","ping_status":"closed","template":"","meta":{"_acf_changed":false},"product_brand":[],"product_cat":[302,191],"product_tag":[],"class_list":{"0":"post-15902","1":"product","2":"type-product","3":"status-publish","4":"has-post-thumbnail","6":"product_cat-muelles-de-trampolin","7":"product_cat-parque-de-camas-elasticas-e-instalaciones-para-camas-elasticas","9":"first","10":"instock","11":"taxable","12":"shipping-taxable","13":"purchasable","14":"product-type-variable"},"acf":[],"_links":{"self":[{"href":"https:\/\/freizeit-technik.de\/es\/wp-json\/wp\/v2\/product\/15902","targetHints":{"allow":["GET"]}}],"collection":[{"href":"https:\/\/freizeit-technik.de\/es\/wp-json\/wp\/v2\/product"}],"about":[{"href":"https:\/\/freizeit-technik.de\/es\/wp-json\/wp\/v2\/types\/product"}],"replies":[{"embeddable":true,"href":"https:\/\/freizeit-technik.de\/es\/wp-json\/wp\/v2\/comments?post=15902"}],"wp:featuredmedia":[{"embeddable":true,"href":"https:\/\/freizeit-technik.de\/es\/wp-json\/wp\/v2\/media\/15922"}],"wp:attachment":[{"href":"https:\/\/freizeit-technik.de\/es\/wp-json\/wp\/v2\/media?parent=15902"}],"wp:term":[{"taxonomy":"product_brand","embeddable":true,"href":"https:\/\/freizeit-technik.de\/es\/wp-json\/wp\/v2\/product_brand?post=15902"},{"taxonomy":"product_cat","embeddable":true,"href":"https:\/\/freizeit-technik.de\/es\/wp-json\/wp\/v2\/product_cat?post=15902"},{"taxonomy":"product_tag","embeddable":true,"href":"https:\/\/freizeit-technik.de\/es\/wp-json\/wp\/v2\/product_tag?post=15902"}],"curies":[{"name":"wp","href":"https:\/\/api.w.org\/{rel}","templated":true}]}}