{"id":15956,"date":"2026-03-15T08:58:59","date_gmt":"2026-03-15T07:58:59","guid":{"rendered":"https:\/\/freizeit-technik.de\/shop\/muelle-de-trampolin-allround-no-4-215-mm-oe-31-mm\/"},"modified":"2026-05-05T11:27:26","modified_gmt":"2026-05-05T09:27:26","slug":"muelle-de-trampolin-allround-no-4-215-mm-oe-31-mm","status":"publish","type":"product","link":"https:\/\/freizeit-technik.de\/es\/shop\/muelle-de-trampolin-allround-no-4-215-mm-oe-31-mm\/","title":{"rendered":"Muelle de trampol\u00edn &#8220;Allround&#8221; n\u00ba 4, 215 mm \u00d8 31 mm"},"content":{"rendered":"<p><strong>Longitud: 215 mm<br \/>\nDi\u00e1metro: 31 mm<br \/>\nCategor\u00eda: Allround<br \/>\n<\/strong> Rendimiento de lanzamiento<strong>: ++<br \/>\nDureza: ++++<\/strong><br \/>\n<strong>Peso \u00d8 \u00f3ptimo del usuario: 30 &#8211; 90 kg<br \/>\n<\/strong>(capacidad de carga m\u00e1xima superior)<\/p>\n","protected":false},"excerpt":{"rendered":"<p>Nuestros muelles para cama el\u00e1stica n.\u00ba 4 suelen ser ligeramente m\u00e1s duros.<br \/>\nAdecuados para sistemas de cama el\u00e1stica de varios fabricantes.<br \/>\nSon una buena alternativa, generalmente m\u00e1s robusta, a los muelles originales, que se utilizan en muchas camas el\u00e1sticas de jard\u00edn de 12&#8243; y 14&#8243; (por ejemplo, Proline, Jumpfree, Jumpking).<\/p>\n<p>Una unidad de env\u00edo contiene 100 muelles.<br \/>\nPara optimizar los gastos de env\u00edo, introduce una cantidad <strong>divisible por 100<\/strong>.<\/p>\n<p><strong>Proceso de pedido<\/strong><br \/>\nSelecciona primero una categor\u00eda de precios basada en el n\u00famero total de muelles para cama el\u00e1stica que necesitas para este tipo de muelle.<br \/>\nIntroduce a continuaci\u00f3n la cantidad exacta de muelles que necesitas.<br \/>\nEl n\u00famero de muelles introducido debe estar dentro del rango de la categor\u00eda de precios seleccionada.<\/p>\n","protected":false},"featured_media":15984,"comment_status":"open","ping_status":"closed","template":"","meta":{"_acf_changed":false},"product_brand":[],"product_cat":[219,302,191,227],"product_tag":[],"class_list":{"0":"post-15956","1":"product","2":"type-product","3":"status-publish","4":"has-post-thumbnail","6":"product_cat-instalaciones-de-trampolin-elastico","7":"product_cat-muelles-de-trampolin","8":"product_cat-parque-de-camas-elasticas-e-instalaciones-para-camas-elasticas","9":"product_cat-trampolines-laterales","11":"first","12":"instock","13":"taxable","14":"shipping-taxable","15":"purchasable","16":"product-type-variable"},"acf":[],"_links":{"self":[{"href":"https:\/\/freizeit-technik.de\/es\/wp-json\/wp\/v2\/product\/15956","targetHints":{"allow":["GET"]}}],"collection":[{"href":"https:\/\/freizeit-technik.de\/es\/wp-json\/wp\/v2\/product"}],"about":[{"href":"https:\/\/freizeit-technik.de\/es\/wp-json\/wp\/v2\/types\/product"}],"replies":[{"embeddable":true,"href":"https:\/\/freizeit-technik.de\/es\/wp-json\/wp\/v2\/comments?post=15956"}],"wp:featuredmedia":[{"embeddable":true,"href":"https:\/\/freizeit-technik.de\/es\/wp-json\/wp\/v2\/media\/15984"}],"wp:attachment":[{"href":"https:\/\/freizeit-technik.de\/es\/wp-json\/wp\/v2\/media?parent=15956"}],"wp:term":[{"taxonomy":"product_brand","embeddable":true,"href":"https:\/\/freizeit-technik.de\/es\/wp-json\/wp\/v2\/product_brand?post=15956"},{"taxonomy":"product_cat","embeddable":true,"href":"https:\/\/freizeit-technik.de\/es\/wp-json\/wp\/v2\/product_cat?post=15956"},{"taxonomy":"product_tag","embeddable":true,"href":"https:\/\/freizeit-technik.de\/es\/wp-json\/wp\/v2\/product_tag?post=15956"}],"curies":[{"name":"wp","href":"https:\/\/api.w.org\/{rel}","templated":true}]}}