{"id":16129,"date":"2026-03-14T10:02:05","date_gmt":"2026-03-14T09:02:05","guid":{"rendered":"https:\/\/freizeit-technik.de\/shop\/nueva-promocion-para-operadores-de-parques-de-camas-elasticas-muestra-de-colchoneta-de-salto-a-un-precio-especial-de-lanzamiento\/"},"modified":"2026-05-05T11:27:51","modified_gmt":"2026-05-05T09:27:51","slug":"nueva-promocion-para-operadores-de-parques-de-camas-elasticas-muestra-de-colchoneta-de-salto-a-un-precio-especial-de-lanzamiento","status":"publish","type":"product","link":"https:\/\/freizeit-technik.de\/es\/shop\/nueva-promocion-para-operadores-de-parques-de-camas-elasticas-muestra-de-colchoneta-de-salto-a-un-precio-especial-de-lanzamiento\/","title":{"rendered":"Nueva promoci\u00f3n para operadores de parques de camas el\u00e1sticas: \u00a1muestra de colchoneta de salto a un precio especial de lanzamiento!"},"content":{"rendered":"<p><b>Colchoneta de salto de PP o PVC que incluye:<br \/>\nDelantal de seguridad<br \/>\nmarco tejido de color<br \/>\nred de seguridad redundante adicional<\/b><\/p>\n<p><img loading=\"lazy\" decoding=\"async\" class=\"size-full wp-image-682 alignleft\" src=\"https:\/\/freizeit-technik.de\/wp-content\/uploads\/2017\/03\/Q_deutschland-1.gif\" alt=\"\" width=\"64\" height=\"64\"><\/p>\n","protected":false},"excerpt":{"rendered":"<p>Conv\u00e9ncete de nuestra calidad con una estera de salto de muestra hecha a medida.<br \/>\nSe suministra completo, con delantal de seguridad, armaz\u00f3n de cinchas de colores y red de seguridad redundante de nuestra f\u00e1brica de redes de salto.<\/p>\n<p><strong>Requisitos de participaci\u00f3n:<\/strong><\/p>\n<ol>\n<li>Gestionan un parque de camas el\u00e1sticas con al menos 40 zonas de salto.<\/li>\n<li>No eres un cliente existente ni se ha instalado hasta la fecha en tu sistema un tejido de salto de nuestra producci\u00f3n. Por tanto, a\u00fan no conoces nuestros productos. <\/li>\n<\/ol>\n<p><strong>Procedimiento:<\/strong><\/p>\n<ol>\n<li>Inf\u00f3rmate sobre las distintas propiedades de nuestros tipos de colchonetas de salto en la tienda online y dec\u00eddete por una calidad y un color.<\/li>\n<li>Selecciona un color para el marco de cinta tejida de este art\u00edculo promocional.<\/li>\n<li>Selecciona la cantidad &#8220;1&#8221;, a\u00f1\u00e1dela a la cesta de la compra con otros art\u00edculos si es necesario y env\u00eda el pedido. La promoci\u00f3n est\u00e1 limitada a 1 colchoneta de salto. <\/li>\n<li>Nos pondremos en contacto contigo para aclarar las dimensiones. Nos env\u00edas 2 fotos de tu instalaci\u00f3n de camas el\u00e1sticas: una vista general que muestre todas las superficies de salto y una foto detallada de una zona de salto. <\/li>\n<li>Recibir\u00e1s tu colchoneta de salto personalizada.<\/li>\n<\/ol>\n<p>Recibir\u00e1s un m\u00e1ximo de una colchoneta de salto hasta un tama\u00f1o de 5 m\u00b2 (por ejemplo, 220 x 220 cm) en tejido de tipo 1 o tipo 2 a un precio especial \u00fanico de s\u00f3lo<\/p>\n<h4><span style=\"color: #333333;\">175 euros netos m\u00e1s IVA y gastos de env\u00edo <\/span><\/h4>\n<p>&nbsp;<\/p>\n<p><strong>Cuando elijas el color, ten en cuenta que, seg\u00fan la norma DIN EN ISO 23659, siempre debe haber una diferencia de color claramente visible entre el relleno de la cama el\u00e1stica y la lona de salto para cama el\u00e1stica. <\/strong><\/p>\n","protected":false},"featured_media":16134,"comment_status":"open","ping_status":"closed","template":"","meta":{"_acf_changed":false},"product_brand":[],"product_cat":[192],"product_tag":[],"class_list":{"0":"post-16129","1":"product","2":"type-product","3":"status-publish","4":"has-post-thumbnail","6":"product_cat-hojas-de-salto-en-cama-elastica","8":"first","9":"instock","10":"taxable","11":"shipping-taxable","12":"purchasable","13":"product-type-variable"},"acf":[],"_links":{"self":[{"href":"https:\/\/freizeit-technik.de\/es\/wp-json\/wp\/v2\/product\/16129","targetHints":{"allow":["GET"]}}],"collection":[{"href":"https:\/\/freizeit-technik.de\/es\/wp-json\/wp\/v2\/product"}],"about":[{"href":"https:\/\/freizeit-technik.de\/es\/wp-json\/wp\/v2\/types\/product"}],"replies":[{"embeddable":true,"href":"https:\/\/freizeit-technik.de\/es\/wp-json\/wp\/v2\/comments?post=16129"}],"wp:featuredmedia":[{"embeddable":true,"href":"https:\/\/freizeit-technik.de\/es\/wp-json\/wp\/v2\/media\/16134"}],"wp:attachment":[{"href":"https:\/\/freizeit-technik.de\/es\/wp-json\/wp\/v2\/media?parent=16129"}],"wp:term":[{"taxonomy":"product_brand","embeddable":true,"href":"https:\/\/freizeit-technik.de\/es\/wp-json\/wp\/v2\/product_brand?post=16129"},{"taxonomy":"product_cat","embeddable":true,"href":"https:\/\/freizeit-technik.de\/es\/wp-json\/wp\/v2\/product_cat?post=16129"},{"taxonomy":"product_tag","embeddable":true,"href":"https:\/\/freizeit-technik.de\/es\/wp-json\/wp\/v2\/product_tag?post=16129"}],"curies":[{"name":"wp","href":"https:\/\/api.w.org\/{rel}","templated":true}]}}