{"id":16362,"date":"2025-12-26T18:40:43","date_gmt":"2025-12-26T17:40:43","guid":{"rendered":"https:\/\/freizeit-technik.de\/shop\/clips-de-barra-para-estructura-de-acero-sistema-jump-sports\/"},"modified":"2026-05-05T19:34:41","modified_gmt":"2026-05-05T17:34:41","slug":"clips-de-barra-para-estructura-de-acero-sistema-jump-sports","status":"publish","type":"product","link":"https:\/\/freizeit-technik.de\/es\/shop\/clips-de-barra-para-estructura-de-acero-sistema-jump-sports\/","title":{"rendered":"Clips de barra para estructura de acero Sistema Jump Sports"},"content":{"rendered":"<p><b>Adecuado para los soportes de muelles del sistema de parques de camas el\u00e1sticas Jump-Sports.<\/b><\/p>\n","protected":false},"excerpt":{"rendered":"<p>Las pinzas de varilla act\u00faan como separadores para mantener los muelles a distancia de otras piezas met\u00e1licas de construcci\u00f3n. En raras ocasiones, tambi\u00e9n se utilizan como cojinetes lisos clipados. <\/p>\n","protected":false},"featured_media":14507,"comment_status":"open","ping_status":"closed","template":"","meta":{"_acf_changed":false},"product_brand":[],"product_cat":[302,191,220],"product_tag":[],"class_list":{"0":"post-16362","1":"product","2":"type-product","3":"status-publish","4":"has-post-thumbnail","6":"product_cat-muelles-de-trampolin","7":"product_cat-parque-de-camas-elasticas-e-instalaciones-para-camas-elasticas","8":"product_cat-varios","10":"first","11":"instock","12":"taxable","13":"shipping-taxable","14":"purchasable","15":"product-type-simple"},"acf":[],"_links":{"self":[{"href":"https:\/\/freizeit-technik.de\/es\/wp-json\/wp\/v2\/product\/16362","targetHints":{"allow":["GET"]}}],"collection":[{"href":"https:\/\/freizeit-technik.de\/es\/wp-json\/wp\/v2\/product"}],"about":[{"href":"https:\/\/freizeit-technik.de\/es\/wp-json\/wp\/v2\/types\/product"}],"replies":[{"embeddable":true,"href":"https:\/\/freizeit-technik.de\/es\/wp-json\/wp\/v2\/comments?post=16362"}],"wp:featuredmedia":[{"embeddable":true,"href":"https:\/\/freizeit-technik.de\/es\/wp-json\/wp\/v2\/media\/14507"}],"wp:attachment":[{"href":"https:\/\/freizeit-technik.de\/es\/wp-json\/wp\/v2\/media?parent=16362"}],"wp:term":[{"taxonomy":"product_brand","embeddable":true,"href":"https:\/\/freizeit-technik.de\/es\/wp-json\/wp\/v2\/product_brand?post=16362"},{"taxonomy":"product_cat","embeddable":true,"href":"https:\/\/freizeit-technik.de\/es\/wp-json\/wp\/v2\/product_cat?post=16362"},{"taxonomy":"product_tag","embeddable":true,"href":"https:\/\/freizeit-technik.de\/es\/wp-json\/wp\/v2\/product_tag?post=16362"}],"curies":[{"name":"wp","href":"https:\/\/api.w.org\/{rel}","templated":true}]}}