{"id":16416,"date":"2026-02-15T19:43:59","date_gmt":"2026-02-15T18:43:59","guid":{"rendered":"https:\/\/freizeit-technik.de\/shop\/oferta-especial-almohadilla-de-armazon-para-una-cama-elastica-redonda-proline-de-8-diametro-exterior-245-cm-en-color-gris-codigo-pr8-6\/"},"modified":"2026-05-05T19:35:05","modified_gmt":"2026-05-05T17:35:05","slug":"oferta-especial-almohadilla-de-armazon-para-una-cama-elastica-redonda-proline-de-8-diametro-exterior-245-cm-en-color-gris-codigo-pr8-6","status":"publish","type":"product","link":"https:\/\/freizeit-technik.de\/es\/shop\/oferta-especial-almohadilla-de-armazon-para-una-cama-elastica-redonda-proline-de-8-diametro-exterior-245-cm-en-color-gris-codigo-pr8-6\/","title":{"rendered":"Oferta especial: Almohadilla de armaz\u00f3n para una cama el\u00e1stica redonda Proline de 8&#8243;, di\u00e1metro exterior 245 cm en color gris. C\u00f3digo: PR8-6"},"content":{"rendered":"<p>Pieza \u00fanica, como nueva.<\/p>\n","protected":false},"excerpt":{"rendered":"<p>Pieza \u00fanica, como nueva.<\/p>\n","protected":false},"featured_media":16418,"comment_status":"open","ping_status":"closed","template":"","meta":{"_acf_changed":false},"product_brand":[],"product_cat":[219,227],"product_tag":[],"class_list":{"0":"post-16416","1":"product","2":"type-product","3":"status-publish","4":"has-post-thumbnail","6":"product_cat-instalaciones-de-trampolin-elastico","7":"product_cat-trampolines-laterales","9":"first","10":"instock","11":"taxable","12":"shipping-taxable","13":"purchasable","14":"product-type-simple"},"acf":[],"_links":{"self":[{"href":"https:\/\/freizeit-technik.de\/es\/wp-json\/wp\/v2\/product\/16416","targetHints":{"allow":["GET"]}}],"collection":[{"href":"https:\/\/freizeit-technik.de\/es\/wp-json\/wp\/v2\/product"}],"about":[{"href":"https:\/\/freizeit-technik.de\/es\/wp-json\/wp\/v2\/types\/product"}],"replies":[{"embeddable":true,"href":"https:\/\/freizeit-technik.de\/es\/wp-json\/wp\/v2\/comments?post=16416"}],"wp:featuredmedia":[{"embeddable":true,"href":"https:\/\/freizeit-technik.de\/es\/wp-json\/wp\/v2\/media\/16418"}],"wp:attachment":[{"href":"https:\/\/freizeit-technik.de\/es\/wp-json\/wp\/v2\/media?parent=16416"}],"wp:term":[{"taxonomy":"product_brand","embeddable":true,"href":"https:\/\/freizeit-technik.de\/es\/wp-json\/wp\/v2\/product_brand?post=16416"},{"taxonomy":"product_cat","embeddable":true,"href":"https:\/\/freizeit-technik.de\/es\/wp-json\/wp\/v2\/product_cat?post=16416"},{"taxonomy":"product_tag","embeddable":true,"href":"https:\/\/freizeit-technik.de\/es\/wp-json\/wp\/v2\/product_tag?post=16416"}],"curies":[{"name":"wp","href":"https:\/\/api.w.org\/{rel}","templated":true}]}}