{"id":16498,"date":"2026-02-05T19:36:41","date_gmt":"2026-02-05T18:36:41","guid":{"rendered":"https:\/\/freizeit-technik.de\/shop\/oferta-especial-almohadilla-de-armazon-para-una-cama-elastica-redonda-proline-de-10-diametro-exterior-305-cm-en-color-verde-codigo-pr10\/"},"modified":"2026-05-07T11:30:54","modified_gmt":"2026-05-07T09:30:54","slug":"oferta-especial-almohadilla-de-armazon-para-una-cama-elastica-redonda-proline-de-10-diametro-exterior-305-cm-en-color-verde-codigo-pr10","status":"publish","type":"product","link":"https:\/\/freizeit-technik.de\/es\/shop\/oferta-especial-almohadilla-de-armazon-para-una-cama-elastica-redonda-proline-de-10-diametro-exterior-305-cm-en-color-verde-codigo-pr10\/","title":{"rendered":"Oferta especial: Almohadilla de armaz\u00f3n para una cama el\u00e1stica redonda Proline de 10&#8243;, di\u00e1metro exterior 305 cm en color verde. C\u00f3digo: PR10"},"content":{"rendered":"<p>Pieza \u00fanica, como nueva.<\/p>\n","protected":false},"excerpt":{"rendered":"<p>Pieza \u00fanica, como nueva.<\/p>\n","protected":false},"featured_media":16443,"comment_status":"open","ping_status":"closed","template":"","meta":{"_acf_changed":false},"product_brand":[],"product_cat":[219,227],"product_tag":[],"class_list":{"0":"post-16498","1":"product","2":"type-product","3":"status-publish","4":"has-post-thumbnail","6":"product_cat-instalaciones-de-trampolin-elastico","7":"product_cat-trampolines-laterales","9":"first","10":"instock","11":"taxable","12":"shipping-taxable","13":"purchasable","14":"product-type-simple"},"acf":[],"_links":{"self":[{"href":"https:\/\/freizeit-technik.de\/es\/wp-json\/wp\/v2\/product\/16498","targetHints":{"allow":["GET"]}}],"collection":[{"href":"https:\/\/freizeit-technik.de\/es\/wp-json\/wp\/v2\/product"}],"about":[{"href":"https:\/\/freizeit-technik.de\/es\/wp-json\/wp\/v2\/types\/product"}],"replies":[{"embeddable":true,"href":"https:\/\/freizeit-technik.de\/es\/wp-json\/wp\/v2\/comments?post=16498"}],"wp:featuredmedia":[{"embeddable":true,"href":"https:\/\/freizeit-technik.de\/es\/wp-json\/wp\/v2\/media\/16443"}],"wp:attachment":[{"href":"https:\/\/freizeit-technik.de\/es\/wp-json\/wp\/v2\/media?parent=16498"}],"wp:term":[{"taxonomy":"product_brand","embeddable":true,"href":"https:\/\/freizeit-technik.de\/es\/wp-json\/wp\/v2\/product_brand?post=16498"},{"taxonomy":"product_cat","embeddable":true,"href":"https:\/\/freizeit-technik.de\/es\/wp-json\/wp\/v2\/product_cat?post=16498"},{"taxonomy":"product_tag","embeddable":true,"href":"https:\/\/freizeit-technik.de\/es\/wp-json\/wp\/v2\/product_tag?post=16498"}],"curies":[{"name":"wp","href":"https:\/\/api.w.org\/{rel}","templated":true}]}}