{"id":16513,"date":"2026-02-03T19:53:53","date_gmt":"2026-02-03T18:53:53","guid":{"rendered":"https:\/\/freizeit-technik.de\/shop\/oferta-especial-4-almohadillas-de-armazon-para-una-cama-elastica-redonda-proline-de-12-diametro-exterior-de-365-cm-en-color-verde-codigo-pr12-4\/"},"modified":"2026-05-07T11:31:04","modified_gmt":"2026-05-07T09:31:04","slug":"oferta-especial-4-almohadillas-de-armazon-para-una-cama-elastica-redonda-proline-de-12-diametro-exterior-de-365-cm-en-color-verde-codigo-pr12-4","status":"publish","type":"product","link":"https:\/\/freizeit-technik.de\/es\/shop\/oferta-especial-4-almohadillas-de-armazon-para-una-cama-elastica-redonda-proline-de-12-diametro-exterior-de-365-cm-en-color-verde-codigo-pr12-4\/","title":{"rendered":"Oferta especial: 4 almohadillas de armaz\u00f3n para una cama el\u00e1stica redonda Proline de 12&#8243;, di\u00e1metro exterior de 365 cm en color verde. C\u00f3digo: PR12-4"},"content":{"rendered":"<p>4 almohadillas para bastidor Proline 12&#8243;, 365 cm. Como nuevos. Tambi\u00e9n adecuados para las camas el\u00e1sticas Jumpfree Exclusive 12&#8243;, Jumpfree Royal 12&#8243; y Jumpking Airborne 12&#8243;.  <\/p>\n<p>Como nuevo: s\u00f3lo se ha sacado del embalaje original y se ha vuelto a embalar.<\/p>\n","protected":false},"excerpt":{"rendered":"<p>4 almohadillas para bastidor Proline 12&#8243;, 365 cm. Como nuevos. Tambi\u00e9n adecuados para las camas el\u00e1sticas Jumpfree Exclusive 12&#8243;, Jumpfree Royal 12&#8243; y Jumpking Airborne 12&#8243;. Como nuevo: s\u00f3lo se ha sacado del embalaje original y se ha vuelto a embalar.<\/p>\n","protected":false},"featured_media":16516,"comment_status":"open","ping_status":"closed","template":"","meta":{"_acf_changed":false},"product_brand":[],"product_cat":[219,227],"product_tag":[],"class_list":{"0":"post-16513","1":"product","2":"type-product","3":"status-publish","4":"has-post-thumbnail","6":"product_cat-instalaciones-de-trampolin-elastico","7":"product_cat-trampolines-laterales","9":"first","10":"instock","11":"taxable","12":"shipping-taxable","13":"purchasable","14":"product-type-simple"},"acf":[],"_links":{"self":[{"href":"https:\/\/freizeit-technik.de\/es\/wp-json\/wp\/v2\/product\/16513","targetHints":{"allow":["GET"]}}],"collection":[{"href":"https:\/\/freizeit-technik.de\/es\/wp-json\/wp\/v2\/product"}],"about":[{"href":"https:\/\/freizeit-technik.de\/es\/wp-json\/wp\/v2\/types\/product"}],"replies":[{"embeddable":true,"href":"https:\/\/freizeit-technik.de\/es\/wp-json\/wp\/v2\/comments?post=16513"}],"wp:featuredmedia":[{"embeddable":true,"href":"https:\/\/freizeit-technik.de\/es\/wp-json\/wp\/v2\/media\/16516"}],"wp:attachment":[{"href":"https:\/\/freizeit-technik.de\/es\/wp-json\/wp\/v2\/media?parent=16513"}],"wp:term":[{"taxonomy":"product_brand","embeddable":true,"href":"https:\/\/freizeit-technik.de\/es\/wp-json\/wp\/v2\/product_brand?post=16513"},{"taxonomy":"product_cat","embeddable":true,"href":"https:\/\/freizeit-technik.de\/es\/wp-json\/wp\/v2\/product_cat?post=16513"},{"taxonomy":"product_tag","embeddable":true,"href":"https:\/\/freizeit-technik.de\/es\/wp-json\/wp\/v2\/product_tag?post=16513"}],"curies":[{"name":"wp","href":"https:\/\/api.w.org\/{rel}","templated":true}]}}