{"id":16541,"date":"2026-01-30T21:49:42","date_gmt":"2026-01-30T20:49:42","guid":{"rendered":"https:\/\/freizeit-technik.de\/shop\/oferta-especial-estera-de-salto-de-produccion-estadounidense-para-14-jumpfree-jumpking-con-104-muelles-codigo-jf14_104-2\/"},"modified":"2026-05-07T11:31:22","modified_gmt":"2026-05-07T09:31:22","slug":"oferta-especial-estera-de-salto-de-produccion-estadounidense-para-14-jumpfree-jumpking-con-104-muelles-codigo-jf14_104-2","status":"publish","type":"product","link":"https:\/\/freizeit-technik.de\/es\/shop\/oferta-especial-estera-de-salto-de-produccion-estadounidense-para-14-jumpfree-jumpking-con-104-muelles-codigo-jf14_104-2\/","title":{"rendered":"Oferta especial: Estera de salto de producci\u00f3n estadounidense para 14 &#8220;Jumpfree\/Jumpking con 104 muelles. C\u00f3digo: JF14_104-2"},"content":{"rendered":"<p><span class=\"tx-ttproducts-pi1-wrap2\"><strong>Tama\u00f1o: para 14&#8243;<br \/>\nPeso: 5 kg<br \/>\nTama\u00f1o del paquete: 47 x 40 x 12 cm<\/strong><strong><br \/>\n<\/strong><\/span><\/p>\n<p>&nbsp;<\/p>\n","protected":false},"excerpt":{"rendered":"<p>Estera de salto est\u00e1ndar de PP adecuada para Jumpfree de 14&#8243;, Jumpking y todas las dem\u00e1s camas el\u00e1sticas de 14&#8243; a las que se puedan acoplar <strong>104 muelles<\/strong>.<br \/>\nAlta calidad.<\/p>\n","protected":false},"featured_media":16529,"comment_status":"open","ping_status":"closed","template":"","meta":{"_acf_changed":false},"product_brand":[],"product_cat":[219,227],"product_tag":[],"class_list":{"0":"post-16541","1":"product","2":"type-product","3":"status-publish","4":"has-post-thumbnail","6":"product_cat-instalaciones-de-trampolin-elastico","7":"product_cat-trampolines-laterales","9":"first","10":"instock","11":"taxable","12":"shipping-taxable","13":"purchasable","14":"product-type-simple"},"acf":[],"_links":{"self":[{"href":"https:\/\/freizeit-technik.de\/es\/wp-json\/wp\/v2\/product\/16541","targetHints":{"allow":["GET"]}}],"collection":[{"href":"https:\/\/freizeit-technik.de\/es\/wp-json\/wp\/v2\/product"}],"about":[{"href":"https:\/\/freizeit-technik.de\/es\/wp-json\/wp\/v2\/types\/product"}],"replies":[{"embeddable":true,"href":"https:\/\/freizeit-technik.de\/es\/wp-json\/wp\/v2\/comments?post=16541"}],"wp:featuredmedia":[{"embeddable":true,"href":"https:\/\/freizeit-technik.de\/es\/wp-json\/wp\/v2\/media\/16529"}],"wp:attachment":[{"href":"https:\/\/freizeit-technik.de\/es\/wp-json\/wp\/v2\/media?parent=16541"}],"wp:term":[{"taxonomy":"product_brand","embeddable":true,"href":"https:\/\/freizeit-technik.de\/es\/wp-json\/wp\/v2\/product_brand?post=16541"},{"taxonomy":"product_cat","embeddable":true,"href":"https:\/\/freizeit-technik.de\/es\/wp-json\/wp\/v2\/product_cat?post=16541"},{"taxonomy":"product_tag","embeddable":true,"href":"https:\/\/freizeit-technik.de\/es\/wp-json\/wp\/v2\/product_tag?post=16541"}],"curies":[{"name":"wp","href":"https:\/\/api.w.org\/{rel}","templated":true}]}}