{"id":16577,"date":"2018-08-22T15:49:26","date_gmt":"2018-08-22T13:49:26","guid":{"rendered":"https:\/\/freizeit-technik.de\/shop\/inserto-de-tapiceria\/"},"modified":"2026-05-07T12:14:47","modified_gmt":"2026-05-07T10:14:47","slug":"inserto-de-tapiceria","status":"publish","type":"product","link":"https:\/\/freizeit-technik.de\/es\/shop\/inserto-de-tapiceria\/","title":{"rendered":"Inserto de tapicer\u00eda"},"content":{"rendered":"","protected":false},"excerpt":{"rendered":"<p>Inserto de coj\u00edn para puntos de cruce del sistema de cojines tipo 2 (parque de camas el\u00e1sticas)<\/p>\n","protected":false},"featured_media":16578,"comment_status":"open","ping_status":"closed","template":"","meta":{"_acf_changed":false},"product_brand":[],"product_cat":[339],"product_tag":[],"class_list":{"0":"post-16577","1":"product","2":"type-product","3":"status-publish","4":"has-post-thumbnail","6":"product_cat-cojin-para-parque-de-camas-elasticas-t2","8":"first","9":"instock","10":"taxable","11":"shipping-taxable","12":"purchasable","13":"product-type-variable","14":"has-default-attributes"},"acf":[],"_links":{"self":[{"href":"https:\/\/freizeit-technik.de\/es\/wp-json\/wp\/v2\/product\/16577","targetHints":{"allow":["GET"]}}],"collection":[{"href":"https:\/\/freizeit-technik.de\/es\/wp-json\/wp\/v2\/product"}],"about":[{"href":"https:\/\/freizeit-technik.de\/es\/wp-json\/wp\/v2\/types\/product"}],"replies":[{"embeddable":true,"href":"https:\/\/freizeit-technik.de\/es\/wp-json\/wp\/v2\/comments?post=16577"}],"wp:featuredmedia":[{"embeddable":true,"href":"https:\/\/freizeit-technik.de\/es\/wp-json\/wp\/v2\/media\/16578"}],"wp:attachment":[{"href":"https:\/\/freizeit-technik.de\/es\/wp-json\/wp\/v2\/media?parent=16577"}],"wp:term":[{"taxonomy":"product_brand","embeddable":true,"href":"https:\/\/freizeit-technik.de\/es\/wp-json\/wp\/v2\/product_brand?post=16577"},{"taxonomy":"product_cat","embeddable":true,"href":"https:\/\/freizeit-technik.de\/es\/wp-json\/wp\/v2\/product_cat?post=16577"},{"taxonomy":"product_tag","embeddable":true,"href":"https:\/\/freizeit-technik.de\/es\/wp-json\/wp\/v2\/product_tag?post=16577"}],"curies":[{"name":"wp","href":"https:\/\/api.w.org\/{rel}","templated":true}]}}