{"id":16659,"date":"2020-04-22T14:34:41","date_gmt":"2020-04-22T12:34:41","guid":{"rendered":"https:\/\/freizeit-technik.de\/shop\/trampolin-de-jardin-proline-de-10-300\/"},"modified":"2026-05-11T11:05:23","modified_gmt":"2026-05-11T09:05:23","slug":"trampolin-de-jardin-proline-de-10-300","status":"publish","type":"product","link":"https:\/\/freizeit-technik.de\/es\/shop\/trampolin-de-jardin-proline-de-10-300\/","title":{"rendered":"Trampol\u00edn de jard\u00edn Proline de 10&#8221; (3,00)"},"content":{"rendered":"<p><span class=\"tx-ttproducts-pi1-wrap2\"><strong><img loading=\"lazy\" decoding=\"async\" src=\"http:\/\/shop.freizeit-technik.de\/images\/content\/tuevgs.jpg\" alt=\"\" width=\"70\" height=\"32\" align=\"absMiddle\"><\/strong><\/span><\/p>\n<p><strong>Di\u00e1metro: 3,00 m<br \/>\nPeso: 60 kg<br \/>\nPeso m\u00e1x. del usuario: 110 kg Peso del usuario: 110 kg<br \/>\nGrosor del tubo: 2 mm<br \/>\nN\u00famero de muelles: 72<br \/>\nColor de la funda del armaz\u00f3n: verde<br \/>\nGrosor del coj\u00edn: 25 mm<br \/>\nCertificaci\u00f3n: T\u00dcV\/GS<br \/>\nTama\u00f1o del paquete: 153 x 60 x 25 cm <\/strong><\/p>\n<p><img loading=\"lazy\" decoding=\"async\" class=\"size-full wp-image-688 alignleft\" src=\"https:\/\/freizeit-technik.de\/wp-content\/uploads\/2017\/03\/Q_asia-1.gif\" alt=\"\" width=\"64\" height=\"64\"><img loading=\"lazy\" decoding=\"async\" class=\"size-full wp-image-694 alignleft\" src=\"https:\/\/freizeit-technik.de\/wp-content\/uploads\/2017\/03\/premium_line.gif\" alt=\"\" width=\"119\" height=\"64\"><\/p>\n<p>&nbsp;<\/p>\n","protected":false},"excerpt":{"rendered":"<p>La calidad de las camas el\u00e1sticas de la marca Proline se corresponde en gran medida con la de los productos Jumpfree de alta calidad.<\/p>\n<p><strong>Caracter\u00edstica especial:<\/strong> las camas el\u00e1sticas de la serie Pro-Line tienen una cubierta de marco verde extremadamente robusta, de 25 mm de grosor.<br \/>\n<strong><u>Nota importante:<br \/>\n<\/u><\/strong>Las camas el\u00e1sticas de jard\u00edn Jumpfree Royal y Proline y sus accesorios se clasifican como &#8220;L\u00ednea Premium&#8221; cuando se utilizan en sistemas de cama el\u00e1stica. La calidad de los productos es alta. Sin embargo, estos productos s\u00f3lo son adecuados para uso comercial en combinaci\u00f3n con el sistema el\u00e1stico y en ning\u00fan caso sustituyen a un sistema de cama el\u00e1stica profesional (por ejemplo, Multitramp). Estos productos no est\u00e1n dise\u00f1ados para ese uso.   <\/p>\n","protected":false},"featured_media":16661,"comment_status":"open","ping_status":"closed","template":"","meta":{"_acf_changed":false},"product_brand":[],"product_cat":[219,227],"product_tag":[],"class_list":{"0":"post-16659","1":"product","2":"type-product","3":"status-publish","4":"has-post-thumbnail","6":"product_cat-instalaciones-de-trampolin-elastico","7":"product_cat-trampolines-laterales","9":"first","10":"instock","11":"taxable","12":"shipping-taxable","13":"purchasable","14":"product-type-simple"},"acf":[],"_links":{"self":[{"href":"https:\/\/freizeit-technik.de\/es\/wp-json\/wp\/v2\/product\/16659","targetHints":{"allow":["GET"]}}],"collection":[{"href":"https:\/\/freizeit-technik.de\/es\/wp-json\/wp\/v2\/product"}],"about":[{"href":"https:\/\/freizeit-technik.de\/es\/wp-json\/wp\/v2\/types\/product"}],"replies":[{"embeddable":true,"href":"https:\/\/freizeit-technik.de\/es\/wp-json\/wp\/v2\/comments?post=16659"}],"wp:featuredmedia":[{"embeddable":true,"href":"https:\/\/freizeit-technik.de\/es\/wp-json\/wp\/v2\/media\/16661"}],"wp:attachment":[{"href":"https:\/\/freizeit-technik.de\/es\/wp-json\/wp\/v2\/media?parent=16659"}],"wp:term":[{"taxonomy":"product_brand","embeddable":true,"href":"https:\/\/freizeit-technik.de\/es\/wp-json\/wp\/v2\/product_brand?post=16659"},{"taxonomy":"product_cat","embeddable":true,"href":"https:\/\/freizeit-technik.de\/es\/wp-json\/wp\/v2\/product_cat?post=16659"},{"taxonomy":"product_tag","embeddable":true,"href":"https:\/\/freizeit-technik.de\/es\/wp-json\/wp\/v2\/product_tag?post=16659"}],"curies":[{"name":"wp","href":"https:\/\/api.w.org\/{rel}","templated":true}]}}