{"id":16713,"date":"2020-04-19T15:09:49","date_gmt":"2020-04-19T13:09:49","guid":{"rendered":"https:\/\/freizeit-technik.de\/?post_type=product&#038;p=16713"},"modified":"2026-05-11T11:05:27","modified_gmt":"2026-05-11T09:05:27","slug":"trampolin-neumatico-talla-1","status":"publish","type":"product","link":"https:\/\/freizeit-technik.de\/es\/shop\/trampolin-neumatico-talla-1\/","title":{"rendered":"Trampol\u00edn neum\u00e1tico talla 1"},"content":{"rendered":"<p><strong>Dimensiones:<br \/>\n132&#8243; x 113&#8243; x 25&#8243;<br \/>\n335,28 x 287,02 x 63,5cm<\/strong><\/p>\n<p><span class=\"tx-ttproducts-pi1-wrap2\"><strong>Peso: 24,50 kg<br \/>\nTama\u00f1o del paquete: 52 x 52 x 21 cm<br \/>\nColor: amarillo<br \/>\nCertificaci\u00f3n: CE<\/strong><\/span><\/p>\n<p><img loading=\"lazy\" decoding=\"async\" class=\"size-full wp-image-690 alignleft\" src=\"https:\/\/freizeit-technik.de\/wp-content\/uploads\/2017\/03\/empfehlung.gif\" alt=\"\" width=\"198\" height=\"64\"><img loading=\"lazy\" decoding=\"async\" class=\"size-full wp-image-688 alignleft\" src=\"https:\/\/freizeit-technik.de\/wp-content\/uploads\/2017\/03\/Q_asia-1.gif\" alt=\"\" width=\"64\" height=\"64\"><img loading=\"lazy\" decoding=\"async\" class=\"size-full wp-image-694 alignleft\" src=\"https:\/\/freizeit-technik.de\/wp-content\/uploads\/2017\/03\/premium_line.gif\" alt=\"\" width=\"119\" height=\"64\"><img loading=\"lazy\" decoding=\"async\" class=\"size-full wp-image-448 alignleft\" src=\"https:\/\/freizeit-technik.de\/wp-content\/uploads\/2017\/02\/exclusively_JS.gif\" alt=\"\" width=\"119\" height=\"64\"><\/p>\n","protected":false},"excerpt":{"rendered":"<p><span class=\"tx-ttproducts-pi1-wrap2\">La cama el\u00e1stica de aire se infla en pocos minutos con un soplador. Despu\u00e9s retiene el aire de forma fiable. La misma tecnolog\u00eda se utiliza tambi\u00e9n en la n\u00e1utica profesional. El trampol\u00edn de aire tiene una aut\u00e9ntica colchoneta de salto.<br \/>\nCuando est\u00e1 correctamente inflado, proporciona un sorprendente efecto de muelle sin limitar la altura de salto cuando se utiliza en sistemas de trampol\u00edn el\u00e1stico. La calidad es convincente y lleva m\u00e1s de 10 a\u00f1os demostr\u00e1ndolo. Las reparaciones menores pueden realizarse sin problemas con el kit suministrado.<br \/>\nLas reducidas dimensiones del embalaje y su bajo peso la convierten en una soluci\u00f3n excelente para los sistemas de cama el\u00e1stica el\u00e1stica de uso m\u00f3vil, ahorrando una cantidad considerable de tiempo durante el montaje y desmontaje.<\/span><br \/>\nComo las camas el\u00e1sticas de aire pueden desinflarse antes y despu\u00e9s de cada d\u00eda de uso, los da\u00f1os a la propiedad tampoco son un problema.<\/p>\n<p><strong>\u00a1Una clara recomendaci\u00f3n por nuestra parte!<\/strong><\/p>\n","protected":false},"featured_media":16714,"comment_status":"open","ping_status":"closed","template":"","meta":{"_acf_changed":false},"product_brand":[],"product_cat":[219,227],"product_tag":[],"class_list":{"0":"post-16713","1":"product","2":"type-product","3":"status-publish","4":"has-post-thumbnail","6":"product_cat-instalaciones-de-trampolin-elastico","7":"product_cat-trampolines-laterales","9":"first","10":"instock","11":"taxable","12":"shipping-taxable","13":"purchasable","14":"product-type-variable"},"acf":[],"_links":{"self":[{"href":"https:\/\/freizeit-technik.de\/es\/wp-json\/wp\/v2\/product\/16713","targetHints":{"allow":["GET"]}}],"collection":[{"href":"https:\/\/freizeit-technik.de\/es\/wp-json\/wp\/v2\/product"}],"about":[{"href":"https:\/\/freizeit-technik.de\/es\/wp-json\/wp\/v2\/types\/product"}],"replies":[{"embeddable":true,"href":"https:\/\/freizeit-technik.de\/es\/wp-json\/wp\/v2\/comments?post=16713"}],"wp:featuredmedia":[{"embeddable":true,"href":"https:\/\/freizeit-technik.de\/es\/wp-json\/wp\/v2\/media\/16714"}],"wp:attachment":[{"href":"https:\/\/freizeit-technik.de\/es\/wp-json\/wp\/v2\/media?parent=16713"}],"wp:term":[{"taxonomy":"product_brand","embeddable":true,"href":"https:\/\/freizeit-technik.de\/es\/wp-json\/wp\/v2\/product_brand?post=16713"},{"taxonomy":"product_cat","embeddable":true,"href":"https:\/\/freizeit-technik.de\/es\/wp-json\/wp\/v2\/product_cat?post=16713"},{"taxonomy":"product_tag","embeddable":true,"href":"https:\/\/freizeit-technik.de\/es\/wp-json\/wp\/v2\/product_tag?post=16713"}],"curies":[{"name":"wp","href":"https:\/\/api.w.org\/{rel}","templated":true}]}}