{"id":16814,"date":"2017-07-31T15:06:49","date_gmt":"2017-07-31T13:06:49","guid":{"rendered":"https:\/\/freizeit-technik.de\/shop\/elasticos-expansores-tipo-2-10-kg-por-metro\/"},"modified":"2026-05-11T11:15:40","modified_gmt":"2026-05-11T09:15:40","slug":"elasticos-expansores-tipo-2-10-kg-por-metro","status":"publish","type":"product","link":"https:\/\/freizeit-technik.de\/es\/shop\/elasticos-expansores-tipo-2-10-kg-por-metro\/","title":{"rendered":"El\u00e1sticos Expansores Tipo 2, 10 kg, por metro"},"content":{"rendered":"<p><strong>Para peso: aprox. 10 kg <\/strong>(peso del saltador cuando se utiliza por ambos lados)<strong><br \/>\nColor: negro o negro-amarillo<br \/>\nLongitud del rollo: 100 m<br \/>\nDin\u00e1mica de salto: +++<br \/>\nDurabilidad: ++++<br \/>\nSeguridad: ++++<\/strong><\/p>\n","protected":false},"excerpt":{"rendered":"<p class=\"bodytext\">Cuerda de goma de 9 mm con doble cubierta negra o negra\/amarilla.<br \/>\nEl doble trenzado en combinaci\u00f3n con un mayor n\u00famero de hilos interiores negros y m\u00e1s finos confiere a estos el\u00e1sticos una vida \u00fatil superior a la media.<br \/>\nLa cubierta exterior est\u00e1 muy suelta. Como consecuencia, se mueve con relativa fuerza durante el funcionamiento y a veces se infla. Sin embargo, la durabilidad de estos el\u00e1sticos es muy buena, ya que la funda exterior proporciona una capa protectora adicional y los hilos interiores de l\u00e1tex siguen protegidos por la segunda funda interior, muy suave. Estas cuerdas el\u00e1sticas ofrecen una excelente relaci\u00f3n calidad-precio y son una muy buena elecci\u00f3n para los operadores que no se preocupan principalmente por una funda exterior perfectamente ajustada.   <\/p>\n<p class=\"bodytext\"><strong>Introduce el n\u00famero deseado de metros lineales en el campo de pedido.<br \/>\nLongitud del rollo = 100 m<\/strong><\/p>\n<p class=\"bodytext\">Si la longitud deseada del cord\u00f3n de goma difiere de la longitud del rollo especificada, cobraremos un recargo por personalizaci\u00f3n de 7,50 euros netos.<\/p>\n","protected":false},"featured_media":16822,"comment_status":"open","ping_status":"closed","template":"","meta":{"_acf_changed":false},"product_brand":[],"product_cat":[347,247,249],"product_tag":[],"class_list":{"0":"post-16814","1":"product","2":"type-product","3":"status-publish","4":"has-post-thumbnail","6":"product_cat-cuerdas-de-goma","7":"product_cat-elasticos-y-cuerdas","8":"product_cat-hazlo-tu-mismo","10":"first","11":"instock","12":"taxable","13":"shipping-taxable","14":"purchasable","15":"product-type-variable"},"acf":[],"_links":{"self":[{"href":"https:\/\/freizeit-technik.de\/es\/wp-json\/wp\/v2\/product\/16814","targetHints":{"allow":["GET"]}}],"collection":[{"href":"https:\/\/freizeit-technik.de\/es\/wp-json\/wp\/v2\/product"}],"about":[{"href":"https:\/\/freizeit-technik.de\/es\/wp-json\/wp\/v2\/types\/product"}],"replies":[{"embeddable":true,"href":"https:\/\/freizeit-technik.de\/es\/wp-json\/wp\/v2\/comments?post=16814"}],"wp:featuredmedia":[{"embeddable":true,"href":"https:\/\/freizeit-technik.de\/es\/wp-json\/wp\/v2\/media\/16822"}],"wp:attachment":[{"href":"https:\/\/freizeit-technik.de\/es\/wp-json\/wp\/v2\/media?parent=16814"}],"wp:term":[{"taxonomy":"product_brand","embeddable":true,"href":"https:\/\/freizeit-technik.de\/es\/wp-json\/wp\/v2\/product_brand?post=16814"},{"taxonomy":"product_cat","embeddable":true,"href":"https:\/\/freizeit-technik.de\/es\/wp-json\/wp\/v2\/product_cat?post=16814"},{"taxonomy":"product_tag","embeddable":true,"href":"https:\/\/freizeit-technik.de\/es\/wp-json\/wp\/v2\/product_tag?post=16814"}],"curies":[{"name":"wp","href":"https:\/\/api.w.org\/{rel}","templated":true}]}}